{"id":7946,"date":"2021-10-14T18:07:16","date_gmt":"2021-10-14T16:07:16","guid":{"rendered":"https:\/\/test.pakpromet.com\/?page_id=7946"},"modified":"2021-10-17T17:16:11","modified_gmt":"2021-10-17T15:16:11","slug":"kuglanje-2019","status":"publish","type":"page","link":"https:\/\/test.pakpromet.com\/index.php\/kuglanje-2019\/","title":{"rendered":"Kuglanje 2019."},"content":{"rendered":"<p>[vc_row][vc_column][vc_column_text]<\/p>\n<h2 style=\"text-align: center;\">Svetsko prvenstvo u kuglanju 2019. god.<\/h2>\n<p>[\/vc_column_text][vc_empty_space][vc_column_text]<\/p>\n<h4>Na Svetskom prvenstvu 2019 godine u \u010ce\u0161kom gradu Rokycani, Mu\u0161ka Seniorska reprezentacija Srbije je peti put postala Svetski prvak a tre\u0107i put uzastopno.<\/h4>\n<h4>PAK PROMET je ponosni sponzor na\u0161ih Zlatnih moma<\/h4>\n<p>[\/vc_column_text][vc_empty_space][vc_images_carousel images=&#8221;7947,7948,7949,7950,7951,7952,7953,7954&#8243; img_size=&#8221;full&#8221; speed=&#8221;2000&#8243; slides_per_view=&#8221;2&#8243; autoplay=&#8221;yes&#8221; hide_pagination_control=&#8221;yes&#8221; wrap=&#8221;yes&#8221;][vc_column_text]<\/p>\n<h2 style=\"text-align: center;\">Svetsko prvenstvo u kuglanju 2019. god.<\/h2>\n<p>[\/vc_column_text][\/vc_column][\/vc_row]<\/p>\n","protected":false},"excerpt":{"rendered":"<p>[vc_row][vc_column][vc_column_text] Svetsko prvenstvo u kuglanju 2019. god. [\/vc_column_text][vc_empty_space][vc_column_text] Na Svetskom prvenstvu 2019 godine u \u010ce\u0161kom gradu Rokycani, Mu\u0161ka Seniorska reprezentacija Srbije je peti put postala Svetski prvak a tre\u0107i put uzastopno. PAK PROMET je ponosni sponzor na\u0161ih Zlatnih moma [\/vc_column_text][vc_empty_space][vc_images_carousel images=&#8221;7947,7948,7949,7950,7951,7952,7953,7954&#8243; img_size=&#8221;full&#8221; speed=&#8221;2000&#8243; slides_per_view=&#8221;2&#8243; autoplay=&#8221;yes&#8221; hide_pagination_control=&#8221;yes&#8221; wrap=&#8221;yes&#8221;][vc_column_text] Svetsko prvenstvo u kuglanju 2019. god. [\/vc_column_text][\/vc_column][\/vc_row]<\/p>\n","protected":false},"author":1,"featured_media":0,"parent":0,"menu_order":0,"comment_status":"closed","ping_status":"closed","template":"","meta":{"footnotes":""},"class_list":["post-7946","page","type-page","status-publish","hentry","no-thumb"],"_links":{"self":[{"href":"https:\/\/test.pakpromet.com\/index.php\/wp-json\/wp\/v2\/pages\/7946","targetHints":{"allow":["GET"]}}],"collection":[{"href":"https:\/\/test.pakpromet.com\/index.php\/wp-json\/wp\/v2\/pages"}],"about":[{"href":"https:\/\/test.pakpromet.com\/index.php\/wp-json\/wp\/v2\/types\/page"}],"author":[{"embeddable":true,"href":"https:\/\/test.pakpromet.com\/index.php\/wp-json\/wp\/v2\/users\/1"}],"replies":[{"embeddable":true,"href":"https:\/\/test.pakpromet.com\/index.php\/wp-json\/wp\/v2\/comments?post=7946"}],"version-history":[{"count":4,"href":"https:\/\/test.pakpromet.com\/index.php\/wp-json\/wp\/v2\/pages\/7946\/revisions"}],"predecessor-version":[{"id":7998,"href":"https:\/\/test.pakpromet.com\/index.php\/wp-json\/wp\/v2\/pages\/7946\/revisions\/7998"}],"wp:attachment":[{"href":"https:\/\/test.pakpromet.com\/index.php\/wp-json\/wp\/v2\/media?parent=7946"}],"curies":[{"name":"wp","href":"https:\/\/api.w.org\/{rel}","templated":true}]}}