{"id":7926,"date":"2021-10-14T17:47:48","date_gmt":"2021-10-14T15:47:48","guid":{"rendered":"https:\/\/test.pakpromet.com\/?page_id=7926"},"modified":"2021-10-17T16:35:41","modified_gmt":"2021-10-17T14:35:41","slug":"kuglanje-2017-god","status":"publish","type":"page","link":"https:\/\/test.pakpromet.com\/index.php\/kuglanje-2017-god\/","title":{"rendered":"Kuglanje 2017."},"content":{"rendered":"<p>[vc_row][vc_column][vc_column_text]<\/p>\n<h2 style=\"text-align: center;\">Svetsko privenstvo u kuglanju 2017. god.<\/h2>\n<p>[\/vc_column_text][vc_empty_space][vc_column_text]<\/p>\n<h4>Na Svetskom prvenstvu 2017 godine u Nema\u010dkom gradu Dettenhajmu, Mu\u0161ka Seniorska reprezentacija Srbije je po \u010detvrti put postala Svetski prvak, a drugi put uzastopno.<\/h4>\n<h4>PAK PROMET je ponosni sponzor na\u0161ih Zlatnih momaka.<\/h4>\n<p>[\/vc_column_text][vc_empty_space][vc_images_carousel images=&#8221;7927,7928,7929,7930,7931,7932,7933,7934&#8243; img_size=&#8221;full&#8221; speed=&#8221;2000&#8243; slides_per_view=&#8221;2&#8243; autoplay=&#8221;yes&#8221; hide_pagination_control=&#8221;yes&#8221; wrap=&#8221;yes&#8221;][\/vc_column][\/vc_row][vc_row][vc_column][\/vc_column][\/vc_row]<\/p>\n","protected":false},"excerpt":{"rendered":"<p>[vc_row][vc_column][vc_column_text] Svetsko privenstvo u kuglanju 2017. god. [\/vc_column_text][vc_empty_space][vc_column_text] Na Svetskom prvenstvu 2017 godine u Nema\u010dkom gradu Dettenhajmu, Mu\u0161ka Seniorska reprezentacija Srbije je po \u010detvrti put postala Svetski prvak, a drugi put uzastopno. PAK PROMET je ponosni sponzor na\u0161ih Zlatnih momaka. [\/vc_column_text][vc_empty_space][vc_images_carousel images=&#8221;7927,7928,7929,7930,7931,7932,7933,7934&#8243; img_size=&#8221;full&#8221; speed=&#8221;2000&#8243; slides_per_view=&#8221;2&#8243; autoplay=&#8221;yes&#8221; hide_pagination_control=&#8221;yes&#8221; wrap=&#8221;yes&#8221;][\/vc_column][\/vc_row][vc_row][vc_column][\/vc_column][\/vc_row]<\/p>\n","protected":false},"author":1,"featured_media":0,"parent":0,"menu_order":0,"comment_status":"closed","ping_status":"closed","template":"","meta":{"footnotes":""},"class_list":["post-7926","page","type-page","status-publish","hentry","no-thumb"],"_links":{"self":[{"href":"https:\/\/test.pakpromet.com\/index.php\/wp-json\/wp\/v2\/pages\/7926","targetHints":{"allow":["GET"]}}],"collection":[{"href":"https:\/\/test.pakpromet.com\/index.php\/wp-json\/wp\/v2\/pages"}],"about":[{"href":"https:\/\/test.pakpromet.com\/index.php\/wp-json\/wp\/v2\/types\/page"}],"author":[{"embeddable":true,"href":"https:\/\/test.pakpromet.com\/index.php\/wp-json\/wp\/v2\/users\/1"}],"replies":[{"embeddable":true,"href":"https:\/\/test.pakpromet.com\/index.php\/wp-json\/wp\/v2\/comments?post=7926"}],"version-history":[{"count":6,"href":"https:\/\/test.pakpromet.com\/index.php\/wp-json\/wp\/v2\/pages\/7926\/revisions"}],"predecessor-version":[{"id":7991,"href":"https:\/\/test.pakpromet.com\/index.php\/wp-json\/wp\/v2\/pages\/7926\/revisions\/7991"}],"wp:attachment":[{"href":"https:\/\/test.pakpromet.com\/index.php\/wp-json\/wp\/v2\/media?parent=7926"}],"curies":[{"name":"wp","href":"https:\/\/api.w.org\/{rel}","templated":true}]}}