{"id":6756,"date":"2021-10-01T07:11:59","date_gmt":"2021-10-01T05:11:59","guid":{"rendered":"https:\/\/test.pakpromet.com\/?page_id=6756"},"modified":"2021-10-14T14:49:15","modified_gmt":"2021-10-14T12:49:15","slug":"monopak-2000-s-up","status":"publish","type":"page","link":"https:\/\/test.pakpromet.com\/index.php\/monopak-2000-s-up\/","title":{"rendered":"MONOPAK 2000 S UP"},"content":{"rendered":"<p>[vc_row][vc_column][vc_column_text]<\/p>\n<h1 style=\"text-align: center;\">MONOPAK 2000 S UP<\/h1>\n<p>[\/vc_column_text][vc_empty_space height=&#8221;50px&#8221;][\/vc_column][\/vc_row][vc_row][vc_column][vc_text_separator title=&#8221;NAMENA MA\u0160INE&#8221; title_align=&#8221;separator_align_left&#8221; border_width=&#8221;6&#8243; el_class=&#8221;bold&#8221;][vc_empty_space][vc_column_text]MONOPAK 2000 S UP je polu automatska ma\u0161ina za ve\u0107 napunjene polistirenske ili polipropilenske posude ( naj\u010de\u0161\u0107e sa belim sirom ili fetom ) u koju se dodatno dozira naj\u010de\u0161\u0107e te\u010dna masa (obi\u010dno salamura). Najmasovniju primenu ova ma\u0161ina ima na linijama za pakovanje kiselo-mle\u010dnih proizvoda, fete i tvrdih sireva, u zapreminama od 0,25 do 1,0 litara.<\/p>\n<p>Prelazak sa jednog pakovanja na drugo traje do 10 (deset) minuta. Koncepcija ma\u0161ine je takva, da se u poluautomatskom ciklusu obavljaju sinhronizovane funkcije: ru\u010dno spu\u0161tanje punih posuda u le\u017ei\u0161te transportne trake, doziranje te\u010dnosti (salamure) sa odmeravanjem, uzimanje aluminijumskih poklopca sa privarivanjem, zavarivanje poklopaca, spu\u0161tanje i nabijanje usko\u010dnih poklopaca i izno\u0161enje na prihvatni sto.<br \/>\nMogu\u0107e su razne opcije \u2013 uzimanje posuda, doziranje komadi\u0107a vo\u0107a.[\/vc_column_text][vc_empty_space][vc_video link=&#8221;https:\/\/youtu.be\/3tpZPlYB8c8&#8243; el_width=&#8221;70&#8243; align=&#8221;center&#8221;][vc_empty_space][vc_text_separator title=&#8221;TEHNI\u010cKI OPIS&#8221; title_align=&#8221;separator_align_left&#8221; border_width=&#8221;6&#8243; el_class=&#8221;bold&#8221;][vc_empty_space][vc_column_text]Ova dvoredna, linijska horizontalna ma\u0161ina radi u taktnom re\u017eimu rada, i prema vrsti pogona i na\u010dinu funkcionisanja predstavlja kombinaciju mehani\u010dkih i pneumatskih mehanizama &#8211; modula. Ma\u0161inu pogoni motoreduktor preko kora\u010dnog reduktora transportera.<\/p>\n<p>Na razdelnom reduktoru se nalazi lan\u010danik sa sigurnosnom \u010divijom, koji \u010duva ma\u0161inu od preoptere\u0107enja. Ulogu me\u0111ufaznog povezivanja svih elemenata ciklusa ma\u0161ine vr\u0161i transporter, koji prenosi posude od jednog mehanizma do drugog, sve do izbaciva\u010da posuda koji ih iznosi na prihvatni sto odakle ih radnik skuplja i odla\u017ee na \u017eeljeno mesto. Postolje ma\u0161ine, za\u0161titne obloge, i ostali elementi koji dolaze u kontakt sa materijom koja se pakuje su izra\u0111eni od ner\u0111aju\u0107eg \u010delika. Doziranje je klipno sa odmeravanjem a napajanje dozatora se vr\u0161i iz posude koja se nalazi na ma\u0161ini.<\/p>\n<p>Uz ma\u0161inu se isporu\u010duje kompletna dokumentacija (upustvo za rukovanje i odr\u017eavanje sa elektro i pneumatskim \u0161emama i uverenjima) kao i komplet rezervnih delova. Ovakvom koncepcijom se dobila visoka pouzdanost i jednostavnost ma\u0161ine, \u0161to se ogleda u lakom odr\u017eavanju i pode\u0161avanju, kao i kratkom vremenu servisiranja.[\/vc_column_text][vc_empty_space][\/vc_column][\/vc_row][vc_row][vc_column width=&#8221;2\/3&#8243;][vc_text_separator title=&#8221;TEHNI\u010cKE KARAKTERISTIKE&#8221; i_icon_fontawesome=&#8221;fas fa-file-alt&#8221; i_color=&#8221;black&#8221; border_width=&#8221;6&#8243; css_animation=&#8221;none&#8221; add_icon=&#8221;true&#8221;][vc_column_text]<\/p>\n<table width=\"564\">\n<tbody>\n<tr>\n<td width=\"282\">&#8211;\u00a0kapacitet ma\u0161ine<\/td>\n<td width=\"282\">Q = 2000\u00a0posuda \/ h<\/td>\n<\/tr>\n<tr>\n<td width=\"282\">&#8211;\u00a0opseg doziranja<\/td>\n<td width=\"282\">0,20 &#8211; 1,00 l<\/td>\n<\/tr>\n<tr>\n<td width=\"282\">&#8211;\u00a0instalisana snaga<\/td>\n<td width=\"282\">Pi = 1,75 kW<\/td>\n<\/tr>\n<tr>\n<td width=\"282\">&#8211;\u00a0nazivni napon<\/td>\n<td width=\"282\">U = 3 \u0445 380 V 50 Hz<\/td>\n<\/tr>\n<tr>\n<td width=\"282\">&#8211;\u00a0nazivni pritisak<\/td>\n<td width=\"282\">P = 6 &#8211; 8 bar<\/td>\n<\/tr>\n<tr>\n<td width=\"282\">&#8211;\u00a0potro\u0161nja vazduha (na 6 bar-a)<\/td>\n<td width=\"282\">250 Nl \/ min<\/td>\n<\/tr>\n<tr>\n<td width=\"282\">&#8211;\u00a0dimenzije ma\u0161ine D x \u0160 x V<\/td>\n<td width=\"282\">3650 x 1200 x 1850\u00a0 mm<\/td>\n<\/tr>\n<tr>\n<td width=\"282\">&#8211;\u00a0masa ma\u0161ine<\/td>\n<td width=\"282\">M =\u00a01120 Kg<\/td>\n<\/tr>\n<tr>\n<td width=\"282\">&#8211;\u00a0pre\u010dnik venca \u010da\u0161e za termovar<\/td>\n<td width=\"282\">D =\u00a0po uzorku kupca<\/td>\n<\/tr>\n<\/tbody>\n<\/table>\n<p>[\/vc_column_text][\/vc_column][vc_column width=&#8221;1\/3&#8243;][vc_text_separator title=&#8221;TEHNI\u010cKA DOKUMENTACIJA&#8221; i_icon_fontawesome=&#8221;fas fa-file-pdf&#8221; i_color=&#8221;pink&#8221; border_width=&#8221;6&#8243; add_icon=&#8221;true&#8221;][vc_message message_box_color=&#8221;green&#8221; icon_fontawesome=&#8221;far fa-file-pdf&#8221;]<a href=\"https:\/\/test.pakpromet.com\/wp-content\/uploads\/2021\/10\/MONOPAK-2000-S-UP-1L.pdf\">Preuzmite bro\u0161uru<\/a>[\/vc_message][\/vc_column][\/vc_row][vc_row][vc_column][vc_empty_space][vc_images_carousel images=&#8221;7901,7902,7903,7904,7905,7906,7907,7908,7909,7910,7911&#8243; img_size=&#8221;full&#8221; speed=&#8221;2000&#8243; slides_per_view=&#8221;2&#8243; autoplay=&#8221;yes&#8221; hide_pagination_control=&#8221;yes&#8221; hide_prev_next_buttons=&#8221;yes&#8221; wrap=&#8221;yes&#8221;][\/vc_column][\/vc_row]<\/p>\n","protected":false},"excerpt":{"rendered":"<p>[vc_row][vc_column][vc_column_text] MONOPAK 2000 S UP [\/vc_column_text][vc_empty_space height=&#8221;50px&#8221;][\/vc_column][\/vc_row][vc_row][vc_column][vc_text_separator title=&#8221;NAMENA MA\u0160INE&#8221; title_align=&#8221;separator_align_left&#8221; border_width=&#8221;6&#8243; el_class=&#8221;bold&#8221;][vc_empty_space][vc_column_text]MONOPAK 2000 S UP je polu automatska ma\u0161ina za ve\u0107 napunjene polistirenske ili polipropilenske posude ( naj\u010de\u0161\u0107e sa belim sirom ili fetom ) u koju se dodatno dozira naj\u010de\u0161\u0107e te\u010dna masa (obi\u010dno salamura). Najmasovniju primenu ova ma\u0161ina ima na linijama za pakovanje kiselo-mle\u010dnih proizvoda, [&hellip;]<\/p>\n","protected":false},"author":1,"featured_media":0,"parent":0,"menu_order":0,"comment_status":"closed","ping_status":"closed","template":"","meta":{"footnotes":""},"class_list":["post-6756","page","type-page","status-publish","hentry","no-thumb"],"_links":{"self":[{"href":"https:\/\/test.pakpromet.com\/index.php\/wp-json\/wp\/v2\/pages\/6756","targetHints":{"allow":["GET"]}}],"collection":[{"href":"https:\/\/test.pakpromet.com\/index.php\/wp-json\/wp\/v2\/pages"}],"about":[{"href":"https:\/\/test.pakpromet.com\/index.php\/wp-json\/wp\/v2\/types\/page"}],"author":[{"embeddable":true,"href":"https:\/\/test.pakpromet.com\/index.php\/wp-json\/wp\/v2\/users\/1"}],"replies":[{"embeddable":true,"href":"https:\/\/test.pakpromet.com\/index.php\/wp-json\/wp\/v2\/comments?post=6756"}],"version-history":[{"count":11,"href":"https:\/\/test.pakpromet.com\/index.php\/wp-json\/wp\/v2\/pages\/6756\/revisions"}],"predecessor-version":[{"id":7913,"href":"https:\/\/test.pakpromet.com\/index.php\/wp-json\/wp\/v2\/pages\/6756\/revisions\/7913"}],"wp:attachment":[{"href":"https:\/\/test.pakpromet.com\/index.php\/wp-json\/wp\/v2\/media?parent=6756"}],"curies":[{"name":"wp","href":"https:\/\/api.w.org\/{rel}","templated":true}]}}