{"id":5640,"date":"2021-07-26T19:21:59","date_gmt":"2021-07-26T17:21:59","guid":{"rendered":"https:\/\/test.pakpromet.com\/?page_id=5640"},"modified":"2021-10-14T14:43:12","modified_gmt":"2021-10-14T12:43:12","slug":"blok-1500-12000-2","status":"publish","type":"page","link":"https:\/\/test.pakpromet.com\/index.php\/blok-1500-12000-2\/","title":{"rendered":"Blok 1500 &#8211; 12000"},"content":{"rendered":"<p>[vc_row][vc_column][vc_column_text]<\/p>\n<h2 style=\"text-align: center;\"><strong>AUTOMATSKA LINIJA BLOK 1500 &#8211; 12000<\/strong><\/h2>\n<p>[\/vc_column_text][vc_separator color=&#8221;blue&#8221;][vc_row_inner][vc_column_inner][vc_raw_html el_class=&#8221;video-responsive&#8221; css=&#8221;.vc_custom_1633510890647{margin-top: 50px !important;}&#8221;]JTNDZGl2JTIwY2xhc3MlM0QlMjJ2aWRlby1yZXNwb25zaXZlJTIyJTNFJTBBJTNDaWZyYW1lJTIwd2lkdGglM0QxMDAlMjUlMjBoZWlnaHQlM0QlMjIxMDAlMjUlMjIlMjBzcmMlM0QlMjJodHRwcyUzQSUyRiUyRnd3dy55b3V0dWJlLmNvbSUyRmVtYmVkJTJGVkptdWNJbnFhS3MlM0YlMjZhdXRvcGxheSUzRDElMjZtdXRlJTNEMSUyNmxvb3AlM0QxJTI2cGxheWxpc3QlM0RWSm11Y0lucWFLcyUyMiUyMHRpdGxlJTNEJTIyWW91VHViZSUyMHZpZGVvJTIwcGxheWVyJTIyJTIwZnJhbWVib3JkZXIlM0QlMjIwJTIyJTIwYWxsb3clM0QlMjJhY2NlbGVyb21ldGVyJTNCJTIwY2xpcGJvYXJkLXdyaXRlJTNCJTIwZW5jcnlwdGVkLW1lZGlhJTNCJTIwZ3lyb3Njb3BlJTNCJTIwcGljdHVyZS1pbi1waWN0dXJlJTIyJTIwYWxsb3dmdWxsc2NyZWVuJTNFJTNDJTJGaWZyYW1lJTNFJTBBJTNDJTJGZGl2JTNF[\/vc_raw_html][vc_empty_space][\/vc_column_inner][\/vc_row_inner][\/vc_column][\/vc_row][vc_row][vc_column width=&#8221;1\/2&#8243;][vc_empty_space][vc_column_text]<strong><a href=\"https:\/\/test.pakpromet.com\/index.php\/perpak-3000\/\">PERPAK 3000 &#8211; 12000<\/a> &#8211;<\/strong> ma\u0161ina za dezinfekciju boca. PERPAK 1500 &#8211; 12000 namenjen je za ispiranje PET boca sa \u0161irokim grlom i navojnim zatvara\u010dem zapremine od 0,25 do 2,00 litara. Proizvodi se u kapacitetima od 1500 &#8211; 12000 boca na sat.[\/vc_column_text][vc_empty_space][\/vc_column][vc_column width=&#8221;1\/2&#8243;][vc_empty_space][vc_video link=&#8221;https:\/\/youtu.be\/IRpHJopoamk&#8221;][vc_empty_space][\/vc_column][\/vc_row][vc_row][vc_column width=&#8221;1\/2&#8243;][vc_empty_space][vc_column_text]<a href=\"https:\/\/test.pakpromet.com\/index.php\/sebopak-1500-9000\/\"><strong>SEBOPAK PUNILICA 1500 &#8211; 12000<\/strong><\/a> masina za punjenje boca. Punjenje je floumetrisko \u0161to obezbe\u0111uje veliku ta\u010dnost doziranja. Floumetrijskim sistemom je mogu\u0107e dozirati i jogurt sa par\u010di\u0107ima vo\u0107a. Kru\u017eni punja\u010d je snabdeven dava\u010dem za kontrolu nivoa te\u010dnosti u sudu, regulaciom dotoka te\u010dnosti i automatskim sistemom za pranje ma\u0161ine. Dozirni sistem se pere iznutra i spolja a sistem fal\u0161 boce obezbe\u0111uje da nema nepotrebnog prskanja CIP sredstva po ma\u0161ini[\/vc_column_text][vc_empty_space][\/vc_column][vc_column width=&#8221;1\/2&#8243;][vc_empty_space][vc_video link=&#8221;https:\/\/youtu.be\/1A5eChoQz_I&#8221; align=&#8221;center&#8221;][vc_empty_space][\/vc_column][\/vc_row][vc_row][vc_column width=&#8221;1\/2&#8243;][vc_empty_space][vc_column_text]<a href=\"https:\/\/test.pakpromet.com\/index.php\/sebopak-1500-9000\/\"><strong>SEBOPAK ZATVARA\u010cICA 1500 &#8211; 12000<\/strong><\/a> masina za zatvaranje boca. Drugi deo je zatvara\u010dica koja ima svoj selektor \u010depova, sistem za nabacivanje \u010depa na bocu i zavijanje do pode\u0161enog momenta, neophodnog da bi boca bila propisno zatvorena. Senzor prisutnosti boce kontroli\u0161e ispu\u0161tanje poklopaca samo kada je boca prisutna.[\/vc_column_text][vc_empty_space][\/vc_column][vc_column width=&#8221;1\/2&#8243;][vc_empty_space][vc_video link=&#8221;https:\/\/youtu.be\/QWeFCCUjiS0&#8243; align=&#8221;center&#8221;][vc_empty_space][\/vc_column][\/vc_row][vc_row][vc_column][\/vc_column][\/vc_row][vc_row][vc_column][vc_empty_space][vc_images_carousel images=&#8221;7890,7891,7892,7893,7894,7895,7896,7897,7898,7899&#8243; img_size=&#8221;full&#8221; speed=&#8221;2000&#8243; slides_per_view=&#8221;2&#8243; autoplay=&#8221;yes&#8221; hide_pagination_control=&#8221;yes&#8221; wrap=&#8221;yes&#8221;][\/vc_column][\/vc_row]<\/p>\n","protected":false},"excerpt":{"rendered":"<p>[vc_row][vc_column][vc_column_text] AUTOMATSKA LINIJA BLOK 1500 &#8211; 12000 [\/vc_column_text][vc_separator color=&#8221;blue&#8221;][vc_row_inner][vc_column_inner][vc_raw_html el_class=&#8221;video-responsive&#8221; css=&#8221;.vc_custom_1633510890647{margin-top: 50px !important;}&#8221;]JTNDZGl2JTIwY2xhc3MlM0QlMjJ2aWRlby1yZXNwb25zaXZlJTIyJTNFJTBBJTNDaWZyYW1lJTIwd2lkdGglM0QxMDAlMjUlMjBoZWlnaHQlM0QlMjIxMDAlMjUlMjIlMjBzcmMlM0QlMjJodHRwcyUzQSUyRiUyRnd3dy55b3V0dWJlLmNvbSUyRmVtYmVkJTJGVkptdWNJbnFhS3MlM0YlMjZhdXRvcGxheSUzRDElMjZtdXRlJTNEMSUyNmxvb3AlM0QxJTI2cGxheWxpc3QlM0RWSm11Y0lucWFLcyUyMiUyMHRpdGxlJTNEJTIyWW91VHViZSUyMHZpZGVvJTIwcGxheWVyJTIyJTIwZnJhbWVib3JkZXIlM0QlMjIwJTIyJTIwYWxsb3clM0QlMjJhY2NlbGVyb21ldGVyJTNCJTIwY2xpcGJvYXJkLXdyaXRlJTNCJTIwZW5jcnlwdGVkLW1lZGlhJTNCJTIwZ3lyb3Njb3BlJTNCJTIwcGljdHVyZS1pbi1waWN0dXJlJTIyJTIwYWxsb3dmdWxsc2NyZWVuJTNFJTNDJTJGaWZyYW1lJTNFJTBBJTNDJTJGZGl2JTNF[\/vc_raw_html][vc_empty_space][\/vc_column_inner][\/vc_row_inner][\/vc_column][\/vc_row][vc_row][vc_column width=&#8221;1\/2&#8243;][vc_empty_space][vc_column_text]PERPAK 3000 &#8211; 12000 &#8211; ma\u0161ina za dezinfekciju boca. PERPAK 1500 &#8211; 12000 namenjen je za ispiranje PET boca sa \u0161irokim grlom i navojnim zatvara\u010dem zapremine od 0,25 do 2,00 litara. Proizvodi se u kapacitetima od 1500 &#8211; 12000 boca na sat.[\/vc_column_text][vc_empty_space][\/vc_column][vc_column [&hellip;]<\/p>\n","protected":false},"author":1,"featured_media":0,"parent":0,"menu_order":0,"comment_status":"closed","ping_status":"closed","template":"","meta":{"footnotes":""},"class_list":["post-5640","page","type-page","status-publish","hentry","no-thumb"],"_links":{"self":[{"href":"https:\/\/test.pakpromet.com\/index.php\/wp-json\/wp\/v2\/pages\/5640","targetHints":{"allow":["GET"]}}],"collection":[{"href":"https:\/\/test.pakpromet.com\/index.php\/wp-json\/wp\/v2\/pages"}],"about":[{"href":"https:\/\/test.pakpromet.com\/index.php\/wp-json\/wp\/v2\/types\/page"}],"author":[{"embeddable":true,"href":"https:\/\/test.pakpromet.com\/index.php\/wp-json\/wp\/v2\/users\/1"}],"replies":[{"embeddable":true,"href":"https:\/\/test.pakpromet.com\/index.php\/wp-json\/wp\/v2\/comments?post=5640"}],"version-history":[{"count":57,"href":"https:\/\/test.pakpromet.com\/index.php\/wp-json\/wp\/v2\/pages\/5640\/revisions"}],"predecessor-version":[{"id":7900,"href":"https:\/\/test.pakpromet.com\/index.php\/wp-json\/wp\/v2\/pages\/5640\/revisions\/7900"}],"wp:attachment":[{"href":"https:\/\/test.pakpromet.com\/index.php\/wp-json\/wp\/v2\/media?parent=5640"}],"curies":[{"name":"wp","href":"https:\/\/api.w.org\/{rel}","templated":true}]}}