{"id":5458,"date":"2021-07-11T17:51:05","date_gmt":"2021-07-11T15:51:05","guid":{"rendered":"https:\/\/test.pakpromet.com\/?page_id=5458"},"modified":"2021-10-14T14:53:07","modified_gmt":"2021-10-14T12:53:07","slug":"pd-kz-800-05-02-d-2","status":"publish","type":"page","link":"https:\/\/test.pakpromet.com\/index.php\/pd-kz-800-05-02-d-2\/","title":{"rendered":"PD KZ 800 05 02 D"},"content":{"rendered":"<p>[vc_row][vc_column][vc_column_text]<\/p>\n<h1 style=\"text-align: center;\"><strong>PD KZ 800 05 02 D<\/strong><\/h1>\n<p>[\/vc_column_text][vc_empty_space height=&#8221;50px&#8221;][\/vc_column][\/vc_row][vc_row][vc_column][vc_text_separator title=&#8221;NAMENA MA\u0160INE&#8221; title_align=&#8221;separator_align_left&#8221; border_width=&#8221;6&#8243; el_class=&#8221;bold&#8221;][vc_empty_space][vc_column_text]Ovaj ure\u0111aj je namenjen za odmeravanje, doziranje i pakovanje te\u010dnih, pastoznih I kremastih materija u polistirenske i polipropilenske \u010da\u0161ice \u03a6 75 i \u03a6 95, u zapreminama od 100 do 500 ml, koje se na samom ure\u0111aju zatvaraju aluminijumskim poklopcima. Konstruisana je za doziranje kiselomle\u010dnih proizvoda, a mo\u017ee se koristiti i za druge materije, kako u prehrambenoj, tako i u drugim industrijama.[\/vc_column_text][vc_empty_space][vc_video link=&#8221;https:\/\/youtu.be\/mYjvx-_zQfA&#8221; el_width=&#8221;70&#8243; align=&#8221;center&#8221;][vc_empty_space][vc_text_separator title=&#8221;TEHNI\u010cKI OPIS&#8221; title_align=&#8221;separator_align_left&#8221; border_width=&#8221;6&#8243; el_class=&#8221;bold&#8221;][vc_empty_space][vc_column_text]Ure\u0111aj PD KZ 800 05\/02 je koncipiran kao horizontalni jednoredni rotacioni poluautomat sa ru\u010dnim upravlja\u010dkim i pogonskim elementima, sa ru\u010dnim startovanjem svakog pojedina\u010dnog ciklusa.<\/p>\n<p>Dozirni sistem je izveden kao klipni pumpni mehanizam, sa pneumatski upravljanim ventilima koji omogu\u0107avaju precizno punjenje dozatora prilikom usisavanja mase, a time i veliku preciznost i ponovljivost odmerene koli\u010dine.<\/p>\n<p>Mehanizam za pode\u0161avanje dozirane koli\u010dine je izra\u0111en u obliku zavojnog vretena i funkcioni\u0161e kao tvrdi grani\u010dnik hoda klipnja\u010de pneumatskog cilindra.<\/p>\n<p>Kompletan ure\u0111aj je izra\u0111en od ner\u0111aju\u0107eg \u010delika i drugih materijala dozvoljenih za kori\u0161\u0107enje u prehrambenoj industriji.[\/vc_column_text][vc_empty_space][\/vc_column][\/vc_row][vc_row][vc_column width=&#8221;2\/3&#8243;][vc_text_separator title=&#8221;TEHNI\u010cKE KARAKTERISTIKE&#8221; i_icon_fontawesome=&#8221;fas fa-file-alt&#8221; i_color=&#8221;black&#8221; border_width=&#8221;6&#8243; css_animation=&#8221;none&#8221; add_icon=&#8221;true&#8221;][vc_column_text]<\/p>\n<table width=\"623\">\n<tbody>\n<tr>\n<td width=\"306\">&#8211; kapacitet ma\u0161ine<\/td>\n<td width=\"317\">Q = 800 jedinica \/ h<\/td>\n<\/tr>\n<tr>\n<td width=\"306\">&#8211; opseg doziranja<\/td>\n<td width=\"317\">0,10 &#8211; 0,50 litara<\/td>\n<\/tr>\n<tr>\n<td width=\"306\">&#8211; instalisana snaga<\/td>\n<td width=\"317\">P = 0.85 k W<\/td>\n<\/tr>\n<tr>\n<td width=\"306\">&#8211; nazivni napon<\/td>\n<td width=\"317\">U = 220 V ; 50 Hz<\/td>\n<\/tr>\n<tr>\n<td width=\"306\">&#8211; dimenzije ma\u0161ine D x \u0160 x V<\/td>\n<td width=\"317\">1900 x 600 x 1600<\/td>\n<\/tr>\n<tr>\n<td width=\"306\">&#8211; masa ma\u0161ine<\/td>\n<td width=\"317\">M = 150 kg<\/td>\n<\/tr>\n<tr>\n<td width=\"306\">&#8211; pre\u010dnik venca \u010da\u0161ice<\/td>\n<td width=\"317\">75 mm i 95 mm<\/td>\n<\/tr>\n<\/tbody>\n<\/table>\n<p>[\/vc_column_text][\/vc_column][vc_column width=&#8221;1\/3&#8243;][vc_text_separator title=&#8221;TEHNI\u010cKA DOKUMENTACIJA&#8221; i_icon_fontawesome=&#8221;fas fa-file-pdf&#8221; i_color=&#8221;pink&#8221; border_width=&#8221;6&#8243; add_icon=&#8221;true&#8221;][vc_message message_box_color=&#8221;green&#8221; icon_fontawesome=&#8221;far fa-file-pdf&#8221;]<a href=\"https:\/\/test.pakpromet.com\/wp-content\/uploads\/2021\/07\/10.1.PD-KZ-800-05-02.pdf\" target=\"_blank\" rel=\"noopener\">Preuzmite bro\u0161uru<\/a>[\/vc_message][\/vc_column][\/vc_row][vc_row][vc_column][vc_empty_space][vc_images_carousel images=&#8221;7914,7915,7916,7917,7918,7919&#8243; img_size=&#8221;full&#8221; speed=&#8221;2000&#8243; slides_per_view=&#8221;2&#8243; autoplay=&#8221;yes&#8221; hide_pagination_control=&#8221;yes&#8221; wrap=&#8221;yes&#8221;][\/vc_column][\/vc_row]<\/p>\n","protected":false},"excerpt":{"rendered":"<p>[vc_row][vc_column][vc_column_text] PD KZ 800 05 02 D [\/vc_column_text][vc_empty_space height=&#8221;50px&#8221;][\/vc_column][\/vc_row][vc_row][vc_column][vc_text_separator title=&#8221;NAMENA MA\u0160INE&#8221; title_align=&#8221;separator_align_left&#8221; border_width=&#8221;6&#8243; el_class=&#8221;bold&#8221;][vc_empty_space][vc_column_text]Ovaj ure\u0111aj je namenjen za odmeravanje, doziranje i pakovanje te\u010dnih, pastoznih I kremastih materija u polistirenske i polipropilenske \u010da\u0161ice \u03a6 75 i \u03a6 95, u zapreminama od 100 do 500 ml, koje se na samom ure\u0111aju zatvaraju aluminijumskim poklopcima. Konstruisana je za [&hellip;]<\/p>\n","protected":false},"author":1,"featured_media":0,"parent":0,"menu_order":0,"comment_status":"closed","ping_status":"closed","template":"","meta":{"footnotes":""},"class_list":["post-5458","page","type-page","status-publish","hentry","no-thumb"],"_links":{"self":[{"href":"https:\/\/test.pakpromet.com\/index.php\/wp-json\/wp\/v2\/pages\/5458","targetHints":{"allow":["GET"]}}],"collection":[{"href":"https:\/\/test.pakpromet.com\/index.php\/wp-json\/wp\/v2\/pages"}],"about":[{"href":"https:\/\/test.pakpromet.com\/index.php\/wp-json\/wp\/v2\/types\/page"}],"author":[{"embeddable":true,"href":"https:\/\/test.pakpromet.com\/index.php\/wp-json\/wp\/v2\/users\/1"}],"replies":[{"embeddable":true,"href":"https:\/\/test.pakpromet.com\/index.php\/wp-json\/wp\/v2\/comments?post=5458"}],"version-history":[{"count":15,"href":"https:\/\/test.pakpromet.com\/index.php\/wp-json\/wp\/v2\/pages\/5458\/revisions"}],"predecessor-version":[{"id":7920,"href":"https:\/\/test.pakpromet.com\/index.php\/wp-json\/wp\/v2\/pages\/5458\/revisions\/7920"}],"wp:attachment":[{"href":"https:\/\/test.pakpromet.com\/index.php\/wp-json\/wp\/v2\/media?parent=5458"}],"curies":[{"name":"wp","href":"https:\/\/api.w.org\/{rel}","templated":true}]}}