{"id":5372,"date":"2021-07-10T08:57:12","date_gmt":"2021-07-10T06:57:12","guid":{"rendered":"https:\/\/test.pakpromet.com\/?page_id=5372"},"modified":"2021-10-03T00:32:45","modified_gmt":"2021-10-02T22:32:45","slug":"termopak-400","status":"publish","type":"page","link":"https:\/\/test.pakpromet.com\/index.php\/termopak-400\/","title":{"rendered":"TERMOPAK 400"},"content":{"rendered":"<p>[vc_row][vc_column][vc_column_text]<\/p>\n<h1 style=\"text-align: center;\"><strong>TERMOPAK 400<\/strong><\/h1>\n<p>[\/vc_column_text][vc_empty_space height=&#8221;50px&#8221;][\/vc_column][\/vc_row][vc_row][vc_column][vc_text_separator title=&#8221;NAMENA MA\u0160INE&#8221; title_align=&#8221;separator_align_left&#8221; border_width=&#8221;6&#8243; el_class=&#8221;bold&#8221;][vc_empty_space][vc_column_text]Ova ma\u0161ina je namenjena za pojedina\u010dno i grupno pakovanje proizvoda u foliju, koja ima sposobnost termi\u010dkog skupljanja, te na taj nacin prijanja uz proizvod i \u010dini za\u0161titu od spolja\u0161njih uticaja, a kod grupnih pakovanja ostvaruje i dobru homogenost paketa.[\/vc_column_text][vc_empty_space][vc_video link=&#8221;https:\/\/youtu.be\/FxukdHowoT0&#8243; el_width=&#8221;70&#8243; align=&#8221;center&#8221;][vc_empty_space][vc_text_separator title=&#8221;TEHNI\u010cKI OPIS&#8221; title_align=&#8221;separator_align_left&#8221; border_width=&#8221;6&#8243; el_class=&#8221;bold&#8221;][vc_empty_space][vc_column_text]TERMOPAK 400 je poluautomatska ma\u0161ina i sastoji se iz nekoliko jedinica &#8211; uredjaja koji sa\u010dinjavaju funkcionalnu celinu.<\/p>\n<p>Jedinica za oblaganje folijom se sastoji iz nosa\u010da kotura gornje i donje folije, kao i mehanizma sa pokretnim greja\u010dem ( peglom ) za otsecanje i zavarivanje folije. Rukovalac formira paket na radnoj plo\u010di i ru\u010dno ga pregura kroz film folije, a zatim spu\u0161ta peglu i vr\u0161i zavarivanje i otsecanje folije.<\/p>\n<p>Transportna traka je izra\u0111ena od \u017ei\u010danog pletiva, a transporter je opremljen pogonskim i zateznim bubnjem, kao i jedinicama za zatezanje. Pogonjen je motoreduktorskim prenosnikom.<\/p>\n<p>Komora za termoskupljanje je postavljena na postolje transportera, a u njoj se vr\u0161i zagrevanje folije. Vazduh u komori se zagreva elektri\u010dnim greja\u010dima, njegova cirkulacija se ostvaruje aksijalnim ventilatorom, a temperatura se reguli\u0161e pomo\u0107u termoregulatora. Komora je termi\u010dki izolovana.<\/p>\n<p>Jedinica za hla\u0111enje paketa se nalazi iza komore i slu\u017ei da ohladi foliju kojom je paket obmotan. Hla\u0111enje se obavlja u struji hladnog vazduha koju ostvaruje ventilator.<br \/>\nPrihvatni sto sa valjcima se nalazi u produ\u017eetku \u017ei\u010danog transportera.[\/vc_column_text][vc_empty_space][\/vc_column][\/vc_row][vc_row][vc_column width=&#8221;2\/3&#8243;][vc_text_separator title=&#8221;TEHNI\u010cKE KARAKTERISTIKE&#8221; i_icon_fontawesome=&#8221;fas fa-file-alt&#8221; i_color=&#8221;black&#8221; border_width=&#8221;6&#8243; css_animation=&#8221;none&#8221; add_icon=&#8221;true&#8221;][vc_column_text]<\/p>\n<table width=\"623\">\n<tbody>\n<tr>\n<td width=\"306\">&#8211; kapacitet ma\u0161ine<\/td>\n<td width=\"317\">Q = 4 &#8211; 6 cikl \/ min<\/td>\n<\/tr>\n<tr>\n<td width=\"306\">&#8211; instalisana snaga<\/td>\n<td width=\"317\">Pi = 13 kW<\/td>\n<\/tr>\n<tr>\n<td width=\"306\">&#8211; nazivni napon<\/td>\n<td width=\"317\">3 x 380 V\u00a0 50 Hz<\/td>\n<\/tr>\n<tr>\n<td width=\"306\">&#8211; nazivni pritisak<\/td>\n<td width=\"317\">P = 6 &#8211; 8 bar<\/td>\n<\/tr>\n<tr>\n<td width=\"306\">&#8211; potro\u0161nja vazduha (na 6 bar-a)<\/td>\n<td width=\"317\">150 Nl \/ min<\/td>\n<\/tr>\n<tr>\n<td width=\"306\">&#8211; dimenzije ma\u0161ine D x \u0160 x V<\/td>\n<td width=\"317\">2650 x 800 x 1500 mm<\/td>\n<\/tr>\n<tr>\n<td width=\"306\">&#8211; masa ma\u0161ine<\/td>\n<td width=\"317\">M = 480 Kg<\/td>\n<\/tr>\n<tr>\n<td width=\"306\">&#8211; vrsta folije<\/td>\n<td width=\"317\">Termoskupljaju\u0107a PE<\/td>\n<\/tr>\n<tr>\n<td width=\"306\">&#8211; maksimalna \u0161irina folije<\/td>\n<td width=\"317\">B1 = 420 mm<\/td>\n<\/tr>\n<tr>\n<td width=\"306\">&#8211; debljina folije<\/td>\n<td width=\"317\">0,07 &#8211; 0,11 mm<\/td>\n<\/tr>\n<\/tbody>\n<\/table>\n<p>[\/vc_column_text][\/vc_column][vc_column width=&#8221;1\/3&#8243;][vc_text_separator title=&#8221;TEHNI\u010cKA DOKUMENTACIJA&#8221; i_icon_fontawesome=&#8221;fas fa-file-pdf&#8221; i_color=&#8221;pink&#8221; border_width=&#8221;6&#8243; add_icon=&#8221;true&#8221;][vc_message message_box_color=&#8221;green&#8221; icon_fontawesome=&#8221;far fa-file-pdf&#8221;]<a href=\"https:\/\/test.pakpromet.com\/wp-content\/uploads\/2021\/07\/15.TERMOPAK-400-srb-eng-rus-Model.pdf\" target=\"_blank\" rel=\"noopener\">Preuzmite bro\u0161uru<\/a>[\/vc_message][\/vc_column][\/vc_row][vc_row][vc_column][vc_empty_space][vc_images_carousel images=&#8221;7390,7391&#8243; img_size=&#8221;full&#8221; speed=&#8221;2000&#8243; slides_per_view=&#8221;2&#8243; autoplay=&#8221;yes&#8221; hide_pagination_control=&#8221;yes&#8221; wrap=&#8221;yes&#8221;][\/vc_column][\/vc_row]<\/p>\n","protected":false},"excerpt":{"rendered":"<p>[vc_row][vc_column][vc_column_text] TERMOPAK 400 [\/vc_column_text][vc_empty_space height=&#8221;50px&#8221;][\/vc_column][\/vc_row][vc_row][vc_column][vc_text_separator title=&#8221;NAMENA MA\u0160INE&#8221; title_align=&#8221;separator_align_left&#8221; border_width=&#8221;6&#8243; el_class=&#8221;bold&#8221;][vc_empty_space][vc_column_text]Ova ma\u0161ina je namenjena za pojedina\u010dno i grupno pakovanje proizvoda u foliju, koja ima sposobnost termi\u010dkog skupljanja, te na taj nacin prijanja uz proizvod i \u010dini za\u0161titu od spolja\u0161njih uticaja, a kod grupnih pakovanja ostvaruje i dobru homogenost paketa.[\/vc_column_text][vc_empty_space][vc_video link=&#8221;https:\/\/youtu.be\/FxukdHowoT0&#8243; el_width=&#8221;70&#8243; align=&#8221;center&#8221;][vc_empty_space][vc_text_separator title=&#8221;TEHNI\u010cKI OPIS&#8221; title_align=&#8221;separator_align_left&#8221; border_width=&#8221;6&#8243; [&hellip;]<\/p>\n","protected":false},"author":1,"featured_media":0,"parent":0,"menu_order":0,"comment_status":"closed","ping_status":"closed","template":"","meta":{"footnotes":""},"class_list":["post-5372","page","type-page","status-publish","hentry","no-thumb"],"_links":{"self":[{"href":"https:\/\/test.pakpromet.com\/index.php\/wp-json\/wp\/v2\/pages\/5372","targetHints":{"allow":["GET"]}}],"collection":[{"href":"https:\/\/test.pakpromet.com\/index.php\/wp-json\/wp\/v2\/pages"}],"about":[{"href":"https:\/\/test.pakpromet.com\/index.php\/wp-json\/wp\/v2\/types\/page"}],"author":[{"embeddable":true,"href":"https:\/\/test.pakpromet.com\/index.php\/wp-json\/wp\/v2\/users\/1"}],"replies":[{"embeddable":true,"href":"https:\/\/test.pakpromet.com\/index.php\/wp-json\/wp\/v2\/comments?post=5372"}],"version-history":[{"count":8,"href":"https:\/\/test.pakpromet.com\/index.php\/wp-json\/wp\/v2\/pages\/5372\/revisions"}],"predecessor-version":[{"id":7392,"href":"https:\/\/test.pakpromet.com\/index.php\/wp-json\/wp\/v2\/pages\/5372\/revisions\/7392"}],"wp:attachment":[{"href":"https:\/\/test.pakpromet.com\/index.php\/wp-json\/wp\/v2\/media?parent=5372"}],"curies":[{"name":"wp","href":"https:\/\/api.w.org\/{rel}","templated":true}]}}