{"id":5368,"date":"2021-07-10T08:56:00","date_gmt":"2021-07-10T06:56:00","guid":{"rendered":"https:\/\/test.pakpromet.com\/?page_id=5368"},"modified":"2021-10-14T22:58:21","modified_gmt":"2021-10-14T20:58:21","slug":"pf-500","status":"publish","type":"page","link":"https:\/\/test.pakpromet.com\/index.php\/pf-500\/","title":{"rendered":"PF 500"},"content":{"rendered":"<p>[vc_row][vc_column][vc_column_text]<\/p>\n<h1 style=\"text-align: center;\"><strong>PF 500<\/strong><\/h1>\n<p>[\/vc_column_text][vc_empty_space height=&#8221;50px&#8221;][\/vc_column][\/vc_row][vc_row][vc_column][vc_text_separator title=&#8221;NAMENA MA\u0160INE&#8221; title_align=&#8221;separator_align_left&#8221; border_width=&#8221;6&#8243; el_class=&#8221;bold&#8221;][vc_empty_space][vc_column_text]Ova ma\u0161ina je namenjena za odmeravanje, doziranje i pakovanje te\u010dnosti u &#8220;poli-pak&#8221; kese, koje se na samoj ma\u0161ini formiraju iz polietilenskog creva. Konstruisana je za doziranje mleka i kiselomle\u010dnih proizvoda, a mo\u017ee se koristiti i za druge materije, kako u prehrambenoj, tako i u drugim industrijama. U zavisnosti od zahteva naru\u010dioca mogu\u0107e je doziranje u \u0161irem zapreminskom dijapazonu.<\/p>\n<p>U ponudi je i opcija za punjenje sve\u017eeg sira PF 500 S kao i lepila PF 500 L[\/vc_column_text][vc_empty_space][vc_video link=&#8221;https:\/\/youtu.be\/JjL4JWC2D8Q&#8221; el_width=&#8221;70&#8243; align=&#8221;center&#8221;][vc_empty_space][vc_video link=&#8221;https:\/\/youtu.be\/3jq7Un9mLnA&#8221; el_width=&#8221;70&#8243; align=&#8221;center&#8221;][vc_empty_space][vc_text_separator title=&#8221;TEHNI\u010cKI OPIS&#8221; title_align=&#8221;separator_align_left&#8221; border_width=&#8221;6&#8243; el_class=&#8221;bold&#8221;][vc_empty_space][vc_column_text]Ma\u0161ina PF 500 je koncipirana kao vertikalna jednoredna poluautomatska ma\u0161ina sa pneumatskim upravlja\u010dkim pogonskim elementima, ru\u010dnim dodavanjem ambala\u017ee i startovanjem svakog pojedina\u010dnog ciklusa.<\/p>\n<p>Dozirni sistem je izveden kao vremenski zapreminski mehanizam, sa automatskim odr\u017eavanjem nivoa te\u010dnosti u dozirnom loncu ma\u0161ine, \u0161to omogu\u0107ava veliku preciznost i ponovljivost odmerene koli\u010dine.<\/p>\n<p>Pode\u0161avanje koli\u010dine se vr\u0161i pomo\u0107u potenciometara za grubo i fino doziranje, a za kontrolu dozirane koli\u010dine treba koristiti menzuru. Zatvaranje i odsecanje kese se vr\u0161i pomo\u0107u impulsnog greja\u010da na horizontalnoj presi.[\/vc_column_text][vc_empty_space][\/vc_column][\/vc_row][vc_row][vc_column width=&#8221;2\/3&#8243;][vc_text_separator title=&#8221;TEHNI\u010cKE KARAKTERISTIKE&#8221; i_icon_fontawesome=&#8221;fas fa-file-alt&#8221; i_color=&#8221;black&#8221; border_width=&#8221;6&#8243; css_animation=&#8221;none&#8221; add_icon=&#8221;true&#8221;][vc_column_text]<\/p>\n<table width=\"623\">\n<tbody>\n<tr>\n<td width=\"306\">&#8211; kapacitet ma\u0161ine<\/td>\n<td width=\"317\">Q = 500 &#8211; 1000 kom. \/ h<\/td>\n<\/tr>\n<tr>\n<td width=\"306\">&#8211; opseg doziranja<\/td>\n<td width=\"317\">0,2\u00a0 &#8211; 1,0 litara<\/td>\n<\/tr>\n<tr>\n<td width=\"306\">&#8211; instalisana snaga<\/td>\n<td width=\"317\">P = 0.50 k W<\/td>\n<\/tr>\n<tr>\n<td width=\"306\">&#8211; nazivni napon<\/td>\n<td width=\"317\">U = 220 V ; 50 Hz<\/td>\n<\/tr>\n<tr>\n<td width=\"306\">&#8211; nazivni pritisak<\/td>\n<td width=\"317\">P = 6 &#8211; 8 bar<\/td>\n<\/tr>\n<tr>\n<td width=\"306\">&#8211; potro\u0161nja vazduha (pri 6 bar)<\/td>\n<td width=\"317\">70 Nl \/ min<\/td>\n<\/tr>\n<tr>\n<td width=\"306\">&#8211; dimenzije ma\u0161ine D x \u0160 x V<\/td>\n<td width=\"317\">800 x 900 x 2500<\/td>\n<\/tr>\n<tr>\n<td width=\"306\">&#8211; masa ma\u0161ine<\/td>\n<td width=\"317\">M = 85 kg<\/td>\n<\/tr>\n<tr>\n<td width=\"306\">&#8211; debljina folije<\/td>\n<td width=\"317\">D = 0,60 &#8211; 0,130 mm<\/td>\n<\/tr>\n<tr>\n<td width=\"306\">&#8211; \u0161irina folije (creva)<\/td>\n<td width=\"317\">B = 110 &#8211; 150 mm<\/td>\n<\/tr>\n<\/tbody>\n<\/table>\n<p>[\/vc_column_text][\/vc_column][vc_column width=&#8221;1\/3&#8243;][vc_text_separator title=&#8221;TEHNI\u010cKA DOKUMENTACIJA&#8221; i_icon_fontawesome=&#8221;fas fa-file-pdf&#8221; i_color=&#8221;pink&#8221; border_width=&#8221;6&#8243; add_icon=&#8221;true&#8221;][vc_message message_box_color=&#8221;green&#8221; icon_fontawesome=&#8221;far fa-file-pdf&#8221;]<a href=\"https:\/\/test.pakpromet.com\/wp-content\/uploads\/2021\/07\/12.PF-500.pdf\">Preuzmite bro\u0161uru<\/a> &#8211; PF500[\/vc_message][vc_message message_box_color=&#8221;green&#8221; icon_fontawesome=&#8221;far fa-file-pdf&#8221;]<a href=\"https:\/\/test.pakpromet.com\/wp-content\/uploads\/2021\/07\/13.-PF-500-S.pdf\">Preuzmite bro\u0161uru<\/a> &#8211; PF 500 S[\/vc_message][vc_message message_box_color=&#8221;green&#8221; icon_fontawesome=&#8221;far fa-file-pdf&#8221;]<a href=\"https:\/\/test.pakpromet.com\/wp-content\/uploads\/2021\/07\/PF-500-L-srb-eng-rus.pdf\">Preuzmite bro\u0161uru<\/a> &#8211; PF 500 L[\/vc_message][\/vc_column][\/vc_row][vc_row][vc_column][vc_empty_space][vc_images_carousel images=&#8221;7974,7975,7976,7977,7978&#8243; img_size=&#8221;full&#8221; speed=&#8221;2000&#8243; slides_per_view=&#8221;2&#8243; autoplay=&#8221;yes&#8221; hide_pagination_control=&#8221;yes&#8221; wrap=&#8221;yes&#8221;][\/vc_column][\/vc_row]<\/p>\n","protected":false},"excerpt":{"rendered":"<p>[vc_row][vc_column][vc_column_text] PF 500 [\/vc_column_text][vc_empty_space height=&#8221;50px&#8221;][\/vc_column][\/vc_row][vc_row][vc_column][vc_text_separator title=&#8221;NAMENA MA\u0160INE&#8221; title_align=&#8221;separator_align_left&#8221; border_width=&#8221;6&#8243; el_class=&#8221;bold&#8221;][vc_empty_space][vc_column_text]Ova ma\u0161ina je namenjena za odmeravanje, doziranje i pakovanje te\u010dnosti u &#8220;poli-pak&#8221; kese, koje se na samoj ma\u0161ini formiraju iz polietilenskog creva. Konstruisana je za doziranje mleka i kiselomle\u010dnih proizvoda, a mo\u017ee se koristiti i za druge materije, kako u prehrambenoj, tako i u drugim industrijama. [&hellip;]<\/p>\n","protected":false},"author":1,"featured_media":0,"parent":0,"menu_order":0,"comment_status":"closed","ping_status":"closed","template":"","meta":{"footnotes":""},"class_list":["post-5368","page","type-page","status-publish","hentry","no-thumb"],"_links":{"self":[{"href":"https:\/\/test.pakpromet.com\/index.php\/wp-json\/wp\/v2\/pages\/5368","targetHints":{"allow":["GET"]}}],"collection":[{"href":"https:\/\/test.pakpromet.com\/index.php\/wp-json\/wp\/v2\/pages"}],"about":[{"href":"https:\/\/test.pakpromet.com\/index.php\/wp-json\/wp\/v2\/types\/page"}],"author":[{"embeddable":true,"href":"https:\/\/test.pakpromet.com\/index.php\/wp-json\/wp\/v2\/users\/1"}],"replies":[{"embeddable":true,"href":"https:\/\/test.pakpromet.com\/index.php\/wp-json\/wp\/v2\/comments?post=5368"}],"version-history":[{"count":12,"href":"https:\/\/test.pakpromet.com\/index.php\/wp-json\/wp\/v2\/pages\/5368\/revisions"}],"predecessor-version":[{"id":7979,"href":"https:\/\/test.pakpromet.com\/index.php\/wp-json\/wp\/v2\/pages\/5368\/revisions\/7979"}],"wp:attachment":[{"href":"https:\/\/test.pakpromet.com\/index.php\/wp-json\/wp\/v2\/media?parent=5368"}],"curies":[{"name":"wp","href":"https:\/\/api.w.org\/{rel}","templated":true}]}}