{"id":5366,"date":"2021-07-10T08:55:20","date_gmt":"2021-07-10T06:55:20","guid":{"rendered":"https:\/\/test.pakpromet.com\/?page_id=5366"},"modified":"2021-10-03T00:23:27","modified_gmt":"2021-10-02T22:23:27","slug":"pd-1000","status":"publish","type":"page","link":"https:\/\/test.pakpromet.com\/index.php\/pd-1000\/","title":{"rendered":"PD 1000"},"content":{"rendered":"<p>[vc_row][vc_column][vc_column_text]<\/p>\n<h1 style=\"text-align: center;\"><strong>DOZATOR PD 1000<\/strong><\/h1>\n<p>[\/vc_column_text][vc_empty_space height=&#8221;50px&#8221;][\/vc_column][\/vc_row][vc_row][vc_column][vc_text_separator title=&#8221;NAMENA MA\u0160INE&#8221; title_align=&#8221;separator_align_left&#8221; border_width=&#8221;6&#8243; el_class=&#8221;bold&#8221;][vc_empty_space][vc_column_text]Ovaj ure\u0111aj je namenjen za odmeravanje i doziranje te\u010dnosti i kremova u ve\u0107 formirane \u010da\u0161e, boce ili posude. Konstruisana je za doziranje kiselomle\u010dnih proizvoda, a mo\u017ee se koristiti i za druge materije, kako u prehrambenoj, tako i u drugim industrijama. U zavisnosti od zahteva naru\u010dioca mogu\u0107e je doziranje u \u0161irem zapreminskom dijapazonu.<br \/>\nU ponudi je i dozirator ve\u0107ih zapremina po zahtevu kupca kao I opcija primene raznih dozatora.[\/vc_column_text][vc_empty_space][vc_video link=&#8221;https:\/\/youtu.be\/qprfu0_3lQg&#8221; el_width=&#8221;70&#8243; align=&#8221;center&#8221;][vc_empty_space][vc_text_separator title=&#8221;TEHNI\u010cKI OPIS&#8221; title_align=&#8221;separator_align_left&#8221; border_width=&#8221;6&#8243; el_class=&#8221;bold&#8221;][vc_empty_space][vc_column_text]Ure\u0111aj PD 1000 je koncipiran kao mehanizam sa pneumatskim upravlja\u010dkmi pogonskim elementima,<\/p>\n<p>Dozirni sistem je izveden kao klipni pumpni mehanizam, sa nepovratnim ventilima koji omogu\u0107avaju precizno punjenje dozatora prilikom usisavanja mase, a time i veliku preciznost i ponovljivost odmerene koli\u010dine.<\/p>\n<p>Mehanizam za pode\u0161avanje dozirane koli\u010dine je izra\u0111en u obliku zavojnog vretena i funkcioni\u0161e kao tvrdi grani\u010dnik hoda klipnja\u010de pneumatskog cilindra.<\/p>\n<p>Kompletan ure\u0111aj je izra\u0111en od ner\u0111aju\u0107eg \u010delika i drugih materijala dozvoljenih za kori\u0161\u0107enje u prehrambenoj industriji.[\/vc_column_text][vc_empty_space][\/vc_column][\/vc_row][vc_row][vc_column width=&#8221;2\/3&#8243;][vc_text_separator title=&#8221;TEHNI\u010cKE KARAKTERISTIKE&#8221; i_icon_fontawesome=&#8221;fas fa-file-alt&#8221; i_color=&#8221;black&#8221; border_width=&#8221;6&#8243; css_animation=&#8221;none&#8221; add_icon=&#8221;true&#8221;][vc_column_text]<\/p>\n<table width=\"623\">\n<tbody>\n<tr>\n<td width=\"306\">&#8211; kapacitet<\/td>\n<td width=\"317\">Q = 1000 ciklusa \/ h<\/td>\n<\/tr>\n<tr>\n<td width=\"306\">&#8211; pritisak vazduha<\/td>\n<td width=\"317\">P = 6 &#8211; 8 bar-a<\/td>\n<\/tr>\n<tr>\n<td width=\"306\">&#8211; potro\u0161nja vazduha ( na 6 bar-a)<\/td>\n<td width=\"317\">85 Nl \/ min<\/td>\n<\/tr>\n<tr>\n<td width=\"306\">&#8211; dimenzije ma\u0161ine D x \u0160 x V<\/td>\n<td width=\"317\">1350 x 500 x 1250<\/td>\n<\/tr>\n<tr>\n<td width=\"306\">&#8211; masa ure\u0111aja<\/td>\n<td width=\"317\">M = 125 kg<\/td>\n<\/tr>\n<tr>\n<td width=\"306\">&#8211; vrsta pogona<\/td>\n<td width=\"317\">Pneumatski<\/td>\n<\/tr>\n<\/tbody>\n<\/table>\n<p>[\/vc_column_text][\/vc_column][vc_column width=&#8221;1\/3&#8243;][vc_text_separator title=&#8221;TEHNI\u010cKA DOKUMENTACIJA&#8221; i_icon_fontawesome=&#8221;fas fa-file-pdf&#8221; i_color=&#8221;pink&#8221; border_width=&#8221;6&#8243; add_icon=&#8221;true&#8221;][vc_message message_box_color=&#8221;green&#8221; icon_fontawesome=&#8221;far fa-file-pdf&#8221;]<a href=\"https:\/\/test.pakpromet.com\/wp-content\/uploads\/2021\/07\/PD-1000.pdf\">Preuzmmite bro\u0161uru &#8211; PD 1000<\/a>[\/vc_message][vc_message message_box_color=&#8221;green&#8221; icon_fontawesome=&#8221;far fa-file-pdf&#8221;]<a href=\"https:\/\/test.pakpromet.com\/wp-content\/uploads\/2021\/07\/PD-1000-sa-balansnim-sudom.pdf\">Preuzmite bro\u0161uru &#8211; PD 100 sa balansnim sudom<\/a>[\/vc_message][vc_message message_box_color=&#8221;green&#8221; icon_fontawesome=&#8221;far fa-file-pdf&#8221;]<a href=\"https:\/\/test.pakpromet.com\/wp-content\/uploads\/2021\/07\/PD-100-S.pdf\">Preuzmite bro\u0161uru &#8211; PD 100 S<\/a>[\/vc_message][vc_message message_box_color=&#8221;green&#8221; icon_fontawesome=&#8221;far fa-file-pdf&#8221;]<a href=\"https:\/\/test.pakpromet.com\/wp-content\/uploads\/2021\/07\/PD-100-S-tank.pdf\">Preuzmite bro\u0161uru &#8211; PD 100 S + tank<\/a>[\/vc_message][\/vc_column][\/vc_row][vc_row][vc_column][vc_empty_space][vc_images_carousel images=&#8221;7374,7375,7376&#8243; img_size=&#8221;full&#8221; speed=&#8221;2000&#8243; slides_per_view=&#8221;2&#8243; autoplay=&#8221;yes&#8221; hide_pagination_control=&#8221;yes&#8221; wrap=&#8221;yes&#8221;][\/vc_column][\/vc_row]<\/p>\n","protected":false},"excerpt":{"rendered":"<p>[vc_row][vc_column][vc_column_text] DOZATOR PD 1000 [\/vc_column_text][vc_empty_space height=&#8221;50px&#8221;][\/vc_column][\/vc_row][vc_row][vc_column][vc_text_separator title=&#8221;NAMENA MA\u0160INE&#8221; title_align=&#8221;separator_align_left&#8221; border_width=&#8221;6&#8243; el_class=&#8221;bold&#8221;][vc_empty_space][vc_column_text]Ovaj ure\u0111aj je namenjen za odmeravanje i doziranje te\u010dnosti i kremova u ve\u0107 formirane \u010da\u0161e, boce ili posude. Konstruisana je za doziranje kiselomle\u010dnih proizvoda, a mo\u017ee se koristiti i za druge materije, kako u prehrambenoj, tako i u drugim industrijama. U zavisnosti od zahteva naru\u010dioca [&hellip;]<\/p>\n","protected":false},"author":1,"featured_media":0,"parent":0,"menu_order":0,"comment_status":"closed","ping_status":"closed","template":"","meta":{"footnotes":""},"class_list":["post-5366","page","type-page","status-publish","hentry","no-thumb"],"_links":{"self":[{"href":"https:\/\/test.pakpromet.com\/index.php\/wp-json\/wp\/v2\/pages\/5366","targetHints":{"allow":["GET"]}}],"collection":[{"href":"https:\/\/test.pakpromet.com\/index.php\/wp-json\/wp\/v2\/pages"}],"about":[{"href":"https:\/\/test.pakpromet.com\/index.php\/wp-json\/wp\/v2\/types\/page"}],"author":[{"embeddable":true,"href":"https:\/\/test.pakpromet.com\/index.php\/wp-json\/wp\/v2\/users\/1"}],"replies":[{"embeddable":true,"href":"https:\/\/test.pakpromet.com\/index.php\/wp-json\/wp\/v2\/comments?post=5366"}],"version-history":[{"count":10,"href":"https:\/\/test.pakpromet.com\/index.php\/wp-json\/wp\/v2\/pages\/5366\/revisions"}],"predecessor-version":[{"id":7377,"href":"https:\/\/test.pakpromet.com\/index.php\/wp-json\/wp\/v2\/pages\/5366\/revisions\/7377"}],"wp:attachment":[{"href":"https:\/\/test.pakpromet.com\/index.php\/wp-json\/wp\/v2\/media?parent=5366"}],"curies":[{"name":"wp","href":"https:\/\/api.w.org\/{rel}","templated":true}]}}