{"id":5357,"date":"2021-07-10T08:51:41","date_gmt":"2021-07-10T06:51:41","guid":{"rendered":"https:\/\/test.pakpromet.com\/?page_id=5357"},"modified":"2021-10-02T23:58:10","modified_gmt":"2021-10-02T21:58:10","slug":"dv-300","status":"publish","type":"page","link":"https:\/\/test.pakpromet.com\/index.php\/dv-300\/","title":{"rendered":"DV 300"},"content":{"rendered":"<p>[vc_row][vc_column][vc_column_text]<\/p>\n<h1 style=\"text-align: center;\"><strong>DV 300<\/strong><\/h1>\n<p>[\/vc_column_text][vc_empty_space height=&#8221;50px&#8221;][\/vc_column][\/vc_row][vc_row][vc_column][vc_text_separator title=&#8221;NAMENA URE\u0110AJA&#8221; title_align=&#8221;separator_align_left&#8221; border_width=&#8221;6&#8243; el_class=&#8221;bold&#8221;][vc_empty_space][vc_column_text]Ovaj ure\u0111aj je namenjen za odmeravanje, doziranje i pakovanje te\u010dnosti u polistirenske i polipropilenske posude, u zapreminama od 100 do 2000 mililitara, koje se na samom ure\u0111aju zatvaraju folijom sa kotura iz istovremeno opsecanje.[\/vc_column_text][vc_empty_space][vc_video link=&#8221;https:\/\/youtu.be\/GNr0ImzmMRg&#8221; el_width=&#8221;70&#8243; align=&#8221;center&#8221;][vc_empty_space][vc_text_separator title=&#8221;TEHNI\u010cKI OPIS&#8221; title_align=&#8221;separator_align_left&#8221; border_width=&#8221;6&#8243; el_class=&#8221;bold&#8221;][vc_empty_space][vc_column_text]Ure\u0111aj DV 300 je koncipiran kao horizontalni jednoredni linijski poluautomat sa pneumatskim upravlja\u010dkim i pogonskim elementima, sa ru\u010dnim startovanjem svakog pojedina\u010dnog ciklusa.<\/p>\n<p>Dozirni sistem je izveden kao flowmetrijski mehanizam, sa automatskim od\u017eavanjem nivoa te\u010dnosti i nadpritiska u dozirnom loncu ma\u0161ine, \u0161to omogu\u0107ava veliku preciznost i ponovljivost odmerene koli\u010dine.<\/p>\n<p>Pode\u0161avanje doze se vr\u0161i na touch panelu sa precizno\u0161\u0107u od 1ml, a za kontrolu dozirane koli\u010dine treba koristiti menzuru. Zavarivanje folije uz istovremeno opsecanje je pogonjeno pneumatskim cilindrom.<\/p>\n<p>Pomeranje gnezda sa posudicom i premotavanje folije se vr\u0161i ru\u010dno.<\/p>\n<p>Ma\u0161ina poseduje instalaciju za automatsko pranje u CIP-u.[\/vc_column_text][vc_empty_space][\/vc_column][\/vc_row][vc_row][vc_column width=&#8221;2\/3&#8243;][vc_text_separator title=&#8221;TEHNI\u010cKE KARAKTERISTIKE&#8221; i_icon_fontawesome=&#8221;fas fa-file-alt&#8221; i_color=&#8221;black&#8221; border_width=&#8221;6&#8243; css_animation=&#8221;none&#8221; add_icon=&#8221;true&#8221;][vc_column_text]<\/p>\n<table width=\"623\">\n<tbody>\n<tr>\n<td width=\"306\">&#8211; kapacitet ma\u0161ine<\/td>\n<td width=\"317\">Q = 300 jedinica \/ h<\/td>\n<\/tr>\n<tr>\n<td width=\"306\">&#8211; opseg doziranja<\/td>\n<td width=\"317\">0,10 &#8211; 2,00 litra<\/td>\n<\/tr>\n<tr>\n<td width=\"306\">&#8211; instalisana snaga<\/td>\n<td width=\"317\">P = 1.00 k W<\/td>\n<\/tr>\n<tr>\n<td width=\"306\">&#8211; nazivni napon<\/td>\n<td width=\"317\">U = 380 V ; 50 Hz<\/td>\n<\/tr>\n<tr>\n<td width=\"306\">&#8211; dimenzije ma\u0161ine D x \u0160 x V<\/td>\n<td width=\"317\">900 x 1200 x 1800<\/td>\n<\/tr>\n<tr>\n<td width=\"306\">&#8211; masa ma\u0161ine<\/td>\n<td width=\"317\">M = 210 kg<\/td>\n<\/tr>\n<tr>\n<td width=\"306\">&#8211; dimenzije posude<\/td>\n<td width=\"317\">prema uzorku<\/td>\n<\/tr>\n<tr>\n<td width=\"306\">&#8211; \u0161irina folije<\/td>\n<td width=\"317\">od 190 do 205mm<\/td>\n<\/tr>\n<tr>\n<td width=\"306\">&#8211; pre\u010dnik hilzne<\/td>\n<td width=\"317\">40 mm<\/td>\n<\/tr>\n<tr>\n<td width=\"306\">&#8211; maksimalni pre\u010dnik rolne<\/td>\n<td width=\"317\">250 mm<\/td>\n<\/tr>\n<tr>\n<td width=\"306\">&#8211; debljina alu folije<\/td>\n<td width=\"317\">40 mikrona<\/td>\n<\/tr>\n<\/tbody>\n<\/table>\n<p>[\/vc_column_text][\/vc_column][vc_column width=&#8221;1\/3&#8243;][vc_text_separator title=&#8221;TEHNI\u010cKA DOKUMENTACIJA&#8221; i_icon_fontawesome=&#8221;fas fa-file-pdf&#8221; i_color=&#8221;pink&#8221; border_width=&#8221;6&#8243; add_icon=&#8221;true&#8221;][vc_message message_box_color=&#8221;green&#8221; icon_fontawesome=&#8221;far fa-file-pdf&#8221;]<a href=\"https:\/\/test.pakpromet.com\/wp-content\/uploads\/2021\/07\/10.0.DV-300.pdf\" target=\"_blank\" rel=\"noopener\">Preuzmite bro\u0161uru<\/a>[\/vc_message][\/vc_column][\/vc_row][vc_row][vc_column][vc_empty_space][vc_images_carousel images=&#8221;7331,7332,7333,7334&#8243; img_size=&#8221;full&#8221; speed=&#8221;2000&#8243; slides_per_view=&#8221;2&#8243; autoplay=&#8221;yes&#8221; hide_pagination_control=&#8221;yes&#8221; wrap=&#8221;yes&#8221;][\/vc_column][\/vc_row]<\/p>\n","protected":false},"excerpt":{"rendered":"<p>[vc_row][vc_column][vc_column_text] DV 300 [\/vc_column_text][vc_empty_space height=&#8221;50px&#8221;][\/vc_column][\/vc_row][vc_row][vc_column][vc_text_separator title=&#8221;NAMENA URE\u0110AJA&#8221; title_align=&#8221;separator_align_left&#8221; border_width=&#8221;6&#8243; el_class=&#8221;bold&#8221;][vc_empty_space][vc_column_text]Ovaj ure\u0111aj je namenjen za odmeravanje, doziranje i pakovanje te\u010dnosti u polistirenske i polipropilenske posude, u zapreminama od 100 do 2000 mililitara, koje se na samom ure\u0111aju zatvaraju folijom sa kotura iz istovremeno opsecanje.[\/vc_column_text][vc_empty_space][vc_video link=&#8221;https:\/\/youtu.be\/GNr0ImzmMRg&#8221; el_width=&#8221;70&#8243; align=&#8221;center&#8221;][vc_empty_space][vc_text_separator title=&#8221;TEHNI\u010cKI OPIS&#8221; title_align=&#8221;separator_align_left&#8221; border_width=&#8221;6&#8243; el_class=&#8221;bold&#8221;][vc_empty_space][vc_column_text]Ure\u0111aj DV 300 je koncipiran [&hellip;]<\/p>\n","protected":false},"author":1,"featured_media":0,"parent":0,"menu_order":0,"comment_status":"closed","ping_status":"closed","template":"","meta":{"footnotes":""},"class_list":["post-5357","page","type-page","status-publish","hentry","no-thumb"],"_links":{"self":[{"href":"https:\/\/test.pakpromet.com\/index.php\/wp-json\/wp\/v2\/pages\/5357","targetHints":{"allow":["GET"]}}],"collection":[{"href":"https:\/\/test.pakpromet.com\/index.php\/wp-json\/wp\/v2\/pages"}],"about":[{"href":"https:\/\/test.pakpromet.com\/index.php\/wp-json\/wp\/v2\/types\/page"}],"author":[{"embeddable":true,"href":"https:\/\/test.pakpromet.com\/index.php\/wp-json\/wp\/v2\/users\/1"}],"replies":[{"embeddable":true,"href":"https:\/\/test.pakpromet.com\/index.php\/wp-json\/wp\/v2\/comments?post=5357"}],"version-history":[{"count":6,"href":"https:\/\/test.pakpromet.com\/index.php\/wp-json\/wp\/v2\/pages\/5357\/revisions"}],"predecessor-version":[{"id":7335,"href":"https:\/\/test.pakpromet.com\/index.php\/wp-json\/wp\/v2\/pages\/5357\/revisions\/7335"}],"wp:attachment":[{"href":"https:\/\/test.pakpromet.com\/index.php\/wp-json\/wp\/v2\/media?parent=5357"}],"curies":[{"name":"wp","href":"https:\/\/api.w.org\/{rel}","templated":true}]}}