{"id":5354,"date":"2021-07-10T08:50:02","date_gmt":"2021-07-10T06:50:02","guid":{"rendered":"https:\/\/test.pakpromet.com\/?page_id=5354"},"modified":"2021-10-03T00:01:41","modified_gmt":"2021-10-02T22:01:41","slug":"z-800-t","status":"publish","type":"page","link":"https:\/\/test.pakpromet.com\/index.php\/z-800-t\/","title":{"rendered":"Z 800 T"},"content":{"rendered":"<p>[vc_row][vc_column][vc_column_text]<\/p>\n<h1 style=\"text-align: center;\"><strong>Z 800 T<\/strong><\/h1>\n<p>[\/vc_column_text][vc_empty_space height=&#8221;50px&#8221;][\/vc_column][\/vc_row][vc_row][vc_column][vc_text_separator title=&#8221;NAMENA MA\u0160INE&#8221; title_align=&#8221;separator_align_left&#8221; border_width=&#8221;6&#8243; el_class=&#8221;bold&#8221;][vc_empty_space][vc_column_text]Zatvara\u010dica Z 800 T je namenjena za zatvaranje termovarom polistirenske ili polipropilenske posude po uzorku, koje se na samom ure\u0111aju zatvaraju aluminijumskim poklopcima.<br \/>\nMo\u017ee se koristiti i za razne materije, kako u prehrambenoj, tako i u drugim industrijama, kao i vrlo velikom opsegu izgleda ambala\u017ee.[\/vc_column_text][vc_empty_space][vc_video link=&#8221;https:\/\/youtu.be\/-sbThGTv8Jo&#8221; el_width=&#8221;70&#8243; align=&#8221;center&#8221;][vc_empty_space][vc_text_separator title=&#8221;TEHNI\u010cKI OPIS&#8221; title_align=&#8221;separator_align_left&#8221; border_width=&#8221;6&#8243; el_class=&#8221;bold&#8221;][vc_empty_space][vc_column_text]Zatvara\u010dica je koncipirana kao horizontalni jednoredni rotacioni poluautomat sa ru\u010dnim upravlja\u010dkim i pogonskim elementima, sa ru\u010dnim startovanjem svakog pojedina\u010dnog ciklusa.<br \/>\nPre\u010dnik venca posude mora biti istovetan za sve vrste ambala\u017ee ( 0.25, 0.5, 1 litar ) odnosno posude treba da se razlikuju samo po visini.[\/vc_column_text][vc_empty_space][\/vc_column][\/vc_row][vc_row][vc_column width=&#8221;2\/3&#8243;][vc_text_separator title=&#8221;TEHNI\u010cKE KARAKTERISTIKE&#8221; i_icon_fontawesome=&#8221;fas fa-file-alt&#8221; i_color=&#8221;black&#8221; border_width=&#8221;6&#8243; css_animation=&#8221;none&#8221; add_icon=&#8221;true&#8221;][vc_column_text]<\/p>\n<table width=\"623\">\n<tbody>\n<tr>\n<td width=\"306\">&#8211; kapacitet ma\u0161ine<\/td>\n<td width=\"317\">Q = 800 jedinica \/ h<\/td>\n<\/tr>\n<tr>\n<td width=\"306\">&#8211; instalisana snaga<\/td>\n<td width=\"317\">P = 0.85 k W<\/td>\n<\/tr>\n<tr>\n<td width=\"306\">&#8211; nazivni napon<\/td>\n<td width=\"317\">U = 220 V ; 50 Hz<\/td>\n<\/tr>\n<tr>\n<td width=\"306\">&#8211; dimenzije ma\u0161ine D x \u0160 x V<\/td>\n<td width=\"317\">600 x 500 x 800<\/td>\n<\/tr>\n<tr>\n<td width=\"306\">&#8211; masa ma\u0161ine<\/td>\n<td width=\"317\">M = 50 kg<\/td>\n<\/tr>\n<tr>\n<td width=\"306\">&#8211; pre\u010dnik venca \u010da\u0161ice<\/td>\n<td width=\"317\">D = po uzorku<\/td>\n<\/tr>\n<\/tbody>\n<\/table>\n<p>[\/vc_column_text][\/vc_column][vc_column width=&#8221;1\/3&#8243;][vc_text_separator title=&#8221;TEHNI\u010cKA DOKUMENTACIJA&#8221; i_icon_fontawesome=&#8221;fas fa-file-pdf&#8221; i_color=&#8221;pink&#8221; border_width=&#8221;6&#8243; add_icon=&#8221;true&#8221;][vc_message message_box_color=&#8221;green&#8221; icon_fontawesome=&#8221;far fa-file-pdf&#8221;]<a href=\"https:\/\/test.pakpromet.com\/wp-content\/uploads\/2021\/07\/11.-Z-800-T2-gnezda.pdf\">Preuzmite bro\u0161uru Z 800 T2<\/a> &#8211; sa dva gnezda[\/vc_message][vc_message message_box_color=&#8221;green&#8221; icon_fontawesome=&#8221;far fa-file-pdf&#8221;]<a href=\"https:\/\/test.pakpromet.com\/wp-content\/uploads\/2021\/07\/11.-Z-800-T4-gnezda.pdf\">Preuzmite bro\u0161uru Z 800 T4<\/a> &#8211; sa 4 gnezda[\/vc_message][\/vc_column][\/vc_row][vc_row][vc_column][vc_empty_space][vc_images_carousel images=&#8221;7336,7337,7338,7340,7341,7342,7343&#8243; img_size=&#8221;full&#8221; speed=&#8221;2000&#8243; slides_per_view=&#8221;2&#8243; autoplay=&#8221;yes&#8221; hide_pagination_control=&#8221;yes&#8221; wrap=&#8221;yes&#8221;][\/vc_column][\/vc_row]<\/p>\n","protected":false},"excerpt":{"rendered":"<p>[vc_row][vc_column][vc_column_text] Z 800 T [\/vc_column_text][vc_empty_space height=&#8221;50px&#8221;][\/vc_column][\/vc_row][vc_row][vc_column][vc_text_separator title=&#8221;NAMENA MA\u0160INE&#8221; title_align=&#8221;separator_align_left&#8221; border_width=&#8221;6&#8243; el_class=&#8221;bold&#8221;][vc_empty_space][vc_column_text]Zatvara\u010dica Z 800 T je namenjena za zatvaranje termovarom polistirenske ili polipropilenske posude po uzorku, koje se na samom ure\u0111aju zatvaraju aluminijumskim poklopcima. Mo\u017ee se koristiti i za razne materije, kako u prehrambenoj, tako i u drugim industrijama, kao i vrlo velikom opsegu izgleda ambala\u017ee.[\/vc_column_text][vc_empty_space][vc_video [&hellip;]<\/p>\n","protected":false},"author":1,"featured_media":0,"parent":0,"menu_order":0,"comment_status":"closed","ping_status":"closed","template":"","meta":{"footnotes":""},"class_list":["post-5354","page","type-page","status-publish","hentry","no-thumb"],"_links":{"self":[{"href":"https:\/\/test.pakpromet.com\/index.php\/wp-json\/wp\/v2\/pages\/5354","targetHints":{"allow":["GET"]}}],"collection":[{"href":"https:\/\/test.pakpromet.com\/index.php\/wp-json\/wp\/v2\/pages"}],"about":[{"href":"https:\/\/test.pakpromet.com\/index.php\/wp-json\/wp\/v2\/types\/page"}],"author":[{"embeddable":true,"href":"https:\/\/test.pakpromet.com\/index.php\/wp-json\/wp\/v2\/users\/1"}],"replies":[{"embeddable":true,"href":"https:\/\/test.pakpromet.com\/index.php\/wp-json\/wp\/v2\/comments?post=5354"}],"version-history":[{"count":10,"href":"https:\/\/test.pakpromet.com\/index.php\/wp-json\/wp\/v2\/pages\/5354\/revisions"}],"predecessor-version":[{"id":7345,"href":"https:\/\/test.pakpromet.com\/index.php\/wp-json\/wp\/v2\/pages\/5354\/revisions\/7345"}],"wp:attachment":[{"href":"https:\/\/test.pakpromet.com\/index.php\/wp-json\/wp\/v2\/media?parent=5354"}],"curies":[{"name":"wp","href":"https:\/\/api.w.org\/{rel}","templated":true}]}}