{"id":5350,"date":"2021-07-10T08:48:02","date_gmt":"2021-07-10T06:48:02","guid":{"rendered":"https:\/\/test.pakpromet.com\/?page_id=5350"},"modified":"2021-10-02T23:53:13","modified_gmt":"2021-10-02T21:53:13","slug":"fiopak-400-vg","status":"publish","type":"page","link":"https:\/\/test.pakpromet.com\/index.php\/fiopak-400-vg\/","title":{"rendered":"FIOPAK 400 VG"},"content":{"rendered":"<p>[vc_row][vc_column][vc_column_text]<\/p>\n<h1 style=\"text-align: center;\"><strong>FIOPAK 400 VG<\/strong><\/h1>\n<p>[\/vc_column_text][vc_empty_space height=&#8221;50px&#8221;][\/vc_column][\/vc_row][vc_row][vc_column][vc_text_separator title=&#8221;NAMENA URE\u0110AJA&#8221; title_align=&#8221;separator_align_left&#8221; border_width=&#8221;6&#8243; el_class=&#8221;bold&#8221;][vc_empty_space][vc_column_text]FIOPAK 400 VG je poluautomatska ma\u0161ina za vakuumsko pakovanje sa inertnim gasom proizvoda u plitke posude. Ku\u0107i\u0161te ma\u0161ine je napravljeno od aluminijumskih profila i nerdjaju\u0107eg \u010delika. Dvoja vrata, jedna sa leve a druga sa desne , napravljena su da se lako kontroli\u0161e vakuum pumpa i elektri\u010dna tabla.<\/p>\n<p>Operativni ciklus obuhvata ru\u010dno pozicioniranje posuda u pogodne kalupe a slede\u0107e operacije: vakuum, ubrizgavanje gasa, pe\u010datiranje i prosecanje folije, sve su automatske.<br \/>\nOperater mo\u017ee da koristi kontrolnu tablu za regulisanje vakuuma (ru\u010dno i automatski), pritisak gasa, temperatura pe\u010datiranja.[\/vc_column_text][vc_empty_space][vc_video link=&#8221;https:\/\/youtu.be\/5z6FhtAFFtY&#8221; el_width=&#8221;70&#8243; align=&#8221;center&#8221;][vc_empty_space][vc_video link=&#8221;https:\/\/youtu.be\/KB_teuAuj7M&#8221; el_width=&#8221;70&#8243; align=&#8221;center&#8221;][vc_empty_space][vc_text_separator title=&#8221;TEHNI\u010cKI OPIS&#8221; title_align=&#8221;separator_align_left&#8221; border_width=&#8221;6&#8243; el_class=&#8221;bold&#8221;][vc_empty_space][vc_column_text]Ova ma\u0161ina se mo\u017ee koristiti za pe\u010datiranje posuda razli\u010ditih oblika i veli\u010dina, promenom kalupa. Ovo je veoma jednostavna operacija koja traje svega nekoliko minuta, \u0161to je obele\u017eje ma\u0161ine FIOPAK 400 VG.<\/p>\n<p>Model FIOPAK 400 obezbedjuje samo pe\u010datiranje i prosecanje.[\/vc_column_text][vc_empty_space][\/vc_column][\/vc_row][vc_row][vc_column width=&#8221;2\/3&#8243;][vc_text_separator title=&#8221;TEHNI\u010cKE KARAKTERISTIKE&#8221; i_icon_fontawesome=&#8221;fas fa-file-alt&#8221; i_color=&#8221;black&#8221; border_width=&#8221;6&#8243; css_animation=&#8221;none&#8221; add_icon=&#8221;true&#8221;][vc_column_text]<\/p>\n<table>\n<tbody>\n<tr>\n<td rowspan=\"3\" width=\"375\">&nbsp;<\/p>\n<p>Karakteristike<\/td>\n<td colspan=\"4\" width=\"348\">Model FIOPAK<\/td>\n<\/tr>\n<tr>\n<td colspan=\"2\" width=\"174\">400 VG<\/td>\n<td colspan=\"2\" width=\"174\">400<\/td>\n<\/tr>\n<tr>\n<td width=\"90\">Standard<\/td>\n<td width=\"84\">Opciono<\/td>\n<td width=\"90\">Standard<\/td>\n<td width=\"84\">Opciono<\/td>\n<\/tr>\n<tr>\n<td width=\"375\">Vakuum<\/td>\n<td width=\"90\">X<\/td>\n<td width=\"84\"><\/td>\n<td width=\"90\"><\/td>\n<td width=\"84\"><\/td>\n<\/tr>\n<tr>\n<td width=\"375\">Premotavanje vi\u0161ka otpada<\/td>\n<td width=\"90\">X<\/td>\n<td width=\"84\"><\/td>\n<td width=\"90\">X<\/td>\n<td width=\"84\"><\/td>\n<\/tr>\n<tr>\n<td width=\"375\">Automatsko izbacivanje<\/td>\n<td width=\"90\"><\/td>\n<td width=\"84\">X<\/td>\n<td width=\"90\"><\/td>\n<td width=\"84\">X<\/td>\n<\/tr>\n<tr>\n<td width=\"375\">Promenljivi alati<\/td>\n<td width=\"90\"><\/td>\n<td width=\"84\">X<\/td>\n<td width=\"90\"><\/td>\n<td width=\"84\">X<\/td>\n<\/tr>\n<tr>\n<td width=\"375\">Vakuum kutija h-115<\/td>\n<td width=\"90\">X<\/td>\n<td width=\"84\"><\/td>\n<td width=\"90\"><\/td>\n<td width=\"84\"><\/td>\n<\/tr>\n<tr>\n<td width=\"375\">Vakuum kutija h-180<\/td>\n<td width=\"90\"><\/td>\n<td width=\"84\">X<\/td>\n<td width=\"90\"><\/td>\n<td width=\"84\"><\/td>\n<\/tr>\n<tr>\n<td width=\"375\">Vakuum pumpa 25 m3<\/td>\n<td width=\"90\">X<\/td>\n<td width=\"84\"><\/td>\n<td width=\"90\"><\/td>\n<td width=\"84\"><\/td>\n<\/tr>\n<tr>\n<td width=\"375\">Vakuum pumpa 40 m3<\/td>\n<td width=\"90\"><\/td>\n<td width=\"84\">X<\/td>\n<td width=\"90\"><\/td>\n<td width=\"84\"><\/td>\n<\/tr>\n<tr>\n<td width=\"375\">Centriranje folije<\/td>\n<td width=\"90\">X<\/td>\n<td width=\"84\"><\/td>\n<td width=\"90\">X<\/td>\n<td width=\"84\"><\/td>\n<\/tr>\n<tr>\n<td width=\"375\">Dimenzije ma\u0161ine<\/td>\n<td colspan=\"2\" width=\"174\">1100 x 850 x 1350<\/td>\n<td colspan=\"2\" width=\"174\">1100 x 850 x 1350<\/td>\n<\/tr>\n<tr>\n<td width=\"375\">Te\u017eina &#8211; kg<\/td>\n<td colspan=\"2\" width=\"174\">175<\/td>\n<td colspan=\"2\" width=\"174\">105<\/td>\n<\/tr>\n<tr>\n<td width=\"375\">Napajanje<\/td>\n<td colspan=\"2\" width=\"174\">220 V &#8211; 50Hz<\/td>\n<td colspan=\"2\" width=\"174\">220 V &#8211; 50Hz<\/td>\n<\/tr>\n<tr>\n<td width=\"375\">Elektri\u010dna snaga<\/td>\n<td colspan=\"2\" width=\"174\">2000 W<\/td>\n<td colspan=\"2\" width=\"174\">2000 W<\/td>\n<\/tr>\n<tr>\n<td width=\"375\">Maksimalna dimenzija posude<\/td>\n<td colspan=\"2\" width=\"174\">320 x 260 x 180<\/td>\n<td colspan=\"2\" width=\"174\">320 x 260 x 200<\/td>\n<\/tr>\n<tr>\n<td width=\"375\">Maksimalna \u0161irina folije<\/td>\n<td colspan=\"2\" width=\"174\">290<\/td>\n<td colspan=\"2\" width=\"174\">290<\/td>\n<\/tr>\n<\/tbody>\n<\/table>\n<p>[\/vc_column_text][\/vc_column][vc_column width=&#8221;1\/3&#8243;][vc_text_separator title=&#8221;TEHNI\u010cKA DOKUMENTACIJA&#8221; i_icon_fontawesome=&#8221;fas fa-file-pdf&#8221; i_color=&#8221;pink&#8221; border_width=&#8221;6&#8243; add_icon=&#8221;true&#8221;][vc_message message_box_color=&#8221;green&#8221; icon_fontawesome=&#8221;far fa-file-pdf&#8221;]<a href=\"https:\/\/test.pakpromet.com\/wp-content\/uploads\/2021\/07\/10.-FIOPAK-400-VG-2-gnezda.pdf\">Preuzmite bro\u0161uru &#8211; Flopak 400 VG &#8211; 2 gnezda<\/a>[\/vc_message][vc_message message_box_color=&#8221;green&#8221; icon_fontawesome=&#8221;far fa-file-pdf&#8221;]<a href=\"https:\/\/test.pakpromet.com\/wp-content\/uploads\/2021\/07\/10.-FIOPAK-400-VG-4-gnezda.pdf\" target=\"_blank\" rel=\"noopener\">Preuzmite bro\u0161uru &#8211; FIOPAK 400 VG &#8211; 4 gnezda<\/a>[\/vc_message][\/vc_column][\/vc_row][vc_row][vc_column][vc_empty_space][vc_images_carousel images=&#8221;7320,7321,7322,7323,7324,7325,7326,7327,7328,7329&#8243; img_size=&#8221;full&#8221; speed=&#8221;2000&#8243; slides_per_view=&#8221;2&#8243; autoplay=&#8221;yes&#8221; hide_pagination_control=&#8221;yes&#8221; wrap=&#8221;yes&#8221;][\/vc_column][\/vc_row]<\/p>\n","protected":false},"excerpt":{"rendered":"<p>[vc_row][vc_column][vc_column_text] FIOPAK 400 VG [\/vc_column_text][vc_empty_space height=&#8221;50px&#8221;][\/vc_column][\/vc_row][vc_row][vc_column][vc_text_separator title=&#8221;NAMENA URE\u0110AJA&#8221; title_align=&#8221;separator_align_left&#8221; border_width=&#8221;6&#8243; el_class=&#8221;bold&#8221;][vc_empty_space][vc_column_text]FIOPAK 400 VG je poluautomatska ma\u0161ina za vakuumsko pakovanje sa inertnim gasom proizvoda u plitke posude. Ku\u0107i\u0161te ma\u0161ine je napravljeno od aluminijumskih profila i nerdjaju\u0107eg \u010delika. Dvoja vrata, jedna sa leve a druga sa desne , napravljena su da se lako kontroli\u0161e vakuum pumpa i [&hellip;]<\/p>\n","protected":false},"author":1,"featured_media":0,"parent":0,"menu_order":0,"comment_status":"closed","ping_status":"closed","template":"","meta":{"footnotes":""},"class_list":["post-5350","page","type-page","status-publish","hentry","no-thumb"],"_links":{"self":[{"href":"https:\/\/test.pakpromet.com\/index.php\/wp-json\/wp\/v2\/pages\/5350","targetHints":{"allow":["GET"]}}],"collection":[{"href":"https:\/\/test.pakpromet.com\/index.php\/wp-json\/wp\/v2\/pages"}],"about":[{"href":"https:\/\/test.pakpromet.com\/index.php\/wp-json\/wp\/v2\/types\/page"}],"author":[{"embeddable":true,"href":"https:\/\/test.pakpromet.com\/index.php\/wp-json\/wp\/v2\/users\/1"}],"replies":[{"embeddable":true,"href":"https:\/\/test.pakpromet.com\/index.php\/wp-json\/wp\/v2\/comments?post=5350"}],"version-history":[{"count":9,"href":"https:\/\/test.pakpromet.com\/index.php\/wp-json\/wp\/v2\/pages\/5350\/revisions"}],"predecessor-version":[{"id":7330,"href":"https:\/\/test.pakpromet.com\/index.php\/wp-json\/wp\/v2\/pages\/5350\/revisions\/7330"}],"wp:attachment":[{"href":"https:\/\/test.pakpromet.com\/index.php\/wp-json\/wp\/v2\/media?parent=5350"}],"curies":[{"name":"wp","href":"https:\/\/api.w.org\/{rel}","templated":true}]}}