{"id":5348,"date":"2021-07-10T08:47:09","date_gmt":"2021-07-10T06:47:09","guid":{"rendered":"https:\/\/test.pakpromet.com\/?page_id=5348"},"modified":"2021-10-02T23:48:59","modified_gmt":"2021-10-02T21:48:59","slug":"pd-1000-mini","status":"publish","type":"page","link":"https:\/\/test.pakpromet.com\/index.php\/pd-1000-mini\/","title":{"rendered":"DOZATOR PD 1000 mini"},"content":{"rendered":"<p>[vc_row][vc_column][vc_column_text]<\/p>\n<h1 style=\"text-align: center;\"><strong>DOZATOR PD 1000 mini<\/strong><\/h1>\n<p>[\/vc_column_text][vc_empty_space height=&#8221;50px&#8221;][\/vc_column][\/vc_row][vc_row][vc_column][vc_text_separator title=&#8221;NAMENA URE\u0110AJA&#8221; title_align=&#8221;separator_align_left&#8221; border_width=&#8221;6&#8243; el_class=&#8221;bold&#8221;][vc_empty_space][vc_column_text]Ovaj ure\u0111aj je namenjen za odmeravanje i doziranje te\u010dnosti ili drugih materija u ve\u0107 formirane i napunjene posude.<br \/>\nMo\u017ee se koristiti i kao samostalna i kao u sklopu PD 5000 mini.[\/vc_column_text][vc_empty_space][vc_video link=&#8221;https:\/\/youtu.be\/3iBM4Z04s7Y&#8221; el_width=&#8221;70&#8243; align=&#8221;center&#8221;][vc_empty_space][vc_text_separator title=&#8221;TEHNI\u010cKI OPIS&#8221; title_align=&#8221;separator_align_left&#8221; border_width=&#8221;6&#8243; el_class=&#8221;bold&#8221;][vc_empty_space][vc_column_text]Ure\u0111aj PD 1000 Mini je koncipiran kao mehanizam sa pneumatskim upravlja\u010dkim pogonskim elementima,<br \/>\nDozirni sistem je izveden kao klipni pumpni mehanizam, sa nepovratnim ventilima koji omogu\u0107avaju precizno punjenje dozatora prilikom usisavanja mase, a time i veliku preciznost i ponovljivost odmerene koli\u010dine.<br \/>\nIznad dozatora nalazi se konusna posuda sa poklopcem u koju se ru\u010dno usipava masa koja se dozira.<br \/>\nKompletan ure\u0111aj je izra\u0111en od ner\u0111aju\u0107eg \u010delika i drugih materijala dozvoljenih za kori\u0161\u0107enje u prehrambenoj industriji.[\/vc_column_text][vc_empty_space][\/vc_column][\/vc_row][vc_row][vc_column width=&#8221;2\/3&#8243;][vc_text_separator title=&#8221;TEHNI\u010cKE KARAKTERISTIKE&#8221; i_icon_fontawesome=&#8221;fas fa-file-alt&#8221; i_color=&#8221;black&#8221; border_width=&#8221;6&#8243; css_animation=&#8221;none&#8221; add_icon=&#8221;true&#8221;][vc_column_text]<\/p>\n<table width=\"623\">\n<tbody>\n<tr>\n<td width=\"306\">&#8211; kapacitet<\/td>\n<td width=\"317\">Q = 1000 ciklusa \/ h<\/td>\n<\/tr>\n<tr>\n<td width=\"306\">&#8211; pritisak vazduha<\/td>\n<td width=\"317\">P = 6 &#8211; 8 bar-a<\/td>\n<\/tr>\n<tr>\n<td width=\"306\">&#8211; potro\u0161nja vazduha (na 6 bar-a)<\/td>\n<td width=\"317\">35 Nl \/ min<\/td>\n<\/tr>\n<tr>\n<td width=\"306\">&#8211; dimenzije ma\u0161ine D x \u0160 x V<\/td>\n<td width=\"317\">950 x 500 x 750<\/td>\n<\/tr>\n<tr>\n<td width=\"306\">&#8211; te\u017eina uredjaja<\/td>\n<td width=\"317\">M = 85 kg<\/td>\n<\/tr>\n<tr>\n<td width=\"306\">&#8211; vrsta pogona<\/td>\n<td width=\"317\">Pneumatski<\/td>\n<\/tr>\n<\/tbody>\n<\/table>\n<p>[\/vc_column_text][\/vc_column][vc_column width=&#8221;1\/3&#8243;][vc_text_separator title=&#8221;TEHNI\u010cKA DOKUMENTACIJA&#8221; i_icon_fontawesome=&#8221;fas fa-file-pdf&#8221; i_color=&#8221;pink&#8221; border_width=&#8221;6&#8243; add_icon=&#8221;true&#8221;][vc_message message_box_color=&#8221;green&#8221; icon_fontawesome=&#8221;far fa-file-pdf&#8221;]<a href=\"https:\/\/test.pakpromet.com\/wp-content\/uploads\/2021\/07\/14.-PD1000-mini.pdf\" target=\"_blank\" rel=\"noopener\">Preuzmite bro\u0161uru<\/a>[\/vc_message][\/vc_column][\/vc_row][vc_row][vc_column][vc_empty_space][vc_images_carousel images=&#8221;7313,7314,7315,7316,7317,7318&#8243; img_size=&#8221;full&#8221; speed=&#8221;2000&#8243; slides_per_view=&#8221;2&#8243; autoplay=&#8221;yes&#8221; hide_pagination_control=&#8221;yes&#8221; wrap=&#8221;yes&#8221;][\/vc_column][\/vc_row]<\/p>\n","protected":false},"excerpt":{"rendered":"<p>[vc_row][vc_column][vc_column_text] DOZATOR PD 1000 mini [\/vc_column_text][vc_empty_space height=&#8221;50px&#8221;][\/vc_column][\/vc_row][vc_row][vc_column][vc_text_separator title=&#8221;NAMENA URE\u0110AJA&#8221; title_align=&#8221;separator_align_left&#8221; border_width=&#8221;6&#8243; el_class=&#8221;bold&#8221;][vc_empty_space][vc_column_text]Ovaj ure\u0111aj je namenjen za odmeravanje i doziranje te\u010dnosti ili drugih materija u ve\u0107 formirane i napunjene posude. Mo\u017ee se koristiti i kao samostalna i kao u sklopu PD 5000 mini.[\/vc_column_text][vc_empty_space][vc_video link=&#8221;https:\/\/youtu.be\/3iBM4Z04s7Y&#8221; el_width=&#8221;70&#8243; align=&#8221;center&#8221;][vc_empty_space][vc_text_separator title=&#8221;TEHNI\u010cKI OPIS&#8221; title_align=&#8221;separator_align_left&#8221; border_width=&#8221;6&#8243; el_class=&#8221;bold&#8221;][vc_empty_space][vc_column_text]Ure\u0111aj PD 1000 Mini je koncipiran [&hellip;]<\/p>\n","protected":false},"author":1,"featured_media":0,"parent":0,"menu_order":0,"comment_status":"closed","ping_status":"closed","template":"","meta":{"footnotes":""},"class_list":["post-5348","page","type-page","status-publish","hentry","no-thumb"],"_links":{"self":[{"href":"https:\/\/test.pakpromet.com\/index.php\/wp-json\/wp\/v2\/pages\/5348","targetHints":{"allow":["GET"]}}],"collection":[{"href":"https:\/\/test.pakpromet.com\/index.php\/wp-json\/wp\/v2\/pages"}],"about":[{"href":"https:\/\/test.pakpromet.com\/index.php\/wp-json\/wp\/v2\/types\/page"}],"author":[{"embeddable":true,"href":"https:\/\/test.pakpromet.com\/index.php\/wp-json\/wp\/v2\/users\/1"}],"replies":[{"embeddable":true,"href":"https:\/\/test.pakpromet.com\/index.php\/wp-json\/wp\/v2\/comments?post=5348"}],"version-history":[{"count":9,"href":"https:\/\/test.pakpromet.com\/index.php\/wp-json\/wp\/v2\/pages\/5348\/revisions"}],"predecessor-version":[{"id":7319,"href":"https:\/\/test.pakpromet.com\/index.php\/wp-json\/wp\/v2\/pages\/5348\/revisions\/7319"}],"wp:attachment":[{"href":"https:\/\/test.pakpromet.com\/index.php\/wp-json\/wp\/v2\/media?parent=5348"}],"curies":[{"name":"wp","href":"https:\/\/api.w.org\/{rel}","templated":true}]}}