{"id":4824,"date":"2021-06-10T14:05:11","date_gmt":"2021-06-10T12:05:11","guid":{"rendered":"https:\/\/test.pakpromet.com\/?page_id=4824"},"modified":"2021-10-02T23:42:12","modified_gmt":"2021-10-02T21:42:12","slug":"formopak-2400-k","status":"publish","type":"page","link":"https:\/\/test.pakpromet.com\/index.php\/formopak-2400-k\/","title":{"rendered":"FORMOPAK 2400 K"},"content":{"rendered":"<p>[vc_row][vc_column][vc_column_text]<\/p>\n<h1 style=\"text-align: center;\"><strong>FORMOPAK 2400 K<\/strong><\/h1>\n<p>[\/vc_column_text][vc_empty_space height=&#8221;50px&#8221;][\/vc_column][\/vc_row][vc_row][vc_column][vc_text_separator title=&#8221;NAMENA MA\u0160INE&#8221; title_align=&#8221;separator_align_left&#8221; border_width=&#8221;6&#8243; el_class=&#8221;bold&#8221;][vc_empty_space][vc_column_text]<strong>FORMOPAK 2400 K<\/strong>\u00a0je automatska ma\u0161ina namenjena za odmeravanje, doziranje i zatvaranje manjih PVC i polistirenskih posuda, uz istovremenu izradu ove ambala\u017ee na samoj ma\u0161ini, postupkom termoformiranja.<br \/>\nMa\u0161ina se isporu\u010duje za malo pakovanje \u010daja u PVC ka\u0161i\u010dice koje se formiraju na samoj ma\u0161ini i iz ama\u0161ine izlaze kao paket sa \u010detiri ka\u0161i\u010dice.<\/p>\n<p>Zatvaranje se vr\u0161i termo zavarivanjem pomo\u0107u stalno zagrejane pegle. Jednostavan je za rukovanje, tako da mogu da ga opslu\u017euju radnici ni\u017eeg stepena stru\u010dnosti.[\/vc_column_text][vc_empty_space][vc_video link=&#8221;https:\/\/youtu.be\/bZuYlNHjZG8&#8243; el_width=&#8221;70&#8243; align=&#8221;center&#8221;][vc_empty_space][vc_text_separator title=&#8221;TEHNI\u010cKI OPIS&#8221; title_align=&#8221;separator_align_left&#8221; border_width=&#8221;6&#8243; el_class=&#8221;bold&#8221;][vc_empty_space][vc_column_text]Po na\u010dinu rada i upravlja\u010dkim karakteristikama ovo je dvoredna linijska ma\u0161ina, horizontalna, sa taktnim re\u017eimom rada. Sastavljena je iz vi\u0161e jedinica &#8211; modula, objedinjenih u jednu funkcionalnu celinu, \u010dijim radom upravlja programabilni logi\u010dki kontroler (PLC).<\/p>\n<p>Prema vrsti pogona ova ma\u0161ina predstavlja kombinaciju pneumatskih i mehani\u010dkih mehanizama, koji obavljaju i funkcije formiranja \u010dan\u010di\u0107a, odmeravanja i doziranja mase, zatvaranje posudica filcom, zatvaranje posudica polietilenom, odsecanja, iznosenja sa ma\u0161ine i namotavanja odpadne folije.<\/p>\n<p>Ova ma\u0161ina je opremljena kofi\u010dastim dozirnim mehanizmom za razne vrste i oblike \u010dajeva Zatvaranje posuda se vr\u0161i varenjem filter papira, pa sa varenjem polietilenske folije. Posle zavarivanja se traka odse\u010de, napunjene posudice padaju na transporter koji ih iznosi sa ma\u0161ine, a otpad se namotava na prihvatnu hilznu. Kontrola temperature pegle se vr\u0161i termoregulatorom.<\/p>\n<p>Svi elementi koji dolaze u kontakt sa materijom koja se pakuje izradjeni su od ner\u0111aju\u0107eg \u010delika i drugih materijala atestiranih za upotrebu u prehrambenoj industriji. Za pravilan rad uredjaja neophodno je da ga opslu\u017euju dva rukovaoca. Prvi rukovalac upravlja procesom rada ma\u0161ine, dok drugi rukovalac radi na dono\u0161enju ambala\u017ee i odno\u0161enju gotovih proizvoda u magacin.[\/vc_column_text][vc_empty_space][\/vc_column][\/vc_row][vc_row][vc_column width=&#8221;2\/3&#8243;][vc_text_separator title=&#8221;TEHNI\u010cKE KARAKTERISTIKE&#8221; i_icon_fontawesome=&#8221;fas fa-file-alt&#8221; i_color=&#8221;black&#8221; border_width=&#8221;6&#8243; css_animation=&#8221;none&#8221; add_icon=&#8221;true&#8221;][vc_column_text]<\/p>\n<table width=\"431\">\n<tbody>\n<tr>\n<td width=\"228\">&#8211;\u00a0kapacitet ma\u0161ine<\/td>\n<td width=\"203\">Q = 2400 jedinica \/ h<\/td>\n<\/tr>\n<tr>\n<td width=\"228\">&#8211; opseg doziranja<\/td>\n<td width=\"203\">4 x 10 grama<\/td>\n<\/tr>\n<tr>\n<td width=\"228\">&#8211; instalisana snaga<\/td>\n<td width=\"203\">Pi = 3 kW<\/td>\n<\/tr>\n<tr>\n<td width=\"228\">&#8211; nazivni napon<\/td>\n<td width=\"203\">U = 3 x 380 V \u00a050 Hz<\/td>\n<\/tr>\n<tr>\n<td width=\"228\">&#8211; nazivni pritisak<\/td>\n<td width=\"203\">P = 6 &#8211; 8 bar<\/td>\n<\/tr>\n<tr>\n<td width=\"228\">&#8211; nazivni pritisak<\/td>\n<td width=\"203\">480 Nl \/\u00a0min<\/td>\n<\/tr>\n<tr>\n<td width=\"228\">&#8211;\u00a0dimenzije ma\u0161ine D x \u0160 x V<\/td>\n<td width=\"203\">3500 x 900 x 2000 mm<\/td>\n<\/tr>\n<tr>\n<td width=\"228\">&#8211;\u00a0masa ma\u0161ine<\/td>\n<td width=\"203\">M = 1350 Kg<\/td>\n<\/tr>\n<\/tbody>\n<\/table>\n<p>[\/vc_column_text][\/vc_column][vc_column width=&#8221;1\/3&#8243;][vc_text_separator title=&#8221;TEHNI\u010cKA DOKUMENTACIJA&#8221; i_icon_fontawesome=&#8221;fas fa-file-pdf&#8221; i_color=&#8221;pink&#8221; border_width=&#8221;6&#8243; add_icon=&#8221;true&#8221;][vc_message message_box_color=&#8221;green&#8221; icon_fontawesome=&#8221;far fa-file-pdf&#8221;]<a href=\"https:\/\/test.pakpromet.com\/wp-content\/uploads\/2021\/06\/46.FORMOPAK-2400-K-srb-eng-rus.pdf\" target=\"_blank\" rel=\"noopener\">Preuzmite bro\u0161uru<\/a>[\/vc_message][\/vc_column][\/vc_row][vc_row][vc_column][vc_empty_space][vc_images_carousel images=&#8221;7291,7292,7293,7294,7295,7296,7297,7298,7299,7300,7301,7302&#8243; img_size=&#8221;full&#8221; speed=&#8221;2000&#8243; slides_per_view=&#8221;2&#8243; autoplay=&#8221;yes&#8221; hide_pagination_control=&#8221;yes&#8221; wrap=&#8221;yes&#8221;][\/vc_column][\/vc_row]<\/p>\n","protected":false},"excerpt":{"rendered":"<p>[vc_row][vc_column][vc_column_text] FORMOPAK 2400 K [\/vc_column_text][vc_empty_space height=&#8221;50px&#8221;][\/vc_column][\/vc_row][vc_row][vc_column][vc_text_separator title=&#8221;NAMENA MA\u0160INE&#8221; title_align=&#8221;separator_align_left&#8221; border_width=&#8221;6&#8243; el_class=&#8221;bold&#8221;][vc_empty_space][vc_column_text]FORMOPAK 2400 K\u00a0je automatska ma\u0161ina namenjena za odmeravanje, doziranje i zatvaranje manjih PVC i polistirenskih posuda, uz istovremenu izradu ove ambala\u017ee na samoj ma\u0161ini, postupkom termoformiranja. Ma\u0161ina se isporu\u010duje za malo pakovanje \u010daja u PVC ka\u0161i\u010dice koje se formiraju na samoj ma\u0161ini i iz ama\u0161ine [&hellip;]<\/p>\n","protected":false},"author":1,"featured_media":0,"parent":0,"menu_order":0,"comment_status":"closed","ping_status":"closed","template":"","meta":{"footnotes":""},"class_list":["post-4824","page","type-page","status-publish","hentry","no-thumb"],"_links":{"self":[{"href":"https:\/\/test.pakpromet.com\/index.php\/wp-json\/wp\/v2\/pages\/4824","targetHints":{"allow":["GET"]}}],"collection":[{"href":"https:\/\/test.pakpromet.com\/index.php\/wp-json\/wp\/v2\/pages"}],"about":[{"href":"https:\/\/test.pakpromet.com\/index.php\/wp-json\/wp\/v2\/types\/page"}],"author":[{"embeddable":true,"href":"https:\/\/test.pakpromet.com\/index.php\/wp-json\/wp\/v2\/users\/1"}],"replies":[{"embeddable":true,"href":"https:\/\/test.pakpromet.com\/index.php\/wp-json\/wp\/v2\/comments?post=4824"}],"version-history":[{"count":10,"href":"https:\/\/test.pakpromet.com\/index.php\/wp-json\/wp\/v2\/pages\/4824\/revisions"}],"predecessor-version":[{"id":7303,"href":"https:\/\/test.pakpromet.com\/index.php\/wp-json\/wp\/v2\/pages\/4824\/revisions\/7303"}],"wp:attachment":[{"href":"https:\/\/test.pakpromet.com\/index.php\/wp-json\/wp\/v2\/media?parent=4824"}],"curies":[{"name":"wp","href":"https:\/\/api.w.org\/{rel}","templated":true}]}}