{"id":4815,"date":"2021-06-10T13:59:57","date_gmt":"2021-06-10T11:59:57","guid":{"rendered":"https:\/\/test.pakpromet.com\/?page_id=4815"},"modified":"2021-10-02T23:38:04","modified_gmt":"2021-10-02T21:38:04","slug":"formopak-1500-6000-maslac","status":"publish","type":"page","link":"https:\/\/test.pakpromet.com\/index.php\/formopak-1500-6000-maslac\/","title":{"rendered":"FORMOPAK 1500 \u2013 6000 maslac"},"content":{"rendered":"<p>[vc_row][vc_column][vc_column_text]<\/p>\n<h1 style=\"text-align: center;\"><strong>FORMOPAK 1500 \u2013 6000 maslac<\/strong><\/h1>\n<p>[\/vc_column_text][vc_empty_space height=&#8221;50px&#8221;][\/vc_column][\/vc_row][vc_row][vc_column][vc_text_separator title=&#8221;NAMENA MA\u0160INE&#8221; title_align=&#8221;separator_align_left&#8221; border_width=&#8221;6&#8243; el_class=&#8221;bold&#8221;][vc_empty_space][vc_column_text]FORMOPAK 1500 &#8211; 6000 je automatska ma\u0161ina namenjena za formiranje, odmeravanje, doziranje i zatvaranje manjih PVC i polistirenskih posuda, uz istovremenu izradu ove ambala\u017ee na samoj ma\u0161ini, postupkom termoformiranja. Namenski se izra\u0111uje za pakovanje kremastih i pastoznih materija, kao sto su: maslac, sirni namazi (ABC) maslo i sli\u010dno, (mogu\u0107e i toplo pakovanje na 75 stepeni za posude 15 i 20 grama) u veli\u010dinama od 15 i 20 grama, koje se na samom uredjaju zatvaraju aluminijumskom folijom (dva alata).<\/p>\n<p>Na zahtev naru\u010dioca uz ma\u0161inu se isporu\u010duju dodatni setovi izmenljivih alata za pakovanje 1 x 125 grama i 1 x 250 grama. Zatvaranje se vr\u0161i termo zavarivanjem pomo\u0107u stalno zagrejane pegle. Ma\u0161ina je oklopljena prokronskom konstrukcijom i pleksiglasom od zone formiranje posudica do zone termovarenja stalno zagrejanom peglom ( ma\u0161ine ovakvog tipa nisu predvi\u0111ene da rade u nadpritisku ) Maslac se ne dogrejava jer se isti puni na sobnoj temperaturi, dok je mogu\u0107e toplo pakovanje na 75\u00b0C topljenih ili namaznih sireva.[\/vc_column_text][vc_empty_space][vc_video link=&#8221;https:\/\/youtu.be\/9HfkgtHp-JE&#8221; el_width=&#8221;70&#8243; align=&#8221;center&#8221;][vc_empty_space][vc_text_separator title=&#8221;TEHNI\u010cKI OPIS&#8221; title_align=&#8221;separator_align_left&#8221; border_width=&#8221;6&#8243; el_class=&#8221;bold&#8221;][vc_empty_space][vc_column_text]Po na\u010dinu rada i upravlja\u010dkim karakteristikama ovo je dvoredna linijska ma\u0161ina, horizontalna, sa taktnim re\u017eimom rada. Sastavljena je iz vi\u0161e jedinica &#8211; modula, objedinjenih u jednu funkcionalnu celinu, \u010dijim radom upravlja programabilni logi\u010dki kontroler (PLC).<\/p>\n<p>Prema vrsti pogona ova ma\u0161ina predstavlja kombinaciju pneumatskih i mehani\u010dkih mehanizama, koji obavljaju i funkcije formiranja \u010dan\u010di\u0107a, odmeravanja i doziranja mase, zatvaranje posudica, odsecanja, izno\u0161enja sa ma\u0161ine i namotavanja otpadne folije. Ova ma\u0161ina je opremljena dozirnim loncem, formiranim kao dupli, koji omogu\u0107ava odr\u017eavanje temperature mase pri doziranju ( maslac se puni na sobnoj temperaturi). Dozirni sistem je izveden kao klipni pumpni mehanizam, sa ventilskim sistemom koji omogu\u0107ava precizno punjenje dozatora pri usisavanju, a time i veliku preciznost i ponovljivost odmerene koli\u010dine. ( Sistem se povezuje na CIP pranje ). Prema zahtevu Kupca, transport maslaca vr\u0161i se uz pomo\u0107 elevatora. Pumpa za prenos maslaca je kapaciteta 4m3\/sat rada, pritisak maksimalno 5 Bar-a, broj obrtaja pumpe 315\/minuta rada, kapacitet prihvatnog ko\u0161a 100 l, dok je isti pokretan elektromotornim pogonom snage 2.2 kW. Svi elementi pumpe koji su u dodiru sa transportiranim fluidom su od ner\u0111aju\u0107eg \u010delika \u010c 4580, a stator pumpe je od belog NBR-a (70 shore-a). Prilikom pranja demontira se \u0161pingla, rotor i cevovod i potapa za pranje. Garancija na pumpu je godinu dana, dok stator ne podle\u017ee garanciji, te je u cenu uklju\u010den jo\u0161 jedan rezervni stator. Na zahtev korisnika vr\u0161i se i transport maslaca od bu\u0107kalice do dozirnog suda a za davanje dodatne ponude potreban je tlocrt prostorije investitora. Zatvaranje posuda se vr\u0161i aluminijumskom folijom sa termo lakom, namotanom na kotur, sa \u0161tampom ili bez nje. Posle zavarivanja se traka odse\u010de, a napunjene posudice padaju na transporter koji ih iznosi sa ma\u0161ine. ( automatsko namotavanje otpada ) Kontrola temperature pegle se vr\u0161i termoregulatorom. Otisak datuma zavisi od \u017eelje kupca \u2013 ina\u010de se radi sa tri dvocifrena broja \u2013 ali se isti prilago\u0111ava \u017eeljama kupca. Svi elementi koji dolaze u kontakt sa materijom koja se pakuje izra\u0111eni su od ner\u0111aju\u0107eg \u010delika i drugih materijala atestiranih za upotrebu u prehrambenoj industriji.[\/vc_column_text][vc_empty_space][\/vc_column][\/vc_row][vc_row][vc_column width=&#8221;2\/3&#8243;][vc_text_separator title=&#8221;TEHNI\u010cKE KARAKTERISTIKE&#8221; i_icon_fontawesome=&#8221;fas fa-file-alt&#8221; i_color=&#8221;black&#8221; border_width=&#8221;6&#8243; css_animation=&#8221;none&#8221; add_icon=&#8221;true&#8221;][vc_column_text]<\/p>\n<table width=\"550\">\n<tbody>\n<tr>\n<td width=\"259\">&#8211; kapacitet ma\u0161ine<\/td>\n<td width=\"291\">Q = 1500 &#8211; 6000 jedinica \/ h<\/td>\n<\/tr>\n<tr>\n<td width=\"259\">&#8211; opseg doziranja<\/td>\n<td width=\"291\">( 2 &#8211; 4 &#8211; 8 ) x 10 &#8211; 30 grama<\/td>\n<\/tr>\n<tr>\n<td width=\"259\">&#8211; opseg doziranja<\/td>\n<td width=\"291\">(1 \u2013 2 ) x 125 &#8211; 250 g<\/td>\n<\/tr>\n<tr>\n<td width=\"259\">&#8211; instalisana snaga<\/td>\n<td width=\"291\">Pi = 4,5 &#8211; 7.5 \u043aW<\/td>\n<\/tr>\n<tr>\n<td width=\"259\">&#8211; nazivni napon<\/td>\n<td width=\"291\">U = 3 x 380 V \u00a050 Hz<\/td>\n<\/tr>\n<tr>\n<td width=\"259\">&#8211; nazivni pritisak<\/td>\n<td width=\"291\">P = 6 &#8211; 8 bar<\/td>\n<\/tr>\n<tr>\n<td width=\"259\">&#8211; potro\u0161nja vazduha (na 6 bar-a)<\/td>\n<td width=\"291\">300 &#8211; 600 Nl \/\u00a0min<\/td>\n<\/tr>\n<tr>\n<td width=\"259\">&#8211; dimenzije ma\u0161ine D x \u0160 x V<\/td>\n<td width=\"291\">3650 ( 4200 ) x 1400 x 1900 mm<\/td>\n<\/tr>\n<tr>\n<td width=\"259\">&#8211; masa ma\u0161ine<\/td>\n<td width=\"291\">M = 1320 &#8211; 1780 Kg<\/td>\n<\/tr>\n<\/tbody>\n<\/table>\n<p>[\/vc_column_text][\/vc_column][vc_column width=&#8221;1\/3&#8243;][vc_text_separator title=&#8221;TEHNI\u010cKA DOKUMENTACIJA&#8221; i_icon_fontawesome=&#8221;fas fa-file-pdf&#8221; i_color=&#8221;pink&#8221; border_width=&#8221;6&#8243; add_icon=&#8221;true&#8221;][vc_message message_box_color=&#8221;green&#8221; icon_fontawesome=&#8221;far fa-file-pdf&#8221;]<a href=\"https:\/\/test.pakpromet.com\/wp-content\/uploads\/2021\/06\/44.1.FORMOPAK-1500-Maslac.pdf\" target=\"_blank\" rel=\"noopener\">Preuzmite bro\u0161uru FORMOPAK 1500 maslac<\/a>[\/vc_message][vc_message message_box_color=&#8221;green&#8221; icon_fontawesome=&#8221;far fa-file-pdf&#8221;]<a href=\"https:\/\/test.pakpromet.com\/wp-content\/uploads\/2021\/06\/45.2.FORMOPAK-3000-Maslac.pdf\" target=\"_blank\" rel=\"noopener\">Preuzmite bro\u0161uru FORMOPAK 3000 maslac<\/a>[\/vc_message][vc_message message_box_color=&#8221;green&#8221; icon_fontawesome=&#8221;far fa-file-pdf&#8221;]<a href=\"https:\/\/test.pakpromet.com\/wp-content\/uploads\/2021\/06\/45.3-FORMOPAK-6000-srb-eng-rus-Model-1.pdf\" target=\"_blank\" rel=\"noopener\">Preuzmite bro\u0161uru FORMOPAK 6000 maslac<\/a>[\/vc_message][\/vc_column][\/vc_row][vc_row][vc_column][vc_empty_space][vc_images_carousel images=&#8221;7272,7273,7274,7275,7276,7277,7278,7279,7280,7281,7282,7283,7284,7285,7286,7287,7288,7289&#8243; img_size=&#8221;full&#8221; speed=&#8221;2000&#8243; slides_per_view=&#8221;2&#8243; autoplay=&#8221;yes&#8221; hide_pagination_control=&#8221;yes&#8221; wrap=&#8221;yes&#8221;][\/vc_column][\/vc_row]<\/p>\n","protected":false},"excerpt":{"rendered":"<p>[vc_row][vc_column][vc_column_text] FORMOPAK 1500 \u2013 6000 maslac [\/vc_column_text][vc_empty_space height=&#8221;50px&#8221;][\/vc_column][\/vc_row][vc_row][vc_column][vc_text_separator title=&#8221;NAMENA MA\u0160INE&#8221; title_align=&#8221;separator_align_left&#8221; border_width=&#8221;6&#8243; el_class=&#8221;bold&#8221;][vc_empty_space][vc_column_text]FORMOPAK 1500 &#8211; 6000 je automatska ma\u0161ina namenjena za formiranje, odmeravanje, doziranje i zatvaranje manjih PVC i polistirenskih posuda, uz istovremenu izradu ove ambala\u017ee na samoj ma\u0161ini, postupkom termoformiranja. Namenski se izra\u0111uje za pakovanje kremastih i pastoznih materija, kao sto su: maslac, sirni [&hellip;]<\/p>\n","protected":false},"author":1,"featured_media":0,"parent":0,"menu_order":0,"comment_status":"closed","ping_status":"closed","template":"","meta":{"footnotes":""},"class_list":["post-4815","page","type-page","status-publish","hentry","no-thumb"],"_links":{"self":[{"href":"https:\/\/test.pakpromet.com\/index.php\/wp-json\/wp\/v2\/pages\/4815","targetHints":{"allow":["GET"]}}],"collection":[{"href":"https:\/\/test.pakpromet.com\/index.php\/wp-json\/wp\/v2\/pages"}],"about":[{"href":"https:\/\/test.pakpromet.com\/index.php\/wp-json\/wp\/v2\/types\/page"}],"author":[{"embeddable":true,"href":"https:\/\/test.pakpromet.com\/index.php\/wp-json\/wp\/v2\/users\/1"}],"replies":[{"embeddable":true,"href":"https:\/\/test.pakpromet.com\/index.php\/wp-json\/wp\/v2\/comments?post=4815"}],"version-history":[{"count":10,"href":"https:\/\/test.pakpromet.com\/index.php\/wp-json\/wp\/v2\/pages\/4815\/revisions"}],"predecessor-version":[{"id":7290,"href":"https:\/\/test.pakpromet.com\/index.php\/wp-json\/wp\/v2\/pages\/4815\/revisions\/7290"}],"wp:attachment":[{"href":"https:\/\/test.pakpromet.com\/index.php\/wp-json\/wp\/v2\/media?parent=4815"}],"curies":[{"name":"wp","href":"https:\/\/api.w.org\/{rel}","templated":true}]}}