{"id":4736,"date":"2021-06-10T12:19:57","date_gmt":"2021-06-10T10:19:57","guid":{"rendered":"https:\/\/test.pakpromet.com\/?page_id=4736"},"modified":"2021-10-05T14:07:49","modified_gmt":"2021-10-05T12:07:49","slug":"monopak-1000-20p-t-clean","status":"publish","type":"page","link":"https:\/\/test.pakpromet.com\/index.php\/monopak-1000-20p-t-clean\/","title":{"rendered":"MONOPAK 1000 20P T clean"},"content":{"rendered":"<p>[vc_row][vc_column][vc_column_text]<\/p>\n<h1 style=\"text-align: center;\"><strong>MONOPAK 1000 20P T clean<\/strong><\/h1>\n<p>[\/vc_column_text][vc_empty_space height=&#8221;50px&#8221;][\/vc_column][\/vc_row][vc_row][vc_column][vc_text_separator title=&#8221;NAMENA MA\u0160INE&#8221; title_align=&#8221;separator_align_left&#8221; border_width=&#8221;6&#8243; el_class=&#8221;bold&#8221;][vc_empty_space][vc_column_text]MONOPAK 1000 20P T clean je namenjena za punjenje posuda kiselo-mle\u010dnim proizvodima, a sa mogu\u0107no\u0161\u0107u implementacije raznih vrsta dozatora za te\u010dne, pastozne, kremaste, komandne, pra\u0161kaste ili zrnaste materije koje se koriste u raznim industrijama.<\/p>\n<p>Na ovoj ma\u0161ini se mogu pakovati posude u vi\u0161e veli\u010dina i dimenzija sa najve\u0107om zapreminom do 2 litra ( kilograma ), uz neophodno pode\u0161avanje odre\u0111enih parametara.[\/vc_column_text][vc_empty_space][vc_video link=&#8221;https:\/\/youtu.be\/Qk7nqJmMWOM&#8221; el_width=&#8221;80&#8243; align=&#8221;center&#8221;][vc_empty_space][vc_text_separator title=&#8221;TEHNI\u010cKI OPIS&#8221; title_align=&#8221;separator_align_left&#8221; border_width=&#8221;6&#8243; el_class=&#8221;bold&#8221;][vc_empty_space][vc_column_text]Ova jednoredna, linijska horizontalna ma\u0161ina radi u taktnom re\u017eimu rada, I prema vrsti pogona I na\u010dinu funkcionisanja predstavlja\u00a0 kombinaciju mehani\u010dkih I pneumatskih mehanizama \u2013 modula.<\/p>\n<p>Ulogu me\u0111ufaznog povezivanja svih elemenata ciklusa ma\u0161ine vr\u0161i transporter, koji prenosi \u010da\u0161e od jednog mehanizma do drugog, sve do izbaciva\u010da \u010da\u0161a koji ih iznosi na prihvatni sto odakle ih radnik skuplja i zbirno pakuje.<\/p>\n<p>Doziranje vo\u0107a je klipno, sa zapreminskim odmeravanjem koli\u010dine, a napajanje dozatora se mo\u017ee vr\u0161iti i iz posebno konusnog levka koja se nalazi na ma\u0161ini.<\/p>\n<p>Doziranje jogurta je klipno, sa zapreminskim odmeravanjem koli\u010dine, a napajanje dozatora se mo\u017ee vr\u0161iti i iz posude koja se nalazi na ma\u0161ini.<\/p>\n<p>Doziranje kranca je sa kofi\u010dastim dozatorima sa odmeravanjem koli\u010dine, a vr\u0161i se iz levka na dozatoru.<\/p>\n<p>Postolje ma\u0161ine, za\u0161titne obloge, i ostali elementi koji dolaze u kontakt sa materijom koja se pakuje su izra\u0111eni od ner\u0111aju\u0107eg \u010delika.<\/p>\n<p>Ma\u0161ina se isporu\u010duje sa nosa\u010dem za ink yet.<\/p>\n<p>Uz ma\u0161inu se isporu\u010duje kompletna dokumentacija (upustvo za rukovanje I odr\u017eavanje sa elektro I pneumatskim \u0161emama\u00a0 I uverenjima) kao I komplet rezervnih delova.<\/p>\n<p>Ovakvom koncepcijom se dobila visoka pouzdanost i jednostavnost ma\u0161ine, \u0161to se ogleda u lakom odr\u017eavanju i pode\u0161avanju, kao i kratkom vremenu servisiranja.[\/vc_column_text][vc_empty_space][\/vc_column][\/vc_row][vc_row][vc_column width=&#8221;2\/3&#8243;][vc_text_separator title=&#8221;TEHNI\u010cKE KARAKTERISTIKE&#8221; i_icon_fontawesome=&#8221;fas fa-file-alt&#8221; i_color=&#8221;black&#8221; border_width=&#8221;6&#8243; css_animation=&#8221;none&#8221; add_icon=&#8221;true&#8221;][vc_column_text]<\/p>\n<p>&nbsp;<\/p>\n<table>\n<tbody>\n<tr>\n<td width=\"310\">&#8211; kapacitet ma\u0161ine<\/td>\n<td width=\"359\">Q = 1000 posuda \/ h za punjenje do 1000 grama<\/td>\n<\/tr>\n<tr>\n<td width=\"310\">&#8211; opseg doziranja<\/td>\n<td width=\"359\">0,50 &#8211; 2,00 kg<\/td>\n<\/tr>\n<tr>\n<td width=\"310\">&#8211; instalisana snaga<\/td>\n<td width=\"359\">Pi = 3,50 kW<\/td>\n<\/tr>\n<tr>\n<td width=\"310\">&#8211; nazivni napon<\/td>\n<td width=\"359\">3 x 380 V\u00a0 50 Hz<\/td>\n<\/tr>\n<tr>\n<td width=\"310\">&#8211; nazivni pritisak<\/td>\n<td width=\"359\">P = 6 &#8211; 8 bar<\/td>\n<\/tr>\n<tr>\n<td width=\"310\">&#8211; potro\u0161nja vazduha (na 6 bar-a)<\/td>\n<td width=\"359\">400 L \/ min<\/td>\n<\/tr>\n<tr>\n<td width=\"310\">&#8211; dimenzije ma\u0161ine D x \u0160 x V<\/td>\n<td width=\"359\">4600 (4900) x 1300 x 2650<\/td>\n<\/tr>\n<tr>\n<td width=\"310\">&#8211; masa ma\u0161ine<\/td>\n<td width=\"359\">M = 1.700 Kg<\/td>\n<\/tr>\n<\/tbody>\n<\/table>\n<p>[\/vc_column_text][\/vc_column][vc_column width=&#8221;1\/3&#8243;][vc_text_separator title=&#8221;TEHNI\u010cKA DOKUMENTACIJA&#8221; i_icon_fontawesome=&#8221;fas fa-file-pdf&#8221; i_color=&#8221;pink&#8221; border_width=&#8221;6&#8243; add_icon=&#8221;true&#8221;][vc_message message_box_color=&#8221;green&#8221; icon_fontawesome=&#8221;far fa-file-pdf&#8221;]<a href=\"https:\/\/test.pakpromet.com\/wp-content\/uploads\/2021\/06\/MONOPAK-1000-20P-T-clean-srb-eng-rus-Model.pdf\" target=\"_blank\" rel=\"noopener\">Preuzmite bro\u0161uru<\/a>[\/vc_message][\/vc_column][\/vc_row][vc_row][vc_column][vc_empty_space][vc_images_carousel images=&#8221;5897,5898,5899,5900,5901,5902,5903,5904,5905,5906,5907,5908&#8243; img_size=&#8221;full&#8221; speed=&#8221;2000&#8243; slides_per_view=&#8221;2&#8243; autoplay=&#8221;yes&#8221; hide_pagination_control=&#8221;yes&#8221; wrap=&#8221;yes&#8221;][\/vc_column][\/vc_row]<\/p>\n","protected":false},"excerpt":{"rendered":"<p>[vc_row][vc_column][vc_column_text] MONOPAK 1000 20P T clean [\/vc_column_text][vc_empty_space height=&#8221;50px&#8221;][\/vc_column][\/vc_row][vc_row][vc_column][vc_text_separator title=&#8221;NAMENA MA\u0160INE&#8221; title_align=&#8221;separator_align_left&#8221; border_width=&#8221;6&#8243; el_class=&#8221;bold&#8221;][vc_empty_space][vc_column_text]MONOPAK 1000 20P T clean je namenjena za punjenje posuda kiselo-mle\u010dnim proizvodima, a sa mogu\u0107no\u0161\u0107u implementacije raznih vrsta dozatora za te\u010dne, pastozne, kremaste, komandne, pra\u0161kaste ili zrnaste materije koje se koriste u raznim industrijama. Na ovoj ma\u0161ini se mogu pakovati posude u vi\u0161e [&hellip;]<\/p>\n","protected":false},"author":1,"featured_media":0,"parent":0,"menu_order":0,"comment_status":"closed","ping_status":"closed","template":"","meta":{"footnotes":""},"class_list":["post-4736","page","type-page","status-publish","hentry","no-thumb"],"_links":{"self":[{"href":"https:\/\/test.pakpromet.com\/index.php\/wp-json\/wp\/v2\/pages\/4736","targetHints":{"allow":["GET"]}}],"collection":[{"href":"https:\/\/test.pakpromet.com\/index.php\/wp-json\/wp\/v2\/pages"}],"about":[{"href":"https:\/\/test.pakpromet.com\/index.php\/wp-json\/wp\/v2\/types\/page"}],"author":[{"embeddable":true,"href":"https:\/\/test.pakpromet.com\/index.php\/wp-json\/wp\/v2\/users\/1"}],"replies":[{"embeddable":true,"href":"https:\/\/test.pakpromet.com\/index.php\/wp-json\/wp\/v2\/comments?post=4736"}],"version-history":[{"count":8,"href":"https:\/\/test.pakpromet.com\/index.php\/wp-json\/wp\/v2\/pages\/4736\/revisions"}],"predecessor-version":[{"id":7462,"href":"https:\/\/test.pakpromet.com\/index.php\/wp-json\/wp\/v2\/pages\/4736\/revisions\/7462"}],"wp:attachment":[{"href":"https:\/\/test.pakpromet.com\/index.php\/wp-json\/wp\/v2\/media?parent=4736"}],"curies":[{"name":"wp","href":"https:\/\/api.w.org\/{rel}","templated":true}]}}