{"id":4723,"date":"2021-06-10T11:52:48","date_gmt":"2021-06-10T09:52:48","guid":{"rendered":"https:\/\/test.pakpromet.com\/?page_id=4723"},"modified":"2021-10-02T22:28:25","modified_gmt":"2021-10-02T20:28:25","slug":"monopak-4500-05-2d-clean","status":"publish","type":"page","link":"https:\/\/test.pakpromet.com\/index.php\/monopak-4500-05-2d-clean\/","title":{"rendered":"MONOPAK 4500 05 2D  clean"},"content":{"rendered":"<p>[vc_row][vc_column][vc_column_text]<\/p>\n<h1 style=\"text-align: center;\"><strong>MONOPAK 4500 05 2D clean<\/strong><\/h1>\n<p>[\/vc_column_text][vc_empty_space height=&#8221;50px&#8221;][\/vc_column][\/vc_row][vc_row][vc_column][vc_text_separator title=&#8221;NAMENA MA\u0160INE&#8221; title_align=&#8221;separator_align_left&#8221; border_width=&#8221;6&#8243; el_class=&#8221;bold&#8221;][vc_empty_space][vc_column_text]MONOPAK 4500 05 2D clean je automatska ma\u0161ina za pakovanje te\u010dnih proizvoda i kremova u polistirenske ili polipropilenske \u010da\u0161ice.<\/p>\n<p>Najmasovniju primenu ova ma\u0161ina ima na linijama za pakovanje raznih namaza, i krem sireva, u zapreminama od 0,050 do 0,250 litara u \u010da\u0161e \uf0c6 95 i \uf0c6 110 mm, kapaciteta 4500 komada na sat.[\/vc_column_text][vc_empty_space][vc_video link=&#8221;https:\/\/youtu.be\/GcCiGPdePyY&#8221; el_width=&#8221;70&#8243; align=&#8221;center&#8221;][vc_empty_space][vc_text_separator title=&#8221;TEHNI\u010cKI OPIS&#8221; title_align=&#8221;separator_align_left&#8221; border_width=&#8221;6&#8243; el_class=&#8221;bold&#8221;][vc_empty_space][vc_column_text]Koncepcija ma\u0161ine je takva, da se u automatskom ciklusu obavljaju sinhronizovane funkcije: uzimanje posuda iz \u0161ar\u017eera makazama I vakum gumicama, doziranje sa odmeravanjem u natpritisku sa zakretnim cilindrima, zavarivanje PP poklopaca sa automatskim premotavanjem folije, i odlaganje punih zatvorenih posuda na prihvatni sto.<\/p>\n<p>Ova \u010detvororedna, linijska horizontalna ma\u0161ina radi u taktnom re\u017eimu rada, i prema vrsti pogona i na\u010dinu funkcionisanja predstavlja kombinaciju mehani\u010dkih i pneumatskih mehanizama \u2013 modula.<\/p>\n<p>Ma\u0161inu pogoni motoreduktor, koji preko razdelnika pogona pokre\u0107e glavno vratilo ma\u0161ine, kao i kora\u010dni reduktor transportera. Na razdelnom reduktoru se nalazi lan\u010danik sa sigurnosnom \u010divijom, koji \u010duva ma\u0161inu od preoptere\u0107enja.<\/p>\n<p>Ulogu me\u0111ufaznog povezivanja svih elemenata ciklusa ma\u0161ine vr\u0161i transporter, koji prenosi posude od jednog mehanizma do drugog, sve do izbaciva\u010da posuda koji ih iznosi na prihvatni sto odakle ih poslu\u017eilac skuplja i zbirno pakuje.<\/p>\n<p>Ma\u0161ina je oklopljena prokronskim kosturom sa pleksiglasima.<br \/>\nMa\u0161ina je izra\u0111ena za punjenje u posude \uf0c6 110 mm.<\/p>\n<p>Nakon sto su posude unesene automatski u koracni transporter, one dolaze pod dozator koji dozira primarnu masu (80% ukupne vage). Ovaj dozator je zapreminski sa zakretnim cilindrima i doza mu se moze podesavati u zadatom opsegu. Masa do dozatora dolazi iz vertikalnog lonca koji poseduje mesalicu. Sud je opremljen sistemom za pranje i dezinfekciju kao i sistemom za kontrolu nivoa proizvoda.<br \/>\nNapunjene posude primarnom masom dolaze pod dozator za sekundarnu masu (20% ukupne vage). Radi se takodje o zapreminskom doziranju sa zakrenim cilindrima sa mogucnoscu stelovanja doze, s tim sto je ovde rec o dozatoru koji se u procesu doziranja spusta i podize pomocu sistema sa pneumatskim cilindrima. Na taj nacin se dozirne dizne sekundarne mase mogu zaroniti u predhodno doziranu primarnu masu.<\/p>\n<p>Ukoliko analiza mase poka\u017ee lo\u0161e rezultate prilikom spu\u0161tanja dozatora primenio bi se isti sistem kao na glavnom dozatoru.<br \/>\nSekundarna masa se doprema do dozatora iz horizontalnog suda sa nivo regulacijom i mesalicom. Sud je opremljen sistemom za pranje u CIP-u kao i nivo regilacojom.<\/p>\n<p>Vazno je napomenuti da se u ovom sistemu MONOPAK 4500 05 2D clean moze dozirati prvo primarna, a zatim sekundarna masa.<br \/>\nNapunjene posude primarnom i sekundarnom masom se transportuju do sklopa za zatvaranje PP folijom. Premotavanje folije se vrsi pomocu elektro motora, sklop je opremljen sistemom za namotavanje otpada. Odsecanje PP folije se vrsi specijalno profilisanim nozevima koji su prilagodjeni izgledu i obliku posude.<\/p>\n<p>Masina je opremljena upravljackom jedinicim sa touch panelom za sto lakse upravljanjem parametrima procesa eksplatacije.<br \/>\nNapunjene, zatvorene posude se dalje transportuju do sklopa za iznosenje posuda na prihvatni sto odakle se posude slazu na za to predvidjeno mesto.<\/p>\n<p>Sve funkcije doziranja se vrse u sredini koja je u nadpritisku sa sterilisanim vazduhom.[\/vc_column_text][vc_empty_space][\/vc_column][\/vc_row][vc_row][vc_column width=&#8221;2\/3&#8243;][vc_text_separator title=&#8221;TEHNI\u010cKE KARAKTERISTIKE&#8221; i_icon_fontawesome=&#8221;fas fa-file-alt&#8221; i_color=&#8221;black&#8221; border_width=&#8221;6&#8243; css_animation=&#8221;none&#8221; add_icon=&#8221;true&#8221;][vc_column_text]<\/p>\n<table width=\"669\">\n<tbody>\n<tr>\n<td width=\"346\">&#8211; kapacitet ma\u0161ine<\/td>\n<td width=\"323\">Q = 4500 posuda \/ h<\/td>\n<\/tr>\n<tr>\n<td width=\"346\">&#8211; opseg doziranja \u2013 glavni dozator<\/td>\n<td width=\"323\">50 \u2013 250 grama<\/td>\n<\/tr>\n<tr>\n<td width=\"346\">&#8211; opseg doziranja \u2013 dodatnni dozator<\/td>\n<td width=\"323\">20 \u2013 100 grama<\/td>\n<\/tr>\n<tr>\n<td width=\"346\">&#8211; instalisana snaga<\/td>\n<td width=\"323\">Pi = 2,50 kW<\/td>\n<\/tr>\n<tr>\n<td width=\"346\">&#8211; nazivni napon<\/td>\n<td width=\"323\">3 x 380 V\u00a0 50 Hz<\/td>\n<\/tr>\n<tr>\n<td width=\"346\">&#8211; nazivni pritisak<\/td>\n<td width=\"323\">p = 6 &#8211; 8 bar<\/td>\n<\/tr>\n<tr>\n<td width=\"346\">&#8211; potro\u0161nja vazduha (na 6 bar-a)<\/td>\n<td width=\"323\">220 L \/ min<\/td>\n<\/tr>\n<tr>\n<td width=\"346\">&#8211; dimenzije ma\u0161ine D x \u0160 x V<\/td>\n<td width=\"323\">4100\u00a0 x 1600 x 2500 mm<\/td>\n<\/tr>\n<tr>\n<td width=\"346\">&#8211; masa ma\u0161ine<\/td>\n<td width=\"323\">M = 1750 Kg<\/td>\n<\/tr>\n<tr>\n<td width=\"346\">&#8211; pre\u010dnik venca\u00a0 \u010da\u0161e za termovar<\/td>\n<td width=\"323\">D = fi 110 mm<\/td>\n<\/tr>\n<\/tbody>\n<\/table>\n<p>[\/vc_column_text][\/vc_column][vc_column width=&#8221;1\/3&#8243;][vc_text_separator title=&#8221;TEHNI\u010cKA DOKUMENTACIJA&#8221; i_icon_fontawesome=&#8221;fas fa-file-pdf&#8221; i_color=&#8221;pink&#8221; border_width=&#8221;6&#8243; add_icon=&#8221;true&#8221;][vc_message message_box_color=&#8221;green&#8221; icon_fontawesome=&#8221;far fa-file-pdf&#8221;]<a href=\"https:\/\/test.pakpromet.com\/wp-content\/uploads\/2021\/06\/MONOPAK-4500-05-2D-clean-srb-eng-rus-Model.pdf\">Preuzmite bro\u0161uru<\/a>[\/vc_message][\/vc_column][\/vc_row][vc_row][vc_column][vc_empty_space][vc_images_carousel images=&#8221;7153,7154,7155,7156,7157,7158,7159,7160,7161,7162,7163&#8243; img_size=&#8221;full&#8221; speed=&#8221;2000&#8243; slides_per_view=&#8221;2&#8243; autoplay=&#8221;yes&#8221; hide_pagination_control=&#8221;yes&#8221; wrap=&#8221;yes&#8221;][\/vc_column][\/vc_row]<\/p>\n","protected":false},"excerpt":{"rendered":"<p>[vc_row][vc_column][vc_column_text] MONOPAK 4500 05 2D clean [\/vc_column_text][vc_empty_space height=&#8221;50px&#8221;][\/vc_column][\/vc_row][vc_row][vc_column][vc_text_separator title=&#8221;NAMENA MA\u0160INE&#8221; title_align=&#8221;separator_align_left&#8221; border_width=&#8221;6&#8243; el_class=&#8221;bold&#8221;][vc_empty_space][vc_column_text]MONOPAK 4500 05 2D clean je automatska ma\u0161ina za pakovanje te\u010dnih proizvoda i kremova u polistirenske ili polipropilenske \u010da\u0161ice. Najmasovniju primenu ova ma\u0161ina ima na linijama za pakovanje raznih namaza, i krem sireva, u zapreminama od 0,050 do 0,250 litara u \u010da\u0161e \uf0c6 [&hellip;]<\/p>\n","protected":false},"author":1,"featured_media":0,"parent":0,"menu_order":0,"comment_status":"closed","ping_status":"closed","template":"","meta":{"footnotes":""},"class_list":["post-4723","page","type-page","status-publish","hentry","no-thumb"],"_links":{"self":[{"href":"https:\/\/test.pakpromet.com\/index.php\/wp-json\/wp\/v2\/pages\/4723","targetHints":{"allow":["GET"]}}],"collection":[{"href":"https:\/\/test.pakpromet.com\/index.php\/wp-json\/wp\/v2\/pages"}],"about":[{"href":"https:\/\/test.pakpromet.com\/index.php\/wp-json\/wp\/v2\/types\/page"}],"author":[{"embeddable":true,"href":"https:\/\/test.pakpromet.com\/index.php\/wp-json\/wp\/v2\/users\/1"}],"replies":[{"embeddable":true,"href":"https:\/\/test.pakpromet.com\/index.php\/wp-json\/wp\/v2\/comments?post=4723"}],"version-history":[{"count":8,"href":"https:\/\/test.pakpromet.com\/index.php\/wp-json\/wp\/v2\/pages\/4723\/revisions"}],"predecessor-version":[{"id":7164,"href":"https:\/\/test.pakpromet.com\/index.php\/wp-json\/wp\/v2\/pages\/4723\/revisions\/7164"}],"wp:attachment":[{"href":"https:\/\/test.pakpromet.com\/index.php\/wp-json\/wp\/v2\/media?parent=4723"}],"curies":[{"name":"wp","href":"https:\/\/api.w.org\/{rel}","templated":true}]}}