{"id":4669,"date":"2021-06-09T01:19:48","date_gmt":"2021-06-08T23:19:48","guid":{"rendered":"https:\/\/test.pakpromet.com\/?page_id=4669"},"modified":"2021-10-02T21:59:11","modified_gmt":"2021-10-02T19:59:11","slug":"dozopak-1000-2000-up","status":"publish","type":"page","link":"https:\/\/test.pakpromet.com\/index.php\/dozopak-1000-2000-up\/","title":{"rendered":"DOZOPAK 1000 \u2013 2000 UP"},"content":{"rendered":"<p>[vc_row][vc_column][vc_column_text]<\/p>\n<h1 style=\"text-align: center;\"><strong>DOZOPAK 1000 \u2013 2000 UP<\/strong><\/h1>\n<p>[\/vc_column_text][vc_empty_space height=&#8221;50px&#8221;][\/vc_column][\/vc_row][vc_row][vc_column][vc_text_separator title=&#8221;NAMENA MA\u0160INE&#8221; title_align=&#8221;separator_align_left&#8221; border_width=&#8221;6&#8243; el_class=&#8221;bold&#8221;][vc_empty_space][vc_column_text]DOZOPAK 1000 &#8211; 2000 UP namenjen je za punjenje posuda te\u010dnih i pastoznih materija koje se koriste u mlekarskoj, hemijskoj i drugim industrijama u zapreminama do 1,00 litra.<\/p>\n<p>Mogu\u0107a je i dogradnja raznih verzija posuda do 5 litara, takodje I raznih opcija doziranja uz neophodno pode\u0161avanje odre\u0111enih parametara.[\/vc_column_text][vc_empty_space][vc_video link=&#8221;https:\/\/youtu.be\/lTpG62vWSpY&#8221; el_width=&#8221;70&#8243; align=&#8221;center&#8221;][vc_empty_space][vc_video link=&#8221;https:\/\/youtu.be\/GvALTXbakJg&#8221; el_width=&#8221;70&#8243; align=&#8221;center&#8221;][vc_empty_space][vc_video link=&#8221;https:\/\/youtu.be\/9ZQ7M9z_HD8&#8243; el_width=&#8221;70&#8243; align=&#8221;center&#8221;][vc_empty_space][vc_video link=&#8221;https:\/\/youtu.be\/_nAiGORYTpY&#8221; el_width=&#8221;70&#8243; align=&#8221;center&#8221;][vc_empty_space][vc_text_separator title=&#8221;TEHNI\u010cKI OPIS&#8221; title_align=&#8221;separator_align_left&#8221; border_width=&#8221;6&#8243; el_class=&#8221;bold&#8221;][vc_empty_space][vc_column_text]<strong>DOZOPAK 1000 &#8211; 2000 UP \u00a0<\/strong>je horizontalnog tipa, linijska i automatizovana, sa automatskim ulaganjem posuda na transporter kao i izno\u0161enja sa istog. Prema vrsti pogonskih elemenata ovo je pneumatsko mehani\u010dka ma\u0161ina.<\/p>\n<p>Kompletna ma\u0161ina je izra\u0111ena od ner\u0111aju\u0107eg \u010delika. Proces rada je elektronski upravljan PLC &#8211; om. Ma\u0161ina se sastoji iz slede\u0107ih sklopova, koji u tehni\u010dkom i tehnolo\u0161kom smislu predstavljaju jedinstvenu celinu: dvoredni transporter za posude, uzimanje posuda, modul za doziranje, spu\u0161tanje i nabijanje usko\u010dnih poklopaca<\/p>\n<p>Dvoredni transporter za boce se sastoji od prokronske \u0161arnirne trake, pogonske i zatezne jedinice i elemenata za precizno vo\u0111enje trake. Sastavni deo transportera \u010dine i elementi za pode\u0161avanje polo\u017eaja trake u zavisnosti od veli\u010dine amabala\u017ee, kao i nosa\u010di transportera i za\u0161titne obloge. Na traci se nalaze trnovi koji slu\u017ee za vo\u0111enje i pozicioniranje posuda.<\/p>\n<p>Pogonska jedinica se sastoji od motoreduktora i kora\u010dnog reduktora koji obezbe\u0111uje taktno (kora\u010dno) kretanje trake. Ovaj mehanizam obezbe\u0111uje bestrzajno kretanje transportera, kao i precizno pozicioniranje posuda na dozirnim stanicama. Ambala\u017eu iz \u0161ar\u017eera mehanizam unosi taktno na transporter i ona mo\u017ee biti raznih oblika i dimenzija<\/p>\n<p>Modul za doziranje je izveden kao klipni dozator sa pneumatskim pogonom i preciznom mehani\u010dkom kontrolom dozirane koli\u010dine. Usisavanje te\u010dnosti se vr\u0161i iz posude koja se nalazi pored ma\u0161ine (&#8216;sa poda&#8217;).<\/p>\n<p>Ventilski sistem obavlja razdvajanje taktova usisavanja i potiskivanja te\u010dnosti a u idu\u0107oj fazi ciklusa je uzimanje i nabacivanje usko\u010dnog poklopca.[\/vc_column_text][vc_empty_space][\/vc_column][\/vc_row][vc_row][vc_column width=&#8221;2\/3&#8243;][vc_text_separator title=&#8221;TEHNI\u010cKE KARAKTERISTIKE&#8221; i_icon_fontawesome=&#8221;fas fa-file-alt&#8221; i_color=&#8221;black&#8221; border_width=&#8221;6&#8243; css_animation=&#8221;none&#8221; add_icon=&#8221;true&#8221;][vc_column_text]<strong>\u00a0<\/strong><\/p>\n<p>&nbsp;<\/p>\n<table width=\"558\">\n<tbody>\n<tr>\n<td width=\"255\">&#8211;\u00a0kapacitet ma\u0161ine<\/td>\n<td width=\"303\">Q = 1000 &#8211; 2000\u00a0posuda \/ h<\/td>\n<\/tr>\n<tr>\n<td width=\"255\">&#8211;\u00a0opseg doziranja<\/td>\n<td width=\"303\">0,20 &#8211; 1,0 lit<\/td>\n<\/tr>\n<tr>\n<td width=\"255\">&#8211;\u00a0instalisana snaga<\/td>\n<td width=\"303\">P = 0.55 \u2013 0,75 kW<\/td>\n<\/tr>\n<tr>\n<td width=\"255\">&#8211;\u00a0nazivni napon<\/td>\n<td width=\"303\">3 x 380 V ; 50 Hz<\/td>\n<\/tr>\n<tr>\n<td width=\"255\">&#8211;\u00a0nazivni pritisak<\/td>\n<td width=\"303\">P = 6 &#8211; 8 bar<\/td>\n<\/tr>\n<tr>\n<td width=\"255\">&#8211;\u00a0potro\u0161nja vazduha (na 6 bar-a)<\/td>\n<td width=\"303\">70 Nl \/ min<\/td>\n<\/tr>\n<tr>\n<td width=\"255\">&#8211;\u00a0dimenzije ma\u0161ine D x \u0160 x V<\/td>\n<td width=\"303\">2500 (2800) x 1250 (1500) x 2000 mm<\/td>\n<\/tr>\n<tr>\n<td width=\"255\">&#8211;\u00a0masa ma\u0161ine<\/td>\n<td width=\"303\">M = 850 &#8211; 1220 kg<\/td>\n<\/tr>\n<tr>\n<td width=\"255\">&#8211; pre\u010dnik venca posude<\/td>\n<td width=\"303\">D = po uzorku<\/td>\n<\/tr>\n<\/tbody>\n<\/table>\n<p>[\/vc_column_text][\/vc_column][vc_column width=&#8221;1\/3&#8243;][vc_text_separator title=&#8221;TEHNI\u010cKA DOKUMENTACIJA&#8221; i_icon_fontawesome=&#8221;fas fa-file-pdf&#8221; i_color=&#8221;pink&#8221; border_width=&#8221;6&#8243; add_icon=&#8221;true&#8221;][vc_message message_box_color=&#8221;green&#8221; icon_fontawesome=&#8221;far fa-file-pdf&#8221;]<a href=\"https:\/\/test.pakpromet.com\/wp-content\/uploads\/2021\/06\/01.DOZOPAK-1000-UP-srb-eng-rus.pdf\" target=\"_blank\" rel=\"noopener\">Preuzmite bro\u0161uru DOZPAK 1000 UP<\/a>[\/vc_message][vc_message message_box_color=&#8221;green&#8221; icon_fontawesome=&#8221;far fa-file-pdf&#8221;]<a href=\"https:\/\/test.pakpromet.com\/wp-content\/uploads\/2021\/06\/02.DOZOPAK-2000-UP-srb-eng-rus.pdf\" target=\"_blank\" rel=\"noopener\">Preuzmite bro\u0161uru DOZPAK 2000 UP<\/a>[\/vc_message][\/vc_column][\/vc_row][vc_row][vc_column][vc_empty_space][vc_images_carousel images=&#8221;7100,7101,7102,7103,7104,7105,7106,7107,7108,7109,7110,7111,7112,7113&#8243; img_size=&#8221;full&#8221; speed=&#8221;2000&#8243; slides_per_view=&#8221;2&#8243; autoplay=&#8221;yes&#8221; hide_pagination_control=&#8221;yes&#8221; wrap=&#8221;yes&#8221;][\/vc_column][\/vc_row]<\/p>\n","protected":false},"excerpt":{"rendered":"<p>[vc_row][vc_column][vc_column_text] DOZOPAK 1000 \u2013 2000 UP [\/vc_column_text][vc_empty_space height=&#8221;50px&#8221;][\/vc_column][\/vc_row][vc_row][vc_column][vc_text_separator title=&#8221;NAMENA MA\u0160INE&#8221; title_align=&#8221;separator_align_left&#8221; border_width=&#8221;6&#8243; el_class=&#8221;bold&#8221;][vc_empty_space][vc_column_text]DOZOPAK 1000 &#8211; 2000 UP namenjen je za punjenje posuda te\u010dnih i pastoznih materija koje se koriste u mlekarskoj, hemijskoj i drugim industrijama u zapreminama do 1,00 litra. Mogu\u0107a je i dogradnja raznih verzija posuda do 5 litara, takodje I raznih opcija doziranja [&hellip;]<\/p>\n","protected":false},"author":1,"featured_media":0,"parent":0,"menu_order":0,"comment_status":"closed","ping_status":"closed","template":"","meta":{"footnotes":""},"class_list":["post-4669","page","type-page","status-publish","hentry","no-thumb"],"_links":{"self":[{"href":"https:\/\/test.pakpromet.com\/index.php\/wp-json\/wp\/v2\/pages\/4669","targetHints":{"allow":["GET"]}}],"collection":[{"href":"https:\/\/test.pakpromet.com\/index.php\/wp-json\/wp\/v2\/pages"}],"about":[{"href":"https:\/\/test.pakpromet.com\/index.php\/wp-json\/wp\/v2\/types\/page"}],"author":[{"embeddable":true,"href":"https:\/\/test.pakpromet.com\/index.php\/wp-json\/wp\/v2\/users\/1"}],"replies":[{"embeddable":true,"href":"https:\/\/test.pakpromet.com\/index.php\/wp-json\/wp\/v2\/comments?post=4669"}],"version-history":[{"count":14,"href":"https:\/\/test.pakpromet.com\/index.php\/wp-json\/wp\/v2\/pages\/4669\/revisions"}],"predecessor-version":[{"id":7114,"href":"https:\/\/test.pakpromet.com\/index.php\/wp-json\/wp\/v2\/pages\/4669\/revisions\/7114"}],"wp:attachment":[{"href":"https:\/\/test.pakpromet.com\/index.php\/wp-json\/wp\/v2\/media?parent=4669"}],"curies":[{"name":"wp","href":"https:\/\/api.w.org\/{rel}","templated":true}]}}