{"id":4642,"date":"2021-06-09T00:43:47","date_gmt":"2021-06-08T22:43:47","guid":{"rendered":"https:\/\/test.pakpromet.com\/?page_id=4642"},"modified":"2021-10-02T21:42:50","modified_gmt":"2021-10-02T19:42:50","slug":"01-monopak-1500-12000-05-02-up","status":"publish","type":"page","link":"https:\/\/test.pakpromet.com\/index.php\/01-monopak-1500-12000-05-02-up\/","title":{"rendered":"MONOPAK 1500 &#8211; 12000 05 02 UP"},"content":{"rendered":"<p>[vc_row][vc_column][vc_column_text]<\/p>\n<h1 style=\"text-align: center;\">MONOPAK 1500 &#8211; 12000 05 02 UP<\/h1>\n<p>[\/vc_column_text][vc_empty_space height=&#8221;50px&#8221;][\/vc_column][\/vc_row][vc_row][vc_column][vc_text_separator title=&#8221;NAMENA MA\u0160INE&#8221; title_align=&#8221;separator_align_left&#8221; border_width=&#8221;6&#8243; el_class=&#8221;bold&#8221;][vc_empty_space][vc_column_text]<strong>MONOPAK 1500 &#8211; 12000 05 02 UP<\/strong>\u00a0&#8211; je automatska ma\u0161ina za pakovanje te\u010dnih proizvoda i kremova u polistirenske ili polipropilenske \u010da\u0161ice. Najmasovniju primenu ova ma\u0161ina ima na linijama za pakovanje kiselomle\u010dnih proizvoda i krem sireva, u zapreminama od 0,10 do 0,50 litara. Ma\u0161ina ja sa izmenjivim \u0161oljama, dozatorima,uzima\u010dima \u010da\u0161a i poklopaca da bi se na njoj moglo pakovati i \u010da\u0161e od 02 i 05 litara ( \u03a6 75 I \u03a6 95 ). Mo\u017ee koncepcija sa jednom vrstom ambala\u017ee ali I sa vi\u0161e izmenjivih alata za dodatne ambala\u017ee<\/p>\n<p>Prelazak sa jednog pakovanja na drugo traje do 10 (deset) minuta.<\/p>\n<p>Koncepcija ma\u0161ine je takva, da se u automatskom ciklusu obavljaju sinhronizovane funkcije: uzimanje \u010da\u0161a iz \u0161ar\u017eera, doziranje sa odmeravanjem, uzimanje poklopaca, zavarivanje poklopaca, uzimanje i nabijanje usko\u010dnih poklopaca, datumiranje i odlaganje punih zatvorenih \u010da\u0161a na prihvatni sto.[\/vc_column_text][vc_empty_space][vc_video link=&#8221;https:\/\/youtu.be\/xx1r6&#8211;Y5L8&#8243; el_width=&#8221;70&#8243; align=&#8221;center&#8221;][vc_empty_space][vc_video link=&#8221;https:\/\/youtu.be\/Vd_cFyC-06c&#8221; el_width=&#8221;70&#8243; align=&#8221;center&#8221;][vc_empty_space][vc_video link=&#8221;https:\/\/youtu.be\/SpRWck2oXAU&#8221; el_width=&#8221;70&#8243; align=&#8221;center&#8221;][vc_empty_space][vc_video link=&#8221;https:\/\/youtu.be\/1DIY3g9_wEw&#8221; el_width=&#8221;70&#8243; align=&#8221;center&#8221;][vc_empty_space][vc_video link=&#8221;https:\/\/youtu.be\/Ec6dZY1mBJw&#8221; el_width=&#8221;70&#8243; align=&#8221;center&#8221;][vc_empty_space][vc_video link=&#8221;https:\/\/youtu.be\/jXIEjwGcHtQ&#8221; el_width=&#8221;70&#8243; align=&#8221;center&#8221;][vc_empty_space][vc_text_separator title=&#8221;TEHNI\u010cKI OPIS&#8221; title_align=&#8221;separator_align_left&#8221; border_width=&#8221;6&#8243; el_class=&#8221;bold&#8221;][vc_empty_space][vc_column_text]Ova jednoredna ili vi\u0161eredna linijska horizontalna ma\u0161ina radi u taktnom re\u017eimu rada, i prema vrsti pogona i na\u010dinu funkcionisanja predstavlja kombinaciju mehani\u010dkih i pneumatskih mehanizama &#8211; modula. Ma\u0161inu pogoni motoreduktor, koji preko razdelnika pogona pokre\u0107e glavno vratilo ma\u0161ine, kao i kora\u010dni reduktor transportera. Na razdelnom reduktoru se nalazi lan\u010danik sa sigurnosnom \u010divijom, koji \u010duva ma\u0161inu od preoptere\u0107enja.<\/p>\n<p>Ulogu me\u0111ufaznog povezivanja svih elemenata ciklusa ma\u0161ine vr\u0161i transporter, koji prenosi \u010da\u0161e od jednog mehanizma do drugog, sve do izbaciva\u010da \u010da\u0161a koji ih iznosi na prihvatni sto odakle ih radnik skuplja i zbirno pakuje. Doziranje je klipno, sa zapreminskim odmeravanjem koli\u010dine, a napajanje dozatora se mo\u017ee vr\u0161iti i iz posude koja se nalazi na ma\u0161ini.<\/p>\n<p>Postolje ma\u0161ine, za\u0161titne obloge, i ostali elementi koji dolaze u kontakt sa materijom koja se pakuje su izra\u0111eni od ner\u0111aju\u0107eg \u010delika, a zona punjenja je oklopljena pleksiglasom.<\/p>\n<p>Ma\u0161ina se isporu\u010duje sa vla\u017enim (pe\u010datnim) datumom ili nosa\u010dem za ink jet \u0161tampa\u010d.[\/vc_column_text][vc_empty_space][\/vc_column][\/vc_row][vc_row][vc_column width=&#8221;2\/3&#8243;][vc_text_separator title=&#8221;TEHNI\u010cKE KARAKTERISTIKE&#8221; i_icon_fontawesome=&#8221;fas fa-file-alt&#8221; i_color=&#8221;black&#8221; border_width=&#8221;6&#8243; css_animation=&#8221;none&#8221; add_icon=&#8221;true&#8221;][vc_column_text]<\/p>\n<p>&nbsp;<\/p>\n<table width=\"606\">\n<tbody>\n<tr>\n<td>&#8211; kapacitet ma\u0161ine<\/td>\n<td width=\"321\">Q = 1500 &#8211; 12000 \u010da\u0161a \/ h<\/td>\n<\/tr>\n<tr>\n<td>&#8211; opseg doziranja<\/td>\n<td width=\"321\">0,10 &#8211; 0,5 l<\/td>\n<\/tr>\n<tr>\n<td>&#8211; instalisana snaga<\/td>\n<td width=\"321\">Pi = 1,80 &#8211; 3,6 kW<\/td>\n<\/tr>\n<tr>\n<td>&#8211; nazivni napon<\/td>\n<td width=\"321\">3 x 380 V\u00a0 50 Hz<\/td>\n<\/tr>\n<tr>\n<td>&#8211; nazivni pritisak<\/td>\n<td width=\"321\">p = 6 &#8211; 8 bar<\/td>\n<\/tr>\n<tr>\n<td>&#8211; potro\u0161nja vazduha (na 6 bar-a)<\/td>\n<td width=\"321\">215 &#8211; 420 Nl \/ min<\/td>\n<\/tr>\n<tr>\n<td>&#8211; dimenzije ma\u0161ine D x \u0160 x V<\/td>\n<td width=\"321\">2860 ( 4000 ) x 980 ( 2300 ) x 2300 mm<\/td>\n<\/tr>\n<tr>\n<td>&#8211; masa ma\u0161ine<\/td>\n<td width=\"321\">M = 990 &#8211; 2600 Kg<\/td>\n<\/tr>\n<tr>\n<td>&#8211; pre\u010dnik venca\u00a0 \u010da\u0161e za termovar<\/td>\n<td width=\"321\">D = 75 i 95 mm<\/td>\n<\/tr>\n<\/tbody>\n<\/table>\n<p>[\/vc_column_text][\/vc_column][vc_column width=&#8221;1\/3&#8243;][vc_text_separator title=&#8221;TEHNI\u010cKA DOKUMENTACIJA&#8221; i_icon_fontawesome=&#8221;fas fa-file-pdf&#8221; i_color=&#8221;pink&#8221; border_width=&#8221;6&#8243; add_icon=&#8221;true&#8221;][vc_message message_box_color=&#8221;green&#8221; icon_fontawesome=&#8221;far fa-file-pdf&#8221;]<a href=\"https:\/\/test.pakpromet.com\/wp-content\/uploads\/2021\/06\/04.03.Monopak-1500-05-02-1.pdf\" target=\"_blank\" rel=\"noopener\">Preuzmite bro\u0161uru &#8211; MONOPAK 1500<\/a>[\/vc_message][vc_message message_box_color=&#8221;green&#8221; icon_fontawesome=&#8221;far fa-file-pdf&#8221;]<a href=\"https:\/\/test.pakpromet.com\/wp-content\/uploads\/2021\/06\/04.20.Monopak-3000-05-02-1.pdf\" target=\"_blank\" rel=\"noopener\">Preuzmite bro\u0161uru &#8211; MONOPAK 3000<\/a>[\/vc_message][vc_message message_box_color=&#8221;green&#8221; icon_fontawesome=&#8221;far fa-file-pdf&#8221;]<a href=\"https:\/\/test.pakpromet.com\/wp-content\/uploads\/2021\/06\/04.30.Monopak-4500-05-02.pdf\" target=\"_blank\" rel=\"noopener\">Preuzmite bro\u0161uru &#8211; MONOPAK 4500<\/a>[\/vc_message][\/vc_column][\/vc_row][vc_row][vc_column][vc_empty_space][vc_images_carousel images=&#8221;7057,7058,7059,7060,7061,7062,7063,7064,7065,7066,7067,7068&#8243; img_size=&#8221;full&#8221; speed=&#8221;2000&#8243; slides_per_view=&#8221;2&#8243; autoplay=&#8221;yes&#8221; hide_pagination_control=&#8221;yes&#8221; wrap=&#8221;yes&#8221;][\/vc_column][\/vc_row]<\/p>\n","protected":false},"excerpt":{"rendered":"<p>[vc_row][vc_column][vc_column_text] MONOPAK 1500 &#8211; 12000 05 02 UP [\/vc_column_text][vc_empty_space height=&#8221;50px&#8221;][\/vc_column][\/vc_row][vc_row][vc_column][vc_text_separator title=&#8221;NAMENA MA\u0160INE&#8221; title_align=&#8221;separator_align_left&#8221; border_width=&#8221;6&#8243; el_class=&#8221;bold&#8221;][vc_empty_space][vc_column_text]MONOPAK 1500 &#8211; 12000 05 02 UP\u00a0&#8211; je automatska ma\u0161ina za pakovanje te\u010dnih proizvoda i kremova u polistirenske ili polipropilenske \u010da\u0161ice. Najmasovniju primenu ova ma\u0161ina ima na linijama za pakovanje kiselomle\u010dnih proizvoda i krem sireva, u zapreminama od 0,10 do 0,50 [&hellip;]<\/p>\n","protected":false},"author":1,"featured_media":0,"parent":0,"menu_order":0,"comment_status":"closed","ping_status":"closed","template":"","meta":{"footnotes":""},"class_list":["post-4642","page","type-page","status-publish","hentry","no-thumb"],"_links":{"self":[{"href":"https:\/\/test.pakpromet.com\/index.php\/wp-json\/wp\/v2\/pages\/4642","targetHints":{"allow":["GET"]}}],"collection":[{"href":"https:\/\/test.pakpromet.com\/index.php\/wp-json\/wp\/v2\/pages"}],"about":[{"href":"https:\/\/test.pakpromet.com\/index.php\/wp-json\/wp\/v2\/types\/page"}],"author":[{"embeddable":true,"href":"https:\/\/test.pakpromet.com\/index.php\/wp-json\/wp\/v2\/users\/1"}],"replies":[{"embeddable":true,"href":"https:\/\/test.pakpromet.com\/index.php\/wp-json\/wp\/v2\/comments?post=4642"}],"version-history":[{"count":16,"href":"https:\/\/test.pakpromet.com\/index.php\/wp-json\/wp\/v2\/pages\/4642\/revisions"}],"predecessor-version":[{"id":7069,"href":"https:\/\/test.pakpromet.com\/index.php\/wp-json\/wp\/v2\/pages\/4642\/revisions\/7069"}],"wp:attachment":[{"href":"https:\/\/test.pakpromet.com\/index.php\/wp-json\/wp\/v2\/media?parent=4642"}],"curies":[{"name":"wp","href":"https:\/\/api.w.org\/{rel}","templated":true}]}}