{"id":4611,"date":"2021-06-08T19:36:06","date_gmt":"2021-06-08T17:36:06","guid":{"rendered":"https:\/\/test.pakpromet.com\/?page_id=4611"},"modified":"2021-10-02T21:29:04","modified_gmt":"2021-10-02T19:29:04","slug":"termopak-6000","status":"publish","type":"page","link":"https:\/\/test.pakpromet.com\/index.php\/termopak-6000\/","title":{"rendered":"TERMOPAK 6000"},"content":{"rendered":"<p>[vc_row][vc_column][vc_column_text]<\/p>\n<h1 style=\"text-align: center;\">TERMOPAK 6000<\/h1>\n<p>[\/vc_column_text][vc_empty_space height=&#8221;50px&#8221;][\/vc_column][\/vc_row][vc_row][vc_column][vc_text_separator title=&#8221;NAMENA MA\u0160INE&#8221; title_align=&#8221;separator_align_left&#8221; border_width=&#8221;6&#8243; el_class=&#8221;bold&#8221;][vc_empty_space][vc_column_text]TERMOPAK 6000 &#8211; Ova linija je namenjena za pojedina\u010dno i grupno pakovanje proizvoda u foliju, koja ima sposobnost termi\u010dkog skupljanja, te na taj na\u010din prijanja uz proizvod i \u010dini za\u0161titu od spolja\u0161njih uticaja, a kod grupnih pakovanja ostvaruje i dobru homogenost paketa. Na ovaj na\u010din se mo\u017ee pakovati veliki broj proizvoda, a najmasovniju primenu je na\u0161ao kod grupnih pakovanja svih vrsta boca, kutija, kesica i sl, i to u prehrambenoj i hemijskoj industriji, naro\u010dito kod proizvoda za masovnu potro\u0161nju.[\/vc_column_text][vc_empty_space][vc_video link=&#8221;https:\/\/youtu.be\/cBZEtJg0PvE&#8221; el_width=&#8221;70&#8243; align=&#8221;center&#8221;][vc_empty_space][vc_text_separator title=&#8221;TEHNI\u010cKI OPIS&#8221; title_align=&#8221;separator_align_left&#8221; border_width=&#8221;6&#8243; el_class=&#8221;bold&#8221;][vc_empty_space][vc_column_text]Linija za termoskupljanje TERMOPAK 6000 je automatska i sastoji se iz vi\u0161e jedinica &#8211; uredjaja koji sa\u010dinjavaju funkcionalnu celinu. Napunjene i zatvorene boce dolaze \u0161arnirnim transporterom do ma\u0161ine, gde ih prihvata ulazni modularni transporter. Dolaskom do me\u0161a\u010da i uzdu\u017enih vo\u0111ica po\u010dinje raspore\u0111ivanje boca po \u0161irini modularnog transportera i do popunjavanja svih kolona po uzdu\u017enim vo\u0111icama. Ovako usmerene i raspore\u0111ene boce dolaze do zaustavlja\u010da. Naizmeni\u010dnim radom prednjeg i zadnjeg zaustavlja\u010da vr\u0161i se predvajanje grupe boca u zadati format.<\/p>\n<p>Paket boca kre\u0107e napred no\u0161en modularnim transporterom i udara u pre\u010dagu lan\u010dastog transportera. Pre\u010daga se kre\u0107e sporije od modularne trake, tako da zadr\u017eava paket koji ostaje formiran, u \u010demu poma\u017eu bo\u010dni i uzdu\u017eni grani\u010dnici koji ne dopu\u0161taju bocama prelazak iz jedne u drugu kolonu. Ovako vo\u0111en paket dolazi do kraja modularnog transportera, gde se nalazi zaustavna plo\u010da. Boce u formiranom rasporedu ostaju na plo\u010di, dok pre\u010daga odlazi napred. Slede\u0107a pre\u010daga lan\u010dastog transportera, koja pridr\u017eava i vodi slede\u0107i paket, dolazi do prvog paketa koji je na zaustavnoj plo\u010di i pregurava ga kroz film folije. Istovremeno ova pre\u010daga ostavlja slede\u0107i paket na zaustavnoj plo\u010di.<br \/>\nU trenutku kada paket prolazi ispod pegle i obmotava se folijom startuje trakasti transporter koji se nalazi odmah iza oslonca pegle i poma\u017ee da se paket pozicionira u polozaj za zavarivanje folije. Pegla i pritiskiva\u010d paketa startuju istovremeno. Pritiskiva\u010d prelazi kra\u0107i put i pritiska paket odozgo. Pegla se spu\u0161ta u donji polo\u017eaj i vr\u0161i zavarivanje i otsecanje folije, uz istovremeno formiranje novog filma folije (sastavlja gornju i donju foliju).<\/p>\n<p>Ovako formiran paket dolazi na transporter, koji ga nosi kroz komoru, gde se odvija proces termi\u010dkog skupljanja folije oko paketa. Po izlasku iz komore paket dolazi ispod struje hladnog vazduha gde dobija \u010dvrstinu i kona\u010dan oblik. Jedinica za hla\u0111enje paketa se nalazi odmah iza komore i ima zadatak da brzo ohladi foliju kojom je paket obmotan. Hla\u0111enje se obavlja u struji hladnog vazduha koju ostvaruje ventilator a u produ\u017eetku se nalazi prihvatni transporter, koji je izveden kao gravitacioni valj\u010dasti.[\/vc_column_text][vc_empty_space][\/vc_column][\/vc_row][vc_row][vc_column width=&#8221;2\/3&#8243;][vc_text_separator title=&#8221;TEHNI\u010cKE KARAKTERISTIKE&#8221; i_icon_fontawesome=&#8221;fas fa-file-alt&#8221; i_color=&#8221;black&#8221; border_width=&#8221;6&#8243; css_animation=&#8221;none&#8221; add_icon=&#8221;true&#8221;][vc_column_text]<\/p>\n<table width=\"558\">\n<tbody>\n<tr>\n<td width=\"255\">&#8211; kapacitet ma\u0161ine<\/td>\n<td width=\"303\">Q = 12 &#8211; 14\u00a0cikl \/ min<\/td>\n<\/tr>\n<tr>\n<td width=\"255\">&#8211;\u00a0instalisana snaga<\/td>\n<td width=\"303\">Pi = 24 kW<\/td>\n<\/tr>\n<tr>\n<td width=\"255\">&#8211;\u00a0nazivni napon<\/td>\n<td width=\"303\">U = 3 x 380 V \u00a050 Hz<\/td>\n<\/tr>\n<tr>\n<td width=\"255\">&#8211;\u00a0nazivni pritisak<\/td>\n<td width=\"303\">P = 6 &#8211; 8 bar<\/td>\n<\/tr>\n<tr>\n<td width=\"255\">&#8211;\u00a0potro\u0161nja vazduha (na 6 bar-a)<\/td>\n<td width=\"303\">260 Nl \/ min<\/td>\n<\/tr>\n<tr>\n<td width=\"255\">&#8211;\u00a0dimenzije ma\u0161ine D x \u0160 x V<\/td>\n<td width=\"303\">6500 x 900 x 2100 mm<\/td>\n<\/tr>\n<tr>\n<td width=\"255\">&#8211;\u00a0masa ma\u0161ine<\/td>\n<td width=\"303\">M = 2170 Kg<\/td>\n<\/tr>\n<tr>\n<td width=\"255\">&#8211;\u00a0raspored boca u paketu<\/td>\n<td width=\"303\">3 programa<\/td>\n<\/tr>\n<tr>\n<td width=\"255\">&#8211;\u00a0vrsta folije<\/td>\n<td width=\"303\">Termoskupljaju\u0107a PE<\/td>\n<\/tr>\n<tr>\n<td width=\"255\">&#8211;\u00a0maksimalna \u0161irina folije<\/td>\n<td width=\"303\">B1 = 580 mm<\/td>\n<\/tr>\n<tr>\n<td width=\"255\">&#8211;\u00a0debljina folije<\/td>\n<td width=\"303\">0,07 &#8211; 0,11 m<\/td>\n<\/tr>\n<\/tbody>\n<\/table>\n<p>[\/vc_column_text][\/vc_column][vc_column width=&#8221;1\/3&#8243;][vc_text_separator title=&#8221;TEHNI\u010cKA DOKUMENTACIJA&#8221; i_icon_fontawesome=&#8221;fas fa-file-pdf&#8221; i_color=&#8221;pink&#8221; border_width=&#8221;6&#8243; add_icon=&#8221;true&#8221;][vc_message message_box_color=&#8221;green&#8221; icon_fontawesome=&#8221;far fa-file-pdf&#8221;]<a href=\"https:\/\/test.pakpromet.com\/wp-content\/uploads\/2021\/06\/SAJT-LINKOVI-TERMOPAK-6000.doc\" target=\"_blank\" rel=\"noopener\">Preuzmite bro\u0161uru<\/a>[\/vc_message][\/vc_column][\/vc_row][vc_row][vc_column][vc_empty_space][vc_images_carousel images=&#8221;7039,7040,7041,7042,7043,7044,7045,7046,7047,7048&#8243; img_size=&#8221;full&#8221; speed=&#8221;2000&#8243; slides_per_view=&#8221;2&#8243; autoplay=&#8221;yes&#8221; hide_pagination_control=&#8221;yes&#8221; wrap=&#8221;yes&#8221;][\/vc_column][\/vc_row]<\/p>\n","protected":false},"excerpt":{"rendered":"<p>[vc_row][vc_column][vc_column_text] TERMOPAK 6000 [\/vc_column_text][vc_empty_space height=&#8221;50px&#8221;][\/vc_column][\/vc_row][vc_row][vc_column][vc_text_separator title=&#8221;NAMENA MA\u0160INE&#8221; title_align=&#8221;separator_align_left&#8221; border_width=&#8221;6&#8243; el_class=&#8221;bold&#8221;][vc_empty_space][vc_column_text]TERMOPAK 6000 &#8211; Ova linija je namenjena za pojedina\u010dno i grupno pakovanje proizvoda u foliju, koja ima sposobnost termi\u010dkog skupljanja, te na taj na\u010din prijanja uz proizvod i \u010dini za\u0161titu od spolja\u0161njih uticaja, a kod grupnih pakovanja ostvaruje i dobru homogenost paketa. Na ovaj na\u010din se [&hellip;]<\/p>\n","protected":false},"author":1,"featured_media":0,"parent":0,"menu_order":0,"comment_status":"closed","ping_status":"closed","template":"","meta":{"footnotes":""},"class_list":["post-4611","page","type-page","status-publish","hentry","no-thumb"],"_links":{"self":[{"href":"https:\/\/test.pakpromet.com\/index.php\/wp-json\/wp\/v2\/pages\/4611","targetHints":{"allow":["GET"]}}],"collection":[{"href":"https:\/\/test.pakpromet.com\/index.php\/wp-json\/wp\/v2\/pages"}],"about":[{"href":"https:\/\/test.pakpromet.com\/index.php\/wp-json\/wp\/v2\/types\/page"}],"author":[{"embeddable":true,"href":"https:\/\/test.pakpromet.com\/index.php\/wp-json\/wp\/v2\/users\/1"}],"replies":[{"embeddable":true,"href":"https:\/\/test.pakpromet.com\/index.php\/wp-json\/wp\/v2\/comments?post=4611"}],"version-history":[{"count":14,"href":"https:\/\/test.pakpromet.com\/index.php\/wp-json\/wp\/v2\/pages\/4611\/revisions"}],"predecessor-version":[{"id":7049,"href":"https:\/\/test.pakpromet.com\/index.php\/wp-json\/wp\/v2\/pages\/4611\/revisions\/7049"}],"wp:attachment":[{"href":"https:\/\/test.pakpromet.com\/index.php\/wp-json\/wp\/v2\/media?parent=4611"}],"curies":[{"name":"wp","href":"https:\/\/api.w.org\/{rel}","templated":true}]}}