{"id":4595,"date":"2021-06-08T19:14:10","date_gmt":"2021-06-08T17:14:10","guid":{"rendered":"https:\/\/test.pakpromet.com\/?page_id=4595"},"modified":"2021-10-05T12:09:18","modified_gmt":"2021-10-05T10:09:18","slug":"tespak-9000","status":"publish","type":"page","link":"https:\/\/test.pakpromet.com\/index.php\/tespak-9000\/","title":{"rendered":"TESPAK 9000"},"content":{"rendered":"<p>[vc_row][vc_column][vc_column_text]<\/p>\n<h1 style=\"text-align: center;\"><strong>TESPAK 9000<\/strong><\/h1>\n<p>[\/vc_column_text][vc_empty_space height=&#8221;50px&#8221;][\/vc_column][\/vc_row][vc_row][vc_column][vc_text_separator title=&#8221;NAMENA MA\u0160INE&#8221; title_align=&#8221;separator_align_left&#8221; border_width=&#8221;6&#8243; el_class=&#8221;bold&#8221;][vc_empty_space][vc_column_text]Ma\u0161ina TESPAK 9000 je namenjena za nano\u0161enje termoskupljaju\u0107e etikete u ve\u0107 napunjene I zatvorene boce. Predstavlja jednu od ma\u0161ina koje formiraju liniju u punjenju, zatvaranju, etiketiranju i formiranju zbirnog pakovanja proizvoda. U zavisnosti od potrebe tr\u017ei\u0161ta ma\u0161ina se mo\u017ee koristiti za nano\u0161enje etiketa na boce razli\u010ditog pre\u010dnika I oblika. Mo\u017ee se koristiti u prehrambenoj I hemijskoj industriji. Osnovna verzija ma\u0161ine namenjena je za postavljanje etiketa na boce (PET boce ili boce od nekog drugog materijala).<\/p>\n<p>Maksimalno iskori\u0161\u0107enje ma\u0161ine obezbe\u0111eno je sinhronizacijom sklopova, \u0161to obezbe\u0111uje maksimalni kapacitet linije. Ma\u0161ina ima sopstveni pogon, pa mo\u017ee da radi samostalno. Mo\u017ee se isporu\u010diti I odvojeno odnosno ma\u0161ina TES za nabacivanje PP folije i ma\u0161ina SLIVPAK koja pod dejstvom pare deluje na termoskupljaju\u0107u etiketu i skuplja je oko boce.[\/vc_column_text][vc_empty_space][vc_video link=&#8221;https:\/\/youtu.be\/SjrkJiwPUaU&#8221; el_width=&#8221;70&#8243; align=&#8221;center&#8221;][vc_empty_space][vc_text_separator title=&#8221;TEHNI\u010cKI OPIS&#8221; title_align=&#8221;separator_align_left&#8221; border_width=&#8221;6&#8243; el_class=&#8221;bold&#8221;][vc_empty_space][vc_column_text]TESPAK 9000 je automatska ma\u0161ina, projektovana za postavljanje termoskupljajuce etikete na boce razlicitih zapremina. Procesom rada ma\u0161ine upravlja programabilni logi\u010dki kontroler (PLC). Prema vrsti pogonskih elemenata ovo je pneumatsko mehani\u010dka ma\u0161ina. Dopremanje punih I zatvorenih boca vr\u0161i se pomo\u0107u transportera sa transportnom trakom. Pomo\u0107u sklopa uvodnog pu\u017ea vr\u0161i se precizno odre\u0111ivanje polo\u017eaja boca na transporteru \u0161to je veoma va\u017eno kod postavljanja termoskupljaju\u0107e etikete. Nakon registrovanja boce vr\u0161i se premotavanje etikete sa kotura pomocu gumenih I zate\u017eu\u0107ih valjaka. U odnosu na oblik boce, etiketa pre odsecanja prolazi preko ,,Torpeda&#8221; koji ima zadatak da formira oblik etikete prema boci. Du\u017eina etikete zavisi od formata boce.<\/p>\n<p>Odsecanje etikete vr\u0161i se pomo\u0107u obrtnih no\u017eeva koji se aktiviraju kada senzor registruje bocu. U zavisnosti od potrebe, nano\u0161enje etikete se mo\u017ee vr\u0161iti preko cele boce, ili do odre\u0111ene visine gde se koristi sklop za grani\u010denje donje pozicije etikete. Nakon nano\u0161enja etikete boce se dalje transportuju do parnog tunela koja ima zadatak da paru koja se priprema u kotlu dopremi do komora i usmeri je na bocu.<br \/>\nTransport pare vr\u0161i se pomo\u0107u cevovoda i dalje do komore. Slivpak u sebi sadr\u017ei dve komore, jednu u kojoj se vr\u0161i dejstvo pare po celoj boci a druga u kojoj se vr\u0161i finalno oblikovanje etikete. I jedna i druga komora imaju mogu\u0107nost regulacije protoka pare. Ovakvom koncepcijom se dobila visoka pouzdanost i jednostavnost ma\u0161ine, \u0161to se ogleda u lakom odr\u017eavanju i pode\u0161avanju. Ma\u0161ina je izra\u0111ena od kvalitetnih konstrukcionih \u010delika koji podle\u017eu svim standardima.[\/vc_column_text][vc_empty_space][\/vc_column][\/vc_row][vc_row][vc_column width=&#8221;2\/3&#8243;][vc_text_separator title=&#8221;TEHNI\u010cKE KARAKTERISTIKE&#8221; i_icon_fontawesome=&#8221;fas fa-file-alt&#8221; i_color=&#8221;black&#8221; border_width=&#8221;6&#8243; css_animation=&#8221;none&#8221; add_icon=&#8221;true&#8221;][vc_column_text]<\/p>\n<table width=\"720\">\n<tbody>\n<tr>\n<td>&#8211; kapacitet ma\u0161ine<\/td>\n<td width=\"392\">Q = 9000 boca\/h<\/td>\n<\/tr>\n<tr>\n<td width=\"328\">&#8211; instalisana snaga<\/td>\n<td width=\"392\">Pi = 2,60 kW<\/td>\n<\/tr>\n<tr>\n<td width=\"328\">&#8211; nazivni napon<\/td>\n<td width=\"392\">3 x 380 V\u00a0 50 Hz<\/td>\n<\/tr>\n<tr>\n<td width=\"328\">\u00a0&#8211; nazivni pritisak<\/td>\n<td width=\"392\">P = 6 \u00b8 8 bara<\/td>\n<\/tr>\n<tr>\n<td width=\"328\">&#8211; potro\u0161nja vazduha<\/td>\n<td width=\"392\">3,50 NL\/min<\/td>\n<\/tr>\n<tr>\n<td width=\"328\">&#8211; vrsta folije<\/td>\n<td width=\"392\">Termoskuplja\u0107a PE<\/td>\n<\/tr>\n<tr>\n<td width=\"328\">&#8211; spoljni precnik etikete<\/td>\n<td width=\"392\">500 mm<\/td>\n<\/tr>\n<tr>\n<td width=\"328\">&#8211; dimenzija: precnik<\/td>\n<td width=\"392\">min 25 mm, max 155 mm<\/td>\n<\/tr>\n<tr>\n<td width=\"328\">&#8211; dimenzija: visina<\/td>\n<td width=\"392\">max 350 mm<\/td>\n<\/tr>\n<tr>\n<td width=\"328\">&#8211; duzina etikete<\/td>\n<td width=\"392\">max 300 mm<\/td>\n<\/tr>\n<tr>\n<td width=\"328\">&#8211; debljina etikete<\/td>\n<td width=\"392\">40 &#8211; 80 mkm<\/td>\n<\/tr>\n<tr>\n<td width=\"328\">&#8211; potreban kapacitet pare:<\/td>\n<td width=\"392\">350 kg \/ h &#8211; 1 bara<\/td>\n<\/tr>\n<tr>\n<td width=\"328\">&#8211; dimenzije ma\u0161ine D x \u0160 x V<\/td>\n<td width=\"392\">8000 x 1900 x 3000 mm<\/td>\n<\/tr>\n<tr>\n<td width=\"328\">&#8211; masa ma\u0161ine<\/td>\n<td width=\"392\">M = 1960 kg<\/td>\n<\/tr>\n<\/tbody>\n<\/table>\n<p>[\/vc_column_text][\/vc_column][vc_column width=&#8221;1\/3&#8243;][vc_text_separator title=&#8221;TEHNI\u010cKA DOKUMENTACIJA&#8221; i_icon_fontawesome=&#8221;fas fa-file-pdf&#8221; i_color=&#8221;pink&#8221; border_width=&#8221;6&#8243; add_icon=&#8221;true&#8221;][vc_message message_box_color=&#8221;green&#8221; icon_fontawesome=&#8221;far fa-file-pdf&#8221;]<a href=\"https:\/\/test.pakpromet.com\/wp-content\/uploads\/2021\/06\/TESPAK-3000-12000-srb-engrus.pdf\" target=\"_blank\" rel=\"noopener\">Preuzmite bro\u0161uru<\/a>[\/vc_message][\/vc_column][\/vc_row][vc_row][vc_column][vc_empty_space][vc_images_carousel images=&#8221;7023,7024,7025,7026,7027,7028&#8243; img_size=&#8221;full&#8221; speed=&#8221;2000&#8243; slides_per_view=&#8221;2&#8243; autoplay=&#8221;yes&#8221; hide_pagination_control=&#8221;yes&#8221; wrap=&#8221;yes&#8221;][\/vc_column][\/vc_row]<\/p>\n","protected":false},"excerpt":{"rendered":"<p>[vc_row][vc_column][vc_column_text] TESPAK 9000 [\/vc_column_text][vc_empty_space height=&#8221;50px&#8221;][\/vc_column][\/vc_row][vc_row][vc_column][vc_text_separator title=&#8221;NAMENA MA\u0160INE&#8221; title_align=&#8221;separator_align_left&#8221; border_width=&#8221;6&#8243; el_class=&#8221;bold&#8221;][vc_empty_space][vc_column_text]Ma\u0161ina TESPAK 9000 je namenjena za nano\u0161enje termoskupljaju\u0107e etikete u ve\u0107 napunjene I zatvorene boce. Predstavlja jednu od ma\u0161ina koje formiraju liniju u punjenju, zatvaranju, etiketiranju i formiranju zbirnog pakovanja proizvoda. U zavisnosti od potrebe tr\u017ei\u0161ta ma\u0161ina se mo\u017ee koristiti za nano\u0161enje etiketa na boce razli\u010ditog [&hellip;]<\/p>\n","protected":false},"author":1,"featured_media":0,"parent":0,"menu_order":0,"comment_status":"closed","ping_status":"closed","template":"","meta":{"footnotes":""},"class_list":["post-4595","page","type-page","status-publish","hentry","no-thumb"],"_links":{"self":[{"href":"https:\/\/test.pakpromet.com\/index.php\/wp-json\/wp\/v2\/pages\/4595","targetHints":{"allow":["GET"]}}],"collection":[{"href":"https:\/\/test.pakpromet.com\/index.php\/wp-json\/wp\/v2\/pages"}],"about":[{"href":"https:\/\/test.pakpromet.com\/index.php\/wp-json\/wp\/v2\/types\/page"}],"author":[{"embeddable":true,"href":"https:\/\/test.pakpromet.com\/index.php\/wp-json\/wp\/v2\/users\/1"}],"replies":[{"embeddable":true,"href":"https:\/\/test.pakpromet.com\/index.php\/wp-json\/wp\/v2\/comments?post=4595"}],"version-history":[{"count":13,"href":"https:\/\/test.pakpromet.com\/index.php\/wp-json\/wp\/v2\/pages\/4595\/revisions"}],"predecessor-version":[{"id":7453,"href":"https:\/\/test.pakpromet.com\/index.php\/wp-json\/wp\/v2\/pages\/4595\/revisions\/7453"}],"wp:attachment":[{"href":"https:\/\/test.pakpromet.com\/index.php\/wp-json\/wp\/v2\/media?parent=4595"}],"curies":[{"name":"wp","href":"https:\/\/api.w.org\/{rel}","templated":true}]}}