{"id":4572,"date":"2021-06-08T18:34:57","date_gmt":"2021-06-08T16:34:57","guid":{"rendered":"https:\/\/test.pakpromet.com\/?page_id=4572"},"modified":"2021-10-05T12:03:56","modified_gmt":"2021-10-05T10:03:56","slug":"bropak-3000-12000","status":"publish","type":"page","link":"https:\/\/test.pakpromet.com\/index.php\/bropak-3000-12000\/","title":{"rendered":"BROPAK 3000 &#8211; 12000"},"content":{"rendered":"<p>[vc_row][vc_column][vc_column_text]<\/p>\n<h1 style=\"text-align: center;\"><strong>BROPAK 3000 &#8211; 12000<\/strong><\/h1>\n<p>[\/vc_column_text][vc_empty_space height=&#8221;50px&#8221;][\/vc_column][\/vc_row][vc_row][vc_column][vc_text_separator title=&#8221;NAMENA MA\u0160INE&#8221; title_align=&#8221;separator_align_left&#8221; border_width=&#8221;6&#8243; el_class=&#8221;bold&#8221;][vc_empty_space][vc_column_text]Automatski inspekcijski sistem za nadgledanje koli\u010dine te\u010dnosti u boci kao i kvalitetnog zatvaranja boce. Boca se pneumatikom eventualno odbacuje sa transportne trake ukoliko ima manje ili vi\u0161e te\u010dnosti od dozvoljene a takodje i ako je zatvara\u010d lo\u0161e zavijen ( nedostaje zatvara\u010d, vi\u0161eg ili nakrivljenog zatvara\u010da, zavijen pod uglom, o\u0161te\u0107en zatvara\u010d\u2026),[\/vc_column_text][vc_empty_space][vc_video link=&#8221;https:\/\/youtu.be\/8PqZ-8zQpgk&#8221; el_width=&#8221;70&#8243; align=&#8221;center&#8221;][vc_empty_space][vc_text_separator title=&#8221;TEHNI\u010cKI OPIS&#8221; title_align=&#8221;separator_align_left&#8221; border_width=&#8221;6&#8243; el_class=&#8221;bold&#8221;][vc_empty_space][vc_column_text][\/vc_column_text][vc_empty_space][\/vc_column][\/vc_row][vc_row][vc_column width=&#8221;2\/3&#8243;][vc_text_separator title=&#8221;TEHNI\u010cKE KARAKTERISTIKE&#8221; i_icon_fontawesome=&#8221;fas fa-file-alt&#8221; i_color=&#8221;black&#8221; border_width=&#8221;6&#8243; css_animation=&#8221;none&#8221; add_icon=&#8221;true&#8221;][vc_column_text][\/vc_column_text][\/vc_column][vc_column width=&#8221;1\/3&#8243;][vc_text_separator title=&#8221;TEHNI\u010cKA DOKUMENTACIJA&#8221; i_icon_fontawesome=&#8221;fas fa-file-pdf&#8221; i_color=&#8221;pink&#8221; border_width=&#8221;6&#8243; add_icon=&#8221;true&#8221;][vc_message message_box_color=&#8221;green&#8221; icon_fontawesome=&#8221;far fa-file-pdf&#8221;]Preuzmite bro\u0161uru[\/vc_message][\/vc_column][\/vc_row][vc_row][vc_column][vc_empty_space][vc_images_carousel images=&#8221;6994,6995,6996,6997,6998,6999,7000&#8243; img_size=&#8221;full&#8221; speed=&#8221;2000&#8243; slides_per_view=&#8221;2&#8243; autoplay=&#8221;yes&#8221; hide_pagination_control=&#8221;yes&#8221; wrap=&#8221;yes&#8221;][\/vc_column][\/vc_row]<\/p>\n","protected":false},"excerpt":{"rendered":"<p>[vc_row][vc_column][vc_column_text] BROPAK 3000 &#8211; 12000 [\/vc_column_text][vc_empty_space height=&#8221;50px&#8221;][\/vc_column][\/vc_row][vc_row][vc_column][vc_text_separator title=&#8221;NAMENA MA\u0160INE&#8221; title_align=&#8221;separator_align_left&#8221; border_width=&#8221;6&#8243; el_class=&#8221;bold&#8221;][vc_empty_space][vc_column_text]Automatski inspekcijski sistem za nadgledanje koli\u010dine te\u010dnosti u boci kao i kvalitetnog zatvaranja boce. Boca se pneumatikom eventualno odbacuje sa transportne trake ukoliko ima manje ili vi\u0161e te\u010dnosti od dozvoljene a takodje i ako je zatvara\u010d lo\u0161e zavijen ( nedostaje zatvara\u010d, vi\u0161eg ili nakrivljenog [&hellip;]<\/p>\n","protected":false},"author":1,"featured_media":0,"parent":0,"menu_order":0,"comment_status":"closed","ping_status":"closed","template":"","meta":{"footnotes":""},"class_list":["post-4572","page","type-page","status-publish","hentry","no-thumb"],"_links":{"self":[{"href":"https:\/\/test.pakpromet.com\/index.php\/wp-json\/wp\/v2\/pages\/4572","targetHints":{"allow":["GET"]}}],"collection":[{"href":"https:\/\/test.pakpromet.com\/index.php\/wp-json\/wp\/v2\/pages"}],"about":[{"href":"https:\/\/test.pakpromet.com\/index.php\/wp-json\/wp\/v2\/types\/page"}],"author":[{"embeddable":true,"href":"https:\/\/test.pakpromet.com\/index.php\/wp-json\/wp\/v2\/users\/1"}],"replies":[{"embeddable":true,"href":"https:\/\/test.pakpromet.com\/index.php\/wp-json\/wp\/v2\/comments?post=4572"}],"version-history":[{"count":11,"href":"https:\/\/test.pakpromet.com\/index.php\/wp-json\/wp\/v2\/pages\/4572\/revisions"}],"predecessor-version":[{"id":7450,"href":"https:\/\/test.pakpromet.com\/index.php\/wp-json\/wp\/v2\/pages\/4572\/revisions\/7450"}],"wp:attachment":[{"href":"https:\/\/test.pakpromet.com\/index.php\/wp-json\/wp\/v2\/media?parent=4572"}],"curies":[{"name":"wp","href":"https:\/\/api.w.org\/{rel}","templated":true}]}}