{"id":4567,"date":"2021-06-08T18:18:06","date_gmt":"2021-06-08T16:18:06","guid":{"rendered":"https:\/\/test.pakpromet.com\/?page_id=4567"},"modified":"2021-10-02T20:44:06","modified_gmt":"2021-10-02T18:44:06","slug":"pak-12000","status":"publish","type":"page","link":"https:\/\/test.pakpromet.com\/index.php\/pak-12000\/","title":{"rendered":"PAK 12000"},"content":{"rendered":"<p>[vc_row][vc_column][vc_column_text]<\/p>\n<h1 style=\"text-align: center;\">PAK 12000<\/h1>\n<p>[\/vc_column_text][vc_empty_space height=&#8221;50px&#8221;][\/vc_column][\/vc_row][vc_row][vc_column][vc_text_separator title=&#8221;NAMENA MA\u0160INE&#8221; title_align=&#8221;separator_align_left&#8221; border_width=&#8221;6&#8243; el_class=&#8221;bold&#8221;][vc_empty_space][vc_column_text]PAK 12000 je vazdu\u0161ni no\u017e a osnovna namena ma\u0161ine jeste da putem tankog vazdu\u0161nog filma odstrani ne\u010disto\u0107e i vlagu sa ambala\u017ee bilo kog tipa ili formata.[\/vc_column_text][vc_empty_space][vc_video link=&#8221;https:\/\/youtu.be\/eSSw-wXYkd0&#8243; el_width=&#8221;70&#8243; align=&#8221;center&#8221;][vc_empty_space][vc_text_separator title=&#8221;TEHNI\u010cKI OPIS&#8221; title_align=&#8221;separator_align_left&#8221; border_width=&#8221;6&#8243; el_class=&#8221;bold&#8221;][vc_empty_space][vc_column_text]PAK 12000 predstavlja ma\u0161inu koja spada u linijske, odnosno ambala\u017ea koja se tretira u ovoj ma\u0161ini prolazi putem transportera koji se nijednog trenutka ne zaustavlja, ve\u0107 boce transportuje kroz ma\u0161inu u kontinuitetu.<\/p>\n<p>Kao \u0161to je pomenuto, namena ma\u0161ine jeste da se sa spoljnog dela ambala\u017ee odstrane sve kapljice kondenzata i ne\u010disto\u0107e koje se mogu na\u0107i na njenim spoljnim zidovima. Proces se vr\u0161i tretiranjem boca komprimovanim vazduhom.<\/p>\n<p>U slu\u010daju linije ma\u0161ina PAK 12000 se naj\u010de\u0161\u0107e postavlja izme\u0111u ma\u0161ine koja vr\u0161i ispiranje, punjenje i zatvaranje ambala\u017ee i ma\u0161ine koja vr\u0161i etiketiranje ambala\u017ee.[\/vc_column_text][vc_empty_space][\/vc_column][\/vc_row][vc_row][vc_column width=&#8221;2\/3&#8243;][vc_text_separator title=&#8221;TEHNI\u010cKE KARAKTERISTIKE&#8221; i_icon_fontawesome=&#8221;fas fa-file-alt&#8221; i_color=&#8221;black&#8221; border_width=&#8221;6&#8243; css_animation=&#8221;none&#8221; add_icon=&#8221;true&#8221;][vc_column_text]<\/p>\n<table width=\"522\">\n<tbody>\n<tr>\n<td width=\"250\">&#8211;\u00a0kapacitet ma\u0161ine<\/td>\n<td width=\"272\">Q = 12000\u00a0boca \/ h<\/td>\n<\/tr>\n<tr>\n<td width=\"250\">&#8211; instalisana snaga<\/td>\n<td width=\"272\">Pi = 5,50 kW<\/td>\n<\/tr>\n<tr>\n<td width=\"250\">&#8211; nazivni napon<\/td>\n<td width=\"272\">U = 3 x 380 V 50 Hz<\/td>\n<\/tr>\n<tr>\n<td width=\"250\">&#8211; duvaljka:<\/td>\n<td width=\"272\">7.5 HP<\/td>\n<\/tr>\n<tr>\n<td width=\"250\">&#8211; brzina; sve do<\/td>\n<td width=\"272\">200 bpm<\/td>\n<\/tr>\n<tr>\n<td width=\"250\">&#8211; dimenzije ma\u0161ine D x \u0160 x V<\/td>\n<td width=\"272\">1000 x 600 x 2200 mm<\/td>\n<\/tr>\n<tr>\n<td width=\"250\">&#8211; masa ma\u0161ine<\/td>\n<td width=\"272\">M = 290 Kg<\/td>\n<\/tr>\n<\/tbody>\n<\/table>\n<p>[\/vc_column_text][\/vc_column][vc_column width=&#8221;1\/3&#8243;][vc_text_separator title=&#8221;TEHNI\u010cKA DOKUMENTACIJA&#8221; i_icon_fontawesome=&#8221;fas fa-file-pdf&#8221; i_color=&#8221;pink&#8221; border_width=&#8221;6&#8243; add_icon=&#8221;true&#8221;][vc_message message_box_color=&#8221;green&#8221; icon_fontawesome=&#8221;far fa-file-pdf&#8221;]<a href=\"https:\/\/test.pakpromet.com\/wp-content\/uploads\/2021\/06\/34.Vazdusni-noz-PAK-12000.pdf\" target=\"_blank\" rel=\"noopener\">Preuzmite bro\u0161uru<\/a>[\/vc_message][\/vc_column][\/vc_row][vc_row][vc_column][vc_empty_space][vc_images_carousel images=&#8221;7002,7003,7004,7005,7006&#8243; img_size=&#8221;full&#8221; speed=&#8221;2000&#8243; slides_per_view=&#8221;2&#8243; autoplay=&#8221;yes&#8221; hide_pagination_control=&#8221;yes&#8221; wrap=&#8221;yes&#8221;][\/vc_column][\/vc_row]<\/p>\n","protected":false},"excerpt":{"rendered":"<p>[vc_row][vc_column][vc_column_text] PAK 12000 [\/vc_column_text][vc_empty_space height=&#8221;50px&#8221;][\/vc_column][\/vc_row][vc_row][vc_column][vc_text_separator title=&#8221;NAMENA MA\u0160INE&#8221; title_align=&#8221;separator_align_left&#8221; border_width=&#8221;6&#8243; el_class=&#8221;bold&#8221;][vc_empty_space][vc_column_text]PAK 12000 je vazdu\u0161ni no\u017e a osnovna namena ma\u0161ine jeste da putem tankog vazdu\u0161nog filma odstrani ne\u010disto\u0107e i vlagu sa ambala\u017ee bilo kog tipa ili formata.[\/vc_column_text][vc_empty_space][vc_video link=&#8221;https:\/\/youtu.be\/eSSw-wXYkd0&#8243; el_width=&#8221;70&#8243; align=&#8221;center&#8221;][vc_empty_space][vc_text_separator title=&#8221;TEHNI\u010cKI OPIS&#8221; title_align=&#8221;separator_align_left&#8221; border_width=&#8221;6&#8243; el_class=&#8221;bold&#8221;][vc_empty_space][vc_column_text]PAK 12000 predstavlja ma\u0161inu koja spada u linijske, odnosno ambala\u017ea koja se tretira [&hellip;]<\/p>\n","protected":false},"author":1,"featured_media":0,"parent":0,"menu_order":0,"comment_status":"closed","ping_status":"closed","template":"","meta":{"footnotes":""},"class_list":["post-4567","page","type-page","status-publish","hentry","no-thumb"],"_links":{"self":[{"href":"https:\/\/test.pakpromet.com\/index.php\/wp-json\/wp\/v2\/pages\/4567","targetHints":{"allow":["GET"]}}],"collection":[{"href":"https:\/\/test.pakpromet.com\/index.php\/wp-json\/wp\/v2\/pages"}],"about":[{"href":"https:\/\/test.pakpromet.com\/index.php\/wp-json\/wp\/v2\/types\/page"}],"author":[{"embeddable":true,"href":"https:\/\/test.pakpromet.com\/index.php\/wp-json\/wp\/v2\/users\/1"}],"replies":[{"embeddable":true,"href":"https:\/\/test.pakpromet.com\/index.php\/wp-json\/wp\/v2\/comments?post=4567"}],"version-history":[{"count":11,"href":"https:\/\/test.pakpromet.com\/index.php\/wp-json\/wp\/v2\/pages\/4567\/revisions"}],"predecessor-version":[{"id":7007,"href":"https:\/\/test.pakpromet.com\/index.php\/wp-json\/wp\/v2\/pages\/4567\/revisions\/7007"}],"wp:attachment":[{"href":"https:\/\/test.pakpromet.com\/index.php\/wp-json\/wp\/v2\/media?parent=4567"}],"curies":[{"name":"wp","href":"https:\/\/api.w.org\/{rel}","templated":true}]}}