{"id":4559,"date":"2021-06-08T18:02:47","date_gmt":"2021-06-08T16:02:47","guid":{"rendered":"https:\/\/test.pakpromet.com\/?page_id=4559"},"modified":"2021-10-05T12:03:04","modified_gmt":"2021-10-05T10:03:04","slug":"sebopak-1500-9000","status":"publish","type":"page","link":"https:\/\/test.pakpromet.com\/index.php\/sebopak-1500-9000\/","title":{"rendered":"SEBOPAK 1500 &#8211; 9000"},"content":{"rendered":"<p>[vc_row][vc_column][vc_column_text]<\/p>\n<h1 style=\"text-align: center;\">SEBOPAK 1500 &#8211; 9000<\/h1>\n<p>[\/vc_column_text][vc_empty_space height=&#8221;50px&#8221;][\/vc_column][\/vc_row][vc_row][vc_column][vc_text_separator title=&#8221;NAMENA MA\u0160INE&#8221; title_align=&#8221;separator_align_left&#8221; border_width=&#8221;6&#8243; el_class=&#8221;bold&#8221;][vc_empty_space][vc_column_text]SEBOPAK 1500 &#8211; 9000 je namenjen za floumetrijsko punjenje i zatvaranje boca. Na liniji je mogu\u0107e puniti sve mirne te\u010dnosti kao i vo\u0107nog jogurta sa komadi\u0107ma vo\u0107a u PET bocu sa \u0161irokim grlom i navojnim zatvara\u010dem zapremine od 0,25 do 2,00 litara.<\/p>\n<p>SEBOPAK 1500 &#8211; 9000 P radimo I u izvedbi sa klipnim dozatorom I potapanjem do dna boce pa doziranjem pri podizanju, za penu\u0161ave proizvode a mo\u017ee i opcija SEBOPAK 1500 &#8211; 9000 V sa Vakumskim doziranjem.<\/p>\n<p>Proizvodi se u kapacitetima 1500, 3000, 4500, 6000 i 9000 boca na sat a mogu se raditi I u clean varijanti.[\/vc_column_text][vc_empty_space][vc_video link=&#8221;https:\/\/youtu.be\/cGoOQbUV02Y&#8221; el_width=&#8221;80&#8243; align=&#8221;center&#8221;][vc_empty_space][vc_video link=&#8221;https:\/\/youtu.be\/girsB2h-Aps&#8221; el_width=&#8221;80&#8243; align=&#8221;center&#8221;][vc_empty_space][vc_video link=&#8221;https:\/\/youtu.be\/jW2YhtbN9fQ&#8221; el_width=&#8221;80&#8243; align=&#8221;center&#8221;][vc_empty_space][vc_text_separator title=&#8221;TEHNI\u010cKI OPIS&#8221; title_align=&#8221;separator_align_left&#8221; border_width=&#8221;6&#8243; el_class=&#8221;bold&#8221;][vc_empty_space][vc_column_text]Punjenje je floumetrisko \u0161to obezbe\u0111uje veliku ta\u010dnost doziranja. Floumetrijskim sistemom je mogu\u0107e dozirati i jogurt sa par\u010di\u0107ima vo\u0107a. Kru\u017eni punja\u010d je snabdeven dava\u010dem za kontrolu nivoa te\u010dnosti u sudu, regulaciom dotoka te\u010dnosti i automatskim sistemom za pranje ma\u0161ine. Dozirni sistem se pere iznutra i spolja a sistem fal\u0161 boce obezbe\u0111uje da nema nepotrebnog prskanja CIP sredstva po ma\u0161ini. Drugi deo je zatvara\u010dica koja ima svoj selektor \u010depova, sistem za nabacivanje \u010depa na bocu i zavijanje do pode\u0161enog momenta, neophodnog da bi boca bila propisno zatvorena. Senzor prisutnosti boce kontroli\u0161e ispu\u0161tanje poklopaca samo kada je boca prisutna.<br \/>\nPostolje punilice, sve za\u0161titne obloge i ostali elementi koji dolaze u kontakt sa te\u010dnos\u0107u koja se pakuje izra\u0111eni su od ner\u0111aju\u0107eg \u010delika. Elektro komandni deo je sme\u0161ten u posebne ormane zaptivkom za\u0161ti\u0107ene od vlage..[\/vc_column_text][vc_empty_space][\/vc_column][\/vc_row][vc_row][vc_column width=&#8221;2\/3&#8243;][vc_text_separator title=&#8221;TEHNI\u010cKE KARAKTERISTIKE&#8221; i_icon_fontawesome=&#8221;fas fa-file-alt&#8221; i_color=&#8221;black&#8221; border_width=&#8221;6&#8243; css_animation=&#8221;none&#8221; add_icon=&#8221;true&#8221;][vc_column_text]<\/p>\n<table width=\"660\">\n<tbody>\n<tr>\n<td width=\"300\">&#8211; kapacitet ma\u0161ine<\/td>\n<td width=\"359\">Q = 3000 boca \/ h<\/td>\n<\/tr>\n<tr>\n<td width=\"300\">&#8211; opseg doziranja<\/td>\n<td width=\"359\">0,50 \uf0b8 2 litara<\/td>\n<\/tr>\n<tr>\n<td width=\"300\">&#8211; instalisana snaga<\/td>\n<td width=\"359\">Pi = 4.7 kW<\/td>\n<\/tr>\n<tr>\n<td width=\"300\">&#8211; nazivni napon<\/td>\n<td width=\"359\">3 x 380 V\u00a0 50 Hz<\/td>\n<\/tr>\n<tr>\n<td width=\"300\">&#8211; nazivni pritisak<\/td>\n<td width=\"359\">P = 6 \uf0b8 8 bar<\/td>\n<\/tr>\n<tr>\n<td width=\"300\">&#8211; potro\u0161nja vazduha (na 6 bar-a)<\/td>\n<td width=\"359\">120 Nl \/ min<\/td>\n<\/tr>\n<tr>\n<td width=\"300\">&#8211; dimenzije ma\u0161ine D x \u0160 x V<\/td>\n<td width=\"359\">5000 x 1600 x 2500 mm<\/td>\n<\/tr>\n<tr>\n<td width=\"300\">&#8211; masa ma\u0161ine<\/td>\n<td width=\"359\">M = 2600 Kg<\/td>\n<\/tr>\n<\/tbody>\n<\/table>\n<p>&nbsp;<\/p>\n<p>[\/vc_column_text][\/vc_column][vc_column width=&#8221;1\/3&#8243;][vc_text_separator title=&#8221;TEHNI\u010cKA DOKUMENTACIJA&#8221; i_icon_fontawesome=&#8221;fas fa-file-pdf&#8221; i_color=&#8221;pink&#8221; border_width=&#8221;6&#8243; add_icon=&#8221;true&#8221;][vc_message message_box_color=&#8221;green&#8221; icon_fontawesome=&#8221;far fa-file-pdf&#8221;]<a href=\"https:\/\/test.pakpromet.com\/wp-content\/uploads\/2021\/07\/SEBOPAK-3000-P-srb-eng-rus.pdf\">Preuzmite bro\u0161uru<\/a> &#8211; SEBOPAK 3000 P[\/vc_message][vc_message message_box_color=&#8221;green&#8221; icon_fontawesome=&#8221;far fa-file-pdf&#8221;]<a href=\"https:\/\/test.pakpromet.com\/wp-content\/uploads\/2021\/07\/SEBOPAK-3000-V-srb-eng-rus.pdf\">Preuzmite bro\u0161uru<\/a> &#8211; SEBOPAK 3000 v[\/vc_message][vc_message message_box_color=&#8221;green&#8221; icon_fontawesome=&#8221;far fa-file-pdf&#8221;]<a href=\"https:\/\/test.pakpromet.com\/wp-content\/uploads\/2021\/07\/SEBOPAK-6000-F-srb-eng-rus.pdf\">Preuzmite bro\u0161uru<\/a> &#8211; SEBOPAK 6000 F[\/vc_message][\/vc_column][\/vc_row][vc_row][vc_column][vc_empty_space][vc_images_carousel images=&#8221;6968,6969,6970,6971,6972,6973,6974,6975,6976,6977&#8243; img_size=&#8221;full&#8221; speed=&#8221;2000&#8243; slides_per_view=&#8221;2&#8243; autoplay=&#8221;yes&#8221; hide_pagination_control=&#8221;yes&#8221; wrap=&#8221;yes&#8221;][\/vc_column][\/vc_row]<\/p>\n","protected":false},"excerpt":{"rendered":"<p>[vc_row][vc_column][vc_column_text] SEBOPAK 1500 &#8211; 9000 [\/vc_column_text][vc_empty_space height=&#8221;50px&#8221;][\/vc_column][\/vc_row][vc_row][vc_column][vc_text_separator title=&#8221;NAMENA MA\u0160INE&#8221; title_align=&#8221;separator_align_left&#8221; border_width=&#8221;6&#8243; el_class=&#8221;bold&#8221;][vc_empty_space][vc_column_text]SEBOPAK 1500 &#8211; 9000 je namenjen za floumetrijsko punjenje i zatvaranje boca. Na liniji je mogu\u0107e puniti sve mirne te\u010dnosti kao i vo\u0107nog jogurta sa komadi\u0107ma vo\u0107a u PET bocu sa \u0161irokim grlom i navojnim zatvara\u010dem zapremine od 0,25 do 2,00 litara. SEBOPAK 1500 [&hellip;]<\/p>\n","protected":false},"author":1,"featured_media":0,"parent":0,"menu_order":0,"comment_status":"closed","ping_status":"closed","template":"","meta":{"footnotes":""},"class_list":["post-4559","page","type-page","status-publish","hentry","no-thumb"],"_links":{"self":[{"href":"https:\/\/test.pakpromet.com\/index.php\/wp-json\/wp\/v2\/pages\/4559","targetHints":{"allow":["GET"]}}],"collection":[{"href":"https:\/\/test.pakpromet.com\/index.php\/wp-json\/wp\/v2\/pages"}],"about":[{"href":"https:\/\/test.pakpromet.com\/index.php\/wp-json\/wp\/v2\/types\/page"}],"author":[{"embeddable":true,"href":"https:\/\/test.pakpromet.com\/index.php\/wp-json\/wp\/v2\/users\/1"}],"replies":[{"embeddable":true,"href":"https:\/\/test.pakpromet.com\/index.php\/wp-json\/wp\/v2\/comments?post=4559"}],"version-history":[{"count":15,"href":"https:\/\/test.pakpromet.com\/index.php\/wp-json\/wp\/v2\/pages\/4559\/revisions"}],"predecessor-version":[{"id":7449,"href":"https:\/\/test.pakpromet.com\/index.php\/wp-json\/wp\/v2\/pages\/4559\/revisions\/7449"}],"wp:attachment":[{"href":"https:\/\/test.pakpromet.com\/index.php\/wp-json\/wp\/v2\/media?parent=4559"}],"curies":[{"name":"wp","href":"https:\/\/api.w.org\/{rel}","templated":true}]}}