{"id":4552,"date":"2021-06-08T12:20:42","date_gmt":"2021-06-08T10:20:42","guid":{"rendered":"https:\/\/test.pakpromet.com\/?page_id=4552"},"modified":"2021-10-05T13:26:43","modified_gmt":"2021-10-05T11:26:43","slug":"perpak-1500-9000","status":"publish","type":"page","link":"https:\/\/test.pakpromet.com\/index.php\/perpak-1500-9000\/","title":{"rendered":"PERPAK 1500 &#8211; 9000"},"content":{"rendered":"<p>[vc_row][vc_column][vc_column_text]<\/p>\n<h1 style=\"text-align: center;\">PERPAK 1500 &#8211; 9000<\/h1>\n<p>[\/vc_column_text][vc_empty_space height=&#8221;50px&#8221;][\/vc_column][\/vc_row][vc_row][vc_column][vc_text_separator title=&#8221;NAMENA MA\u0160INE&#8221; title_align=&#8221;separator_align_left&#8221; border_width=&#8221;6&#8243; el_class=&#8221;bold&#8221;][vc_empty_space][vc_column_text]PERPAK 1500 &#8211; 9000 je namenjen za ispiranje PET bocu sa \u0161irokim grlom i navojnim zatvara\u010dem zapremine od 0,25 do 2,00 litara.<br \/>\nProizvodi se u kapacitetima 1500, 3000, 4500, 6000 I9000 i 12000 boca na sat.[\/vc_column_text][vc_empty_space][vc_video link=&#8221;https:\/\/youtu.be\/zrqp7F13kpc&#8221; el_width=&#8221;70&#8243; align=&#8221;center&#8221;][vc_empty_space][vc_text_separator title=&#8221;TEHNI\u010cKI OPIS&#8221; title_align=&#8221;separator_align_left&#8221; border_width=&#8221;6&#8243; el_class=&#8221;bold&#8221;][vc_empty_space][vc_column_text]Sastoji se iz tri funkcionalne celine koje su pogonjene zajedni\u010dkim motoreduktorom. Kompletna ma\u0161ina je oklopljena i na njenom vrhu se nalazi kabinet laminarnog strujanja sa HEPA filterima \u010dime je postignuta sterilnost vazduha unutar zone punjenja.<\/p>\n<p>Na ulaznom delu se nalazi razdelni pu\u017e koji ima ulogu da preuzme boce iz vazdu\u0161nog transporta ili ru\u010dno dodavane na transporter i da ih uvede u ulaznu zvezu. Odatle se boce pomo\u0107u kle\u0161ta uzimaju, postavljaju na brizgaljke i u kru\u017enom toku se vr\u0161i ispiranje. Na kraju se boce vra\u0107aju u prvobitni polo\u017eaj (grlom na gore) i takve predaju izlaznoj zvezdi koja ih dalje transportuje do punilice.<\/p>\n<p>Postolje punilice, sve za\u0161titne obloge i ostali elementi koji dolaze u kontakt sa te\u010dnos\u0107u koja se pakuje izra\u0111eni su od ner\u0111aju\u0107eg \u010delika. Elektro komandni deo je sme\u0161ten u posebne ormane zaptivkom za\u0161ti\u0107ene od vlage..[\/vc_column_text][vc_empty_space][\/vc_column][\/vc_row][vc_row][vc_column width=&#8221;2\/3&#8243;][vc_text_separator title=&#8221;TEHNI\u010cKE KARAKTERISTIKE&#8221; i_icon_fontawesome=&#8221;fas fa-file-alt&#8221; i_color=&#8221;black&#8221; border_width=&#8221;6&#8243; css_animation=&#8221;none&#8221; add_icon=&#8221;true&#8221;][vc_column_text]<\/p>\n<table width=\"660\">\n<tbody>\n<tr>\n<td width=\"300\">&#8211; kapacitet ma\u0161ine<\/td>\n<td width=\"359\">Q = 3000 boca \/ h<\/td>\n<\/tr>\n<tr>\n<td width=\"300\">&#8211; instalisana snaga<\/td>\n<td width=\"359\">Pi = 2 kW<\/td>\n<\/tr>\n<tr>\n<td width=\"300\">&#8211; nazivni napon<\/td>\n<td width=\"359\">3 x 380 V\u00a0 50 Hz<\/td>\n<\/tr>\n<tr>\n<td width=\"300\">&#8211; nazivni pritisak<\/td>\n<td width=\"359\">P = 6 &#8211; 8 bar<\/td>\n<\/tr>\n<tr>\n<td width=\"300\">&#8211; potro\u0161nja vazduha (na 6 bar-a)<\/td>\n<td width=\"359\">100 Nl \/ min<\/td>\n<\/tr>\n<tr>\n<td width=\"300\">&#8211; dimenzije ma\u0161ine D x \u0160 x V<\/td>\n<td width=\"359\">2650 x 1650 x 2250 mm<\/td>\n<\/tr>\n<tr>\n<td width=\"300\">&#8211; masa ma\u0161ine<\/td>\n<td width=\"359\">M = 1750 Kg<\/td>\n<\/tr>\n<tr>\n<td width=\"300\">&#8211; visina boce<\/td>\n<td width=\"359\">190 mm &#8211; 340 mm<\/td>\n<\/tr>\n<tr>\n<td width=\"300\">&#8211; pre\u010dnik boce<\/td>\n<td width=\"359\">\u03a6 = manji od 110 mm<\/td>\n<\/tr>\n<\/tbody>\n<\/table>\n<p>[\/vc_column_text][\/vc_column][vc_column width=&#8221;1\/3&#8243;][vc_text_separator title=&#8221;TEHNI\u010cKA DOKUMENTACIJA&#8221; i_icon_fontawesome=&#8221;fas fa-file-pdf&#8221; i_color=&#8221;pink&#8221; border_width=&#8221;6&#8243; add_icon=&#8221;true&#8221;][vc_message message_box_color=&#8221;green&#8221; icon_fontawesome=&#8221;far fa-file-pdf&#8221;]<a href=\"https:\/\/test.pakpromet.com\/wp-content\/uploads\/2021\/06\/PERPAK-8000-srb-eng-rus.pdf\">Preuzmite bro\u0161uru<\/a>[\/vc_message][\/vc_column][\/vc_row][vc_row][vc_column][vc_empty_space][vc_images_carousel images=&#8221;6957,6958,6959,6960,6961,6962,6963,6964,6965,6966&#8243; img_size=&#8221;full&#8221; speed=&#8221;2000&#8243; slides_per_view=&#8221;2&#8243; autoplay=&#8221;yes&#8221; hide_pagination_control=&#8221;yes&#8221; wrap=&#8221;yes&#8221;][\/vc_column][\/vc_row]<\/p>\n","protected":false},"excerpt":{"rendered":"<p>[vc_row][vc_column][vc_column_text] PERPAK 1500 &#8211; 9000 [\/vc_column_text][vc_empty_space height=&#8221;50px&#8221;][\/vc_column][\/vc_row][vc_row][vc_column][vc_text_separator title=&#8221;NAMENA MA\u0160INE&#8221; title_align=&#8221;separator_align_left&#8221; border_width=&#8221;6&#8243; el_class=&#8221;bold&#8221;][vc_empty_space][vc_column_text]PERPAK 1500 &#8211; 9000 je namenjen za ispiranje PET bocu sa \u0161irokim grlom i navojnim zatvara\u010dem zapremine od 0,25 do 2,00 litara. Proizvodi se u kapacitetima 1500, 3000, 4500, 6000 I9000 i 12000 boca na sat.[\/vc_column_text][vc_empty_space][vc_video link=&#8221;https:\/\/youtu.be\/zrqp7F13kpc&#8221; el_width=&#8221;70&#8243; align=&#8221;center&#8221;][vc_empty_space][vc_text_separator title=&#8221;TEHNI\u010cKI OPIS&#8221; title_align=&#8221;separator_align_left&#8221; border_width=&#8221;6&#8243; el_class=&#8221;bold&#8221;][vc_empty_space][vc_column_text]Sastoji [&hellip;]<\/p>\n","protected":false},"author":1,"featured_media":0,"parent":0,"menu_order":0,"comment_status":"closed","ping_status":"closed","template":"","meta":{"footnotes":""},"class_list":["post-4552","page","type-page","status-publish","hentry","no-thumb"],"_links":{"self":[{"href":"https:\/\/test.pakpromet.com\/index.php\/wp-json\/wp\/v2\/pages\/4552","targetHints":{"allow":["GET"]}}],"collection":[{"href":"https:\/\/test.pakpromet.com\/index.php\/wp-json\/wp\/v2\/pages"}],"about":[{"href":"https:\/\/test.pakpromet.com\/index.php\/wp-json\/wp\/v2\/types\/page"}],"author":[{"embeddable":true,"href":"https:\/\/test.pakpromet.com\/index.php\/wp-json\/wp\/v2\/users\/1"}],"replies":[{"embeddable":true,"href":"https:\/\/test.pakpromet.com\/index.php\/wp-json\/wp\/v2\/comments?post=4552"}],"version-history":[{"count":8,"href":"https:\/\/test.pakpromet.com\/index.php\/wp-json\/wp\/v2\/pages\/4552\/revisions"}],"predecessor-version":[{"id":7456,"href":"https:\/\/test.pakpromet.com\/index.php\/wp-json\/wp\/v2\/pages\/4552\/revisions\/7456"}],"wp:attachment":[{"href":"https:\/\/test.pakpromet.com\/index.php\/wp-json\/wp\/v2\/media?parent=4552"}],"curies":[{"name":"wp","href":"https:\/\/api.w.org\/{rel}","templated":true}]}}