{"id":4542,"date":"2021-06-07T11:33:32","date_gmt":"2021-06-07T09:33:32","guid":{"rendered":"https:\/\/test.pakpromet.com\/?page_id=4542"},"modified":"2021-10-02T20:34:06","modified_gmt":"2021-10-02T18:34:06","slug":"triblok-1500-12000","status":"publish","type":"page","link":"https:\/\/test.pakpromet.com\/index.php\/triblok-1500-12000\/","title":{"rendered":"TRIBLOK 1500 &#8211; 12000 clean (ultra clean)"},"content":{"rendered":"<p>[vc_row][vc_column][vc_column_text]<\/p>\n<h1 style=\"text-align: center;\">TRIBLOK 1500 &#8211; 12000 clean (ultra clean)<\/h1>\n<p>[\/vc_column_text][vc_empty_space height=&#8221;50px&#8221;][\/vc_column][\/vc_row][vc_row][vc_column][vc_text_separator title=&#8221;NAMENA MA\u0160INE&#8221; title_align=&#8221;separator_align_left&#8221; border_width=&#8221;6&#8243; el_class=&#8221;bold&#8221;][vc_empty_space][vc_column_text]TRIBLOK 1500 &#8211; 12000 clean ( ultra clean ) je namenjen za ispiranje, floumetrisko ( vakumsko ) punjenje i zatvaranje boca. Na liniji je mogu\u0107e puniti sve mirne te\u010dnosti kao i vo\u0107nog jogurta sa kopmadi\u0107ima vo\u0107a u PET bocu sa \u0161irokim grlom i navojnim zatvara\u010dem zapremine od 0,25 do 2,00 litara.<\/p>\n<p>TRIBLOK 1500 &#8211; 12000 clean ( ultra clean ) je potpuno automatska a uloga poslu\u017eioca se svodi na kontrolu rada linije PESET u kojoj je ova ma\u0161ina najva\u017eniji deo.<\/p>\n<p>Proizvodi se u kapacitetima 1500, 3000, 4500, 6000, 9000 i 12000 boca na sat, u opcijama clean ili ultra clean[\/vc_column_text][vc_empty_space][vc_video link=&#8221;https:\/\/youtu.be\/NrDL41Sl0qo&#8221; el_width=&#8221;70&#8243; align=&#8221;center&#8221;][vc_empty_space][vc_video link=&#8221;https:\/\/youtu.be\/T1oYzx8Iszs&#8221; el_width=&#8221;70&#8243; align=&#8221;center&#8221;][vc_empty_space][vc_video link=&#8221;https:\/\/youtu.be\/TQuagnhMfkc&#8221; el_width=&#8221;70&#8243; align=&#8221;center&#8221;][vc_empty_space][vc_video link=&#8221;https:\/\/youtu.be\/tvsivKPoEf0&#8243; el_width=&#8221;70&#8243; align=&#8221;center&#8221;][vc_empty_space][vc_video link=&#8221;https:\/\/youtu.be\/wKNGUzqJ-FU&#8221; el_width=&#8221;70&#8243; align=&#8221;center&#8221;][vc_empty_space][vc_text_separator title=&#8221;TEHNI\u010cKI OPIS&#8221; title_align=&#8221;separator_align_left&#8221; border_width=&#8221;6&#8243; el_class=&#8221;bold&#8221;][vc_empty_space][vc_column_text]Sastoji se iz tri funkcionalne celine koje su pogonjene zajedni\u010dkim motoreduktorom. Kompletna ma\u0161ina je oklopljena i na njenom vrhu se nalazi kabinet laminarnog strujanja sa HEPA filterima \u010dime je postignuta sterilnost vazduha unutar zone punjenja.<\/p>\n<p>Na ulaznom delu se nalazi razdelni pu\u017e koji ima ulogu da preuzme boce iz vazdu\u0161nog transporta i da ih uvede u ulaznu zvedu. Odatle se boce pomo\u0107u kle\u0161ta uzimaju, postavljaju na brizgaljke i u kru\u017enom toku se vr\u0161i ispiranje. Na kraju se boce vra\u0107aju u prvobitni polo\u017eaj (grlom na gore) i takve predaju izlaznoj zvezdi koja ih dalje transportuje do punilice. Drugi deo ima funkciju punja\u010da odnosno kru\u017ena fluometrijska ( vakumska )punilica. Punjenje je floumetrisko ( vakumsko ) \u0161to obezbe\u0111uje veliku ta\u010dnost doziranja. Floumetrijskim sistemom je mogu\u0107e dozirati i jogurt sa par\u010di\u0107ima vo\u0107a. Kru\u017eni punja\u010d je snabdeven dava\u010dem za kontrolu nivoa te\u010dnosti u sudu, regulaciom dotoka te\u010dnosti i automatskim sistemom za pranje ma\u0161ine. Dozirni sistem se pere iznutra i spolja a sistem fal\u0161 boce obezbe\u0111uje da nema nepotrebnog prskanja CIP sredstva po ma\u0161ini. Tre\u0107i deo je zatvara\u010dica koja ima svoj selektor \u010depova, sistem za nabacivanje \u010depa na bocu i zavijanje do pode\u0161enog momenta, neophodnog da bi boca bila propisno zatvorena. Senzor prisutnosti boce kontroli\u0161e ispu\u0161tanje poklopaca samo kada je boca prisutna. Postolje punilice, sve za\u0161titne obloge i ostali elementi koji dolaze u kontakt sa te\u010dnos\u0107u koja se pakuje izra\u0111eni su od ner\u0111aju\u0107eg \u010delika. Elektro komandni deo je sme\u0161ten u posebne ormane zaptivkom za\u0161ti\u0107ene od vlage.[\/vc_column_text][vc_empty_space][\/vc_column][\/vc_row][vc_row][vc_column width=&#8221;2\/3&#8243;][vc_text_separator title=&#8221;TEHNI\u010cKE KARAKTERISTIKE&#8221; i_icon_fontawesome=&#8221;fas fa-file-alt&#8221; i_color=&#8221;black&#8221; border_width=&#8221;6&#8243; css_animation=&#8221;none&#8221; add_icon=&#8221;true&#8221;][vc_column_text]<\/p>\n<table width=\"660\">\n<tbody>\n<tr>\n<td width=\"300\">&#8211; kapacitet ma\u0161ine<\/td>\n<td width=\"359\">Q = 1500 \u2013 12000 boca \/ h<\/td>\n<\/tr>\n<tr>\n<td width=\"300\">&#8211; opseg doziranja<\/td>\n<td width=\"359\">0,20 \u2013 2,00 lit<\/td>\n<\/tr>\n<tr>\n<td width=\"300\">&#8211; instalisana snaga<\/td>\n<td width=\"359\">Pi = 4 \u2013 6 kW<\/td>\n<\/tr>\n<tr>\n<td width=\"300\">&#8211; nazivni napon<\/td>\n<td width=\"359\">U = 3 x 380 V \u00a050 Hz<\/td>\n<\/tr>\n<tr>\n<td width=\"300\">&#8211; nazivni pritisak<\/td>\n<td width=\"359\">P = 6 &#8211; 8 bar<\/td>\n<\/tr>\n<tr>\n<td width=\"300\">&#8211; potro\u0161nja vazduha (na 6 bar-a)<\/td>\n<td width=\"359\">220 Nl\/ min<\/td>\n<\/tr>\n<tr>\n<td width=\"300\">&#8211; dimenzije ma\u0161ine D x \u0160 x V<\/td>\n<td width=\"359\">2550 ( 3.850 ) x 2400 ( 2800 ) x 3700 mm<\/td>\n<\/tr>\n<tr>\n<td width=\"300\">&#8211; masa ma\u0161ine<\/td>\n<td width=\"359\">M = 4850 \u2013 5920 Kg<\/td>\n<\/tr>\n<\/tbody>\n<\/table>\n<p>[\/vc_column_text][\/vc_column][vc_column width=&#8221;1\/3&#8243;][vc_text_separator title=&#8221;TEHNI\u010cKA DOKUMENTACIJA&#8221; i_icon_fontawesome=&#8221;fas fa-file-pdf&#8221; i_color=&#8221;pink&#8221; border_width=&#8221;6&#8243; add_icon=&#8221;true&#8221;][vc_message message_box_color=&#8221;green&#8221; icon_fontawesome=&#8221;far fa-file-pdf&#8221;]<a href=\"https:\/\/test.pakpromet.com\/wp-content\/uploads\/2021\/07\/32.TRIBLOK-1500-12000-clean.pdf\">Preuzmite bro\u0161uru<\/a>[\/vc_message][\/vc_column][\/vc_row][vc_row][vc_column][vc_empty_space][vc_images_carousel images=&#8221;6979,6980,6981,6982,6983,6984,6985,6986,6987,6988,6989,6990,6991&#8243; img_size=&#8221;full&#8221; speed=&#8221;2000&#8243; slides_per_view=&#8221;2&#8243; autoplay=&#8221;yes&#8221; hide_pagination_control=&#8221;yes&#8221; wrap=&#8221;yes&#8221;][\/vc_column][\/vc_row]<\/p>\n","protected":false},"excerpt":{"rendered":"<p>[vc_row][vc_column][vc_column_text] TRIBLOK 1500 &#8211; 12000 clean (ultra clean) [\/vc_column_text][vc_empty_space height=&#8221;50px&#8221;][\/vc_column][\/vc_row][vc_row][vc_column][vc_text_separator title=&#8221;NAMENA MA\u0160INE&#8221; title_align=&#8221;separator_align_left&#8221; border_width=&#8221;6&#8243; el_class=&#8221;bold&#8221;][vc_empty_space][vc_column_text]TRIBLOK 1500 &#8211; 12000 clean ( ultra clean ) je namenjen za ispiranje, floumetrisko ( vakumsko ) punjenje i zatvaranje boca. Na liniji je mogu\u0107e puniti sve mirne te\u010dnosti kao i vo\u0107nog jogurta sa kopmadi\u0107ima vo\u0107a u PET bocu sa \u0161irokim [&hellip;]<\/p>\n","protected":false},"author":1,"featured_media":0,"parent":0,"menu_order":0,"comment_status":"closed","ping_status":"closed","template":"","meta":{"footnotes":""},"class_list":["post-4542","page","type-page","status-publish","hentry","no-thumb"],"_links":{"self":[{"href":"https:\/\/test.pakpromet.com\/index.php\/wp-json\/wp\/v2\/pages\/4542","targetHints":{"allow":["GET"]}}],"collection":[{"href":"https:\/\/test.pakpromet.com\/index.php\/wp-json\/wp\/v2\/pages"}],"about":[{"href":"https:\/\/test.pakpromet.com\/index.php\/wp-json\/wp\/v2\/types\/page"}],"author":[{"embeddable":true,"href":"https:\/\/test.pakpromet.com\/index.php\/wp-json\/wp\/v2\/users\/1"}],"replies":[{"embeddable":true,"href":"https:\/\/test.pakpromet.com\/index.php\/wp-json\/wp\/v2\/comments?post=4542"}],"version-history":[{"count":15,"href":"https:\/\/test.pakpromet.com\/index.php\/wp-json\/wp\/v2\/pages\/4542\/revisions"}],"predecessor-version":[{"id":6993,"href":"https:\/\/test.pakpromet.com\/index.php\/wp-json\/wp\/v2\/pages\/4542\/revisions\/6993"}],"wp:attachment":[{"href":"https:\/\/test.pakpromet.com\/index.php\/wp-json\/wp\/v2\/media?parent=4542"}],"curies":[{"name":"wp","href":"https:\/\/api.w.org\/{rel}","templated":true}]}}