{"id":4502,"date":"2021-06-06T19:09:04","date_gmt":"2021-06-06T17:09:04","guid":{"rendered":"https:\/\/test.pakpromet.com\/?page_id=4502"},"modified":"2021-06-06T19:11:45","modified_gmt":"2021-06-06T17:11:45","slug":"peset-1000-etpak","status":"publish","type":"page","link":"https:\/\/test.pakpromet.com\/index.php\/peset-1000-etpak\/","title":{"rendered":"PESET 1000 &#8211; ETPAK"},"content":{"rendered":"<p>[vc_row][vc_column][vc_text_separator title=&#8221;NAMENA MA\u0160INE&#8221; title_align=&#8221;separator_align_left&#8221; border_width=&#8221;6&#8243; el_class=&#8221;bold&#8221;][vc_empty_space][vc_column_text]SEBOPAK 1000 je namenjen za punjenje, zatvaranje i datumiranje boca sa \u0161irim grlom (mo\u017ee I drugo grlo ), za pakovanje svih vrsta mirnih te\u010dnosti koje se koriste u mlekarskoj, hemijskoj, industriji sokova i sl. (mo\u017ee i standardno grlo). Na ovoj ma\u0161ini se mogu pakovati boce u dve veli\u010dine, sa najve\u0107om zapreminom do jednog litra, uz neophodno pode\u0161avanje odre\u0111enih parametara.<\/p>\n<p>Ma\u0161ina SEBOPAK 1000 P je istovetna ma\u0161ini SEBOPAK 1000 osim na\u010dina doziranja, koje se odradjeno tako da se dozirna cev spu\u0161ta do dna boce ili tegele pa podizanjem cevi u vis ujedno dozira te\u010dnost. Ova vrsta doziranja primenjuje se kod penu\u0161avih te\u010dnosti.[\/vc_column_text][vc_empty_space][vc_video link=&#8221;https:\/\/youtu.be\/oNcbS48-JFE&#8221; el_width=&#8221;80&#8243; align=&#8221;center&#8221;][vc_empty_space][vc_text_separator title=&#8221;TEHNI\u010cKI OPIS&#8221; title_align=&#8221;separator_align_left&#8221; border_width=&#8221;6&#8243; el_class=&#8221;bold&#8221;][vc_empty_space][vc_column_text]Ma\u0161ina\u00a0<strong>SEBOPAK 1000<\/strong>\u00a0je horizontalnog tipa, linijska i automatizovana, sa ru\u010dnim ulaganjem boca na transporter. Prema vrsti pogonskih elemenata ovo je pneumatsko mehani\u010dka ma\u0161ina.<\/p>\n<p>Proces rada je elektronski upravljan. Ma\u0161ina se sastoji iz slede\u0107ih sklopova, koji u tehni\u010dkom i tehnolo\u0161kom smislu predstavljaju jedinstvenu celinu: transporter za boce, modul za doziranje, jedinica za dodavanje i nabijanje zatvara\u010da, zavijanje zatvara\u010da, datumiranje, prihvatni okretni sto. Transporter za boce se sastoji od prokronske \u0161arnirne trake, pogonske i zatezne jedinice i elemenata za precizno vo\u0111enje trake. Sastavni deo transportera \u010dine i elementi za pode\u0161avanje polo\u017eaja trake u zavisnosti od veli\u010dine amabala\u017ee, kao i nosa\u010di transportera i za\u0161titne obloge. Na traci se nalaze trnovi koji slu\u017ee za vo\u0111enje i pozicioniranje boca.<\/p>\n<p>Pogonska jedinica se sastoji od motoreduktora i kora\u010dnog reduktora koji obezbe\u0111uje taktno (kora\u010dno) kretanje trake. Ovaj mehanizam obezbe\u0111uje bestrzajno kretanje transportera, kao i precizno pozicioniranje boca na radnim stanicama. Modul za doziranje je izveden kao klipni dozator sa pneumatskim pogonom i preciznom mehani\u010dkom kontrolom dozirane koli\u010dine. Usisavanje te\u010dnosti se vr\u0161i iz posude koja se nalazi pored ma\u0161ine (&#8216;sa poda&#8217;). Ventilski sistem obavlja razdvajanje taktova usisavanja i potiskivanja te\u010dnosti. Jedinica za dodavanje i nabijanje zatvara\u010da se sastoji od \u0161ar\u017eera u koji se sme\u0161taju zatvara\u010di, rotacionog dodava\u010da, kanala za vo\u0111enje poklopaca, kao i pneumatskog mehanizma za nabijanje zatvara\u010da na bocu. Jedinica za zavijanje zatvara\u010da se sastoji od postolja , motora sa prenosnim mehanizmom, pneumatskog cilindra za vo\u0111enje glave zatvara\u010da kao i same glave zatvara\u010da.<\/p>\n<p><strong>SEBOPAK<\/strong>\u00a0je izra\u0111en od ner\u0111aju\u0107eg \u010delika a procesom upravlja programabilni logi\u010dki kontroler (PLC).[\/vc_column_text][vc_empty_space][\/vc_column][\/vc_row][vc_row][vc_column width=&#8221;2\/3&#8243;][vc_text_separator title=&#8221;TEHNI\u010cKE KARAKTERISTIKE&#8221; i_icon_fontawesome=&#8221;fas fa-file-alt&#8221; i_color=&#8221;black&#8221; border_width=&#8221;6&#8243; css_animation=&#8221;none&#8221; add_icon=&#8221;true&#8221;][vc_column_text]<\/p>\n<table width=\"516\">\n<tbody>\n<tr>\n<td width=\"258\">&#8211; kapacitet ma\u0161ine<\/td>\n<td width=\"258\">Q = 1000 boca \/ h<\/td>\n<\/tr>\n<tr>\n<td width=\"238\">&#8211; opseg doziranja<\/td>\n<td width=\"278\">0,20 &#8211; 1 l<\/td>\n<\/tr>\n<tr>\n<td width=\"238\">&#8211;\u00a0instalisana snaga<\/td>\n<td width=\"278\">Pi = 2.9 kW<\/td>\n<\/tr>\n<tr>\n<td width=\"238\">&#8211; nazivni napon<\/td>\n<td width=\"278\">U =\u00a03 x 380 V\u00a0 50 Hz<\/td>\n<\/tr>\n<tr>\n<td width=\"238\">&#8211; nazivni pritisak<\/td>\n<td width=\"278\">P = 6 &#8211; 8 bar<\/td>\n<\/tr>\n<tr>\n<td width=\"238\">&#8211; potro\u0161nja vazduha (na 6 bar-a)<\/td>\n<td width=\"278\">140 Nl \/ min<\/td>\n<\/tr>\n<tr>\n<td width=\"238\">&#8211; dimenzije ma\u0161ine D x \u0160 x V<\/td>\n<td width=\"278\">1800 x 1200 x 1800 mm<\/td>\n<\/tr>\n<tr>\n<td width=\"238\">&#8211;\u00a0masa ma\u0161ine<\/td>\n<td width=\"278\">M = 415 Kg<\/td>\n<\/tr>\n<\/tbody>\n<\/table>\n<p>[\/vc_column_text][\/vc_column][vc_column width=&#8221;1\/3&#8243;][vc_text_separator title=&#8221;TEHNI\u010cKA DOKUMENTACIJA&#8221; i_icon_fontawesome=&#8221;fas fa-file-pdf&#8221; i_color=&#8221;pink&#8221; border_width=&#8221;6&#8243; add_icon=&#8221;true&#8221;][vc_message message_box_color=&#8221;green&#8221; icon_fontawesome=&#8221;far fa-file-pdf&#8221;]<a href=\"https:\/\/test.pakpromet.com\/wp-content\/uploads\/2021\/05\/22.SEBOPAK-1000.pdf\" target=\"_blank\" rel=\"noopener\">Preuzmite bro\u0161uru<\/a>[\/vc_message][\/vc_column][\/vc_row][vc_row][vc_column][vc_empty_space][vc_images_carousel images=&#8221;4365,4366,4367,4368,4369,4371,4372,4373,4374,4375,4376,4377,4378,4379&#8243; img_size=&#8221;&#8221; slides_per_view=&#8221;5&#8243;][\/vc_column][\/vc_row]<\/p>\n","protected":false},"excerpt":{"rendered":"<p>[vc_row][vc_column][vc_text_separator title=&#8221;NAMENA MA\u0160INE&#8221; title_align=&#8221;separator_align_left&#8221; border_width=&#8221;6&#8243; el_class=&#8221;bold&#8221;][vc_empty_space][vc_column_text]SEBOPAK 1000 je namenjen za punjenje, zatvaranje i datumiranje boca sa \u0161irim grlom (mo\u017ee I drugo grlo ), za pakovanje svih vrsta mirnih te\u010dnosti koje se koriste u mlekarskoj, hemijskoj, industriji sokova i sl. (mo\u017ee i standardno grlo). Na ovoj ma\u0161ini se mogu pakovati boce u dve veli\u010dine, sa najve\u0107om [&hellip;]<\/p>\n","protected":false},"author":1,"featured_media":0,"parent":0,"menu_order":0,"comment_status":"closed","ping_status":"closed","template":"","meta":{"footnotes":""},"class_list":["post-4502","page","type-page","status-publish","hentry","no-thumb"],"_links":{"self":[{"href":"https:\/\/test.pakpromet.com\/index.php\/wp-json\/wp\/v2\/pages\/4502","targetHints":{"allow":["GET"]}}],"collection":[{"href":"https:\/\/test.pakpromet.com\/index.php\/wp-json\/wp\/v2\/pages"}],"about":[{"href":"https:\/\/test.pakpromet.com\/index.php\/wp-json\/wp\/v2\/types\/page"}],"author":[{"embeddable":true,"href":"https:\/\/test.pakpromet.com\/index.php\/wp-json\/wp\/v2\/users\/1"}],"replies":[{"embeddable":true,"href":"https:\/\/test.pakpromet.com\/index.php\/wp-json\/wp\/v2\/comments?post=4502"}],"version-history":[{"count":1,"href":"https:\/\/test.pakpromet.com\/index.php\/wp-json\/wp\/v2\/pages\/4502\/revisions"}],"predecessor-version":[{"id":4503,"href":"https:\/\/test.pakpromet.com\/index.php\/wp-json\/wp\/v2\/pages\/4502\/revisions\/4503"}],"wp:attachment":[{"href":"https:\/\/test.pakpromet.com\/index.php\/wp-json\/wp\/v2\/media?parent=4502"}],"curies":[{"name":"wp","href":"https:\/\/api.w.org\/{rel}","templated":true}]}}