{"id":4411,"date":"2021-05-24T07:19:30","date_gmt":"2021-05-24T05:19:30","guid":{"rendered":"https:\/\/test.pakpromet.com\/?page_id=4411"},"modified":"2021-10-05T11:56:07","modified_gmt":"2021-10-05T09:56:07","slug":"etpak-1000","status":"publish","type":"page","link":"https:\/\/test.pakpromet.com\/index.php\/etpak-1000\/","title":{"rendered":"ETPAK 1000"},"content":{"rendered":"<p>[vc_row][vc_column][vc_column_text]<\/p>\n<h1 style=\"text-align: center;\">ETPAK 1000<\/h1>\n<p>[\/vc_column_text][vc_empty_space height=&#8221;50px&#8221;][\/vc_column][\/vc_row][vc_row][vc_column][vc_text_separator title=&#8221;NAMENA MA\u0160INE&#8221; title_align=&#8221;separator_align_left&#8221; border_width=&#8221;6&#8243; el_class=&#8221;bold&#8221;][vc_empty_space][vc_column_text]ETPAK 1000 je specijalni automatski sistem sa jednom glavom za etiketiranje, predvi\u0111ena za nano\u0161enje obmotavaju\u0107e samolepljive etikete na telo cilindri\u010dnog proizvoda. Etiketa se lepi jednovremeno na telo proizvoda u prolazu, a DRP ure\u0111aj za oblepljivanje proizvoda daje efekat da se etiketa sama lepi dok se proizvod okre\u0107e oko svoje ose.<\/p>\n<p>Opciono mo\u017ee i ugradnja druge glave kao i DSP za pravougaonu bocu[\/vc_column_text][vc_empty_space][vc_video link=&#8221;https:\/\/youtu.be\/ASjqa1WEvP4&#8243; el_width=&#8221;80&#8243; align=&#8221;center&#8221;][vc_empty_space][vc_text_separator title=&#8221;TEHNI\u010cKI OPIS&#8221; title_align=&#8221;separator_align_left&#8221; border_width=&#8221;6&#8243; el_class=&#8221;bold&#8221;][vc_empty_space][vc_column_text]Postolje ma\u0161ine sa prokronskom konstrukcijom i prohromskim limovima, automatska glava za etiketiranje komplenta sa: Zatezni ure\u0111aj sa prolaznim valjcima za papir koji dozvoljava lepljenje etikete, odmota\u010d rolne kompletan sa dr\u017ea\u010dem rolne i vo\u0111icom rolne i automatsko odmotavanje papira, ure\u0111aj za namotavanje povratnog papira, duga\u010dki pode\u0161ljivi ure\u0111aj za etiketiranje &#8211; odvajanje etikete od povratnog papira, sa mehani\u010dkim pode\u0161avanjem ugla, upravlja\u010dka tastatura, mikroregulacija na ma\u0161ini odgovaraju\u0107a za pozicioniranje glave za etiketiranje na ta\u010dku lepljenja, stub sa potpornim nosa\u010dem za transportni sistem, DRP ure\u0111aj za oblepljivanje etikete na cilindri\u010dne proizvode sa nosa\u010dem i vo\u0111icom.[\/vc_column_text][vc_empty_space][\/vc_column][\/vc_row][vc_row][vc_column width=&#8221;2\/3&#8243;][vc_text_separator title=&#8221;TEHNI\u010cKE KARAKTERISTIKE&#8221; i_icon_fontawesome=&#8221;fas fa-file-alt&#8221; i_color=&#8221;black&#8221; border_width=&#8221;6&#8243; css_animation=&#8221;none&#8221; add_icon=&#8221;true&#8221;][vc_column_text]<\/p>\n<table width=\"606\">\n<tbody>\n<tr>\n<td width=\"303\">&#8211;\u00a0kapacitet ma\u0161ine<\/td>\n<td width=\"303\">Q = 1000\u00a0kom \/ h<\/td>\n<\/tr>\n<tr>\n<td width=\"288\">&#8211;\u00a0instalisana snaga<\/td>\n<td width=\"318\">Pi = 0.75 kW<\/td>\n<\/tr>\n<tr>\n<td width=\"288\">&#8211;\u00a0nazivni napon<\/td>\n<td width=\"318\">U = 3 x 380 V \u00a050 Hz<\/td>\n<\/tr>\n<tr>\n<td width=\"288\">&#8211;\u00a0spoljni pre\u010dnik rolne sa etiketama<\/td>\n<td width=\"318\">280 mm<\/td>\n<\/tr>\n<tr>\n<td width=\"288\">&#8211;\u00a0unutra\u0161nji pre\u010dnik rolne sa etiketama<\/td>\n<td width=\"318\">min 40 mm, max 75 mm<\/td>\n<\/tr>\n<tr>\n<td width=\"288\">&#8211;\u00a0veli\u010dina proizvoda &#8211; cilindar<\/td>\n<td width=\"318\">min 20 mm, max 80 mm<\/td>\n<\/tr>\n<tr>\n<td width=\"288\">&#8211;\u00a0\u0161irina etikete<\/td>\n<td width=\"318\">min 20 mm, max 128 mm<\/td>\n<\/tr>\n<tr>\n<td width=\"288\">&#8211;\u00a0du\u017eina etikete<\/td>\n<td width=\"318\">min 20 mm, max 250 mm<\/td>\n<\/tr>\n<tr>\n<td width=\"288\">&#8211;\u00a0dimenzije ma\u0161ine D x \u0160 x V<\/td>\n<td width=\"318\">1000 x 750 x 1400 mm<\/td>\n<\/tr>\n<tr>\n<td width=\"288\">&#8211;\u00a0masa ma\u0161ine<\/td>\n<td width=\"318\">M = 150 Kg<\/td>\n<\/tr>\n<\/tbody>\n<\/table>\n<p>[\/vc_column_text][\/vc_column][vc_column width=&#8221;1\/3&#8243;][vc_text_separator title=&#8221;TEHNI\u010cKA DOKUMENTACIJA&#8221; i_icon_fontawesome=&#8221;fas fa-file-pdf&#8221; i_color=&#8221;pink&#8221; border_width=&#8221;6&#8243; add_icon=&#8221;true&#8221;][vc_message message_box_color=&#8221;green&#8221; icon_fontawesome=&#8221;far fa-file-pdf&#8221;]<a href=\"https:\/\/test.pakpromet.com\/wp-content\/uploads\/2021\/05\/24.1.ETPAK-1000.pdf\" target=\"_blank\" rel=\"noopener\">Preuzmite bro\u0161uru<\/a>[\/vc_message][\/vc_column][\/vc_row][vc_row][vc_column][vc_empty_space][vc_images_carousel images=&#8221;6924,6925,6926,6927,6928,6929,6930,6931,6932&#8243; img_size=&#8221;full&#8221; speed=&#8221;2000&#8243; slides_per_view=&#8221;2&#8243; autoplay=&#8221;yes&#8221; hide_pagination_control=&#8221;yes&#8221; wrap=&#8221;yes&#8221;][\/vc_column][\/vc_row]<\/p>\n","protected":false},"excerpt":{"rendered":"<p>[vc_row][vc_column][vc_column_text] ETPAK 1000 [\/vc_column_text][vc_empty_space height=&#8221;50px&#8221;][\/vc_column][\/vc_row][vc_row][vc_column][vc_text_separator title=&#8221;NAMENA MA\u0160INE&#8221; title_align=&#8221;separator_align_left&#8221; border_width=&#8221;6&#8243; el_class=&#8221;bold&#8221;][vc_empty_space][vc_column_text]ETPAK 1000 je specijalni automatski sistem sa jednom glavom za etiketiranje, predvi\u0111ena za nano\u0161enje obmotavaju\u0107e samolepljive etikete na telo cilindri\u010dnog proizvoda. Etiketa se lepi jednovremeno na telo proizvoda u prolazu, a DRP ure\u0111aj za oblepljivanje proizvoda daje efekat da se etiketa sama lepi dok se proizvod [&hellip;]<\/p>\n","protected":false},"author":1,"featured_media":0,"parent":0,"menu_order":0,"comment_status":"closed","ping_status":"closed","template":"","meta":{"footnotes":""},"class_list":["post-4411","page","type-page","status-publish","hentry","no-thumb"],"_links":{"self":[{"href":"https:\/\/test.pakpromet.com\/index.php\/wp-json\/wp\/v2\/pages\/4411","targetHints":{"allow":["GET"]}}],"collection":[{"href":"https:\/\/test.pakpromet.com\/index.php\/wp-json\/wp\/v2\/pages"}],"about":[{"href":"https:\/\/test.pakpromet.com\/index.php\/wp-json\/wp\/v2\/types\/page"}],"author":[{"embeddable":true,"href":"https:\/\/test.pakpromet.com\/index.php\/wp-json\/wp\/v2\/users\/1"}],"replies":[{"embeddable":true,"href":"https:\/\/test.pakpromet.com\/index.php\/wp-json\/wp\/v2\/comments?post=4411"}],"version-history":[{"count":12,"href":"https:\/\/test.pakpromet.com\/index.php\/wp-json\/wp\/v2\/pages\/4411\/revisions"}],"predecessor-version":[{"id":4417,"href":"https:\/\/test.pakpromet.com\/index.php\/wp-json\/wp\/v2\/pages\/4411\/revisions\/4417"}],"wp:attachment":[{"href":"https:\/\/test.pakpromet.com\/index.php\/wp-json\/wp\/v2\/media?parent=4411"}],"curies":[{"name":"wp","href":"https:\/\/api.w.org\/{rel}","templated":true}]}}