{"id":4083,"date":"2021-05-12T21:09:23","date_gmt":"2021-05-12T19:09:23","guid":{"rendered":"https:\/\/test.pakpromet.com\/?page_id=4083"},"modified":"2021-10-03T00:51:27","modified_gmt":"2021-10-02T22:51:27","slug":"remont","status":"publish","type":"page","link":"https:\/\/test.pakpromet.com\/index.php\/remont\/","title":{"rendered":"Remont"},"content":{"rendered":"<p>[vc_row][vc_column][vc_column_text]<\/p>\r\n<h1 style=\"text-align: center;\">REMONT<\/h1>\r\n<p>[\/vc_column_text][vc_separator color=&#8221;blue&#8221;][vc_empty_space][\/vc_column][\/vc_row][vc_row][vc_column][vc_column_text]Jednu od najva\u017enijih delatnosti preduze\u0107a PAK PROMET, osim proizvodnje novih ma\u0161ina i servisiranja, predstavlja i remont ma\u0161ina i opreme drugih proizvo\u0111a\u010da.<br \/>Na zahtev naru\u010dioca remonta, a u saradnji i uz preporuke in\u017eenjersko servisnog tima PAK PROMET-a, defini\u0161e se obim radova koje na ma\u0161ini treba izvesti da bi se postigli najbolji efekti u njenoj eksploataciji. U zavisnosti od obima radova ovi remonti se mogu podeliti u slede\u0107e grupe:<br \/>Delimi\u010dni remont podrazumeva potpunu defekta\u017eu i popravku o\u0161te\u0107enih elemenata samo jednog dela ma\u0161ine ili proizvodne linije.<\/p>\r\n<p>\r\n\r\nGenaralni remont se izvodi tako \u0161to se ma\u0161ina kompletno demontira, svi delovi defektiraju, a o\u0161te\u0107eni i pohabani se zamenjuju originalnim rezervnim delovima proizvo\u0111a\u010da ma\u0161ine. Na taj na\u010din se remontovana oprema dovodi u potpuno ispravno stanje, pu\u0161ta se u eksploataciju kod naru\u010dioca radova, uz obuku rukovalaca.<\/p>\r\n<p>\r\n\r\nGeneralni remont sa rekonstrukcijom podrazumeva sve prethodno nabrojane aktivnosti, ali i funkcionalne izmene izvesnih sklopova na ma\u0161ini.<\/p>\r\n<p>\r\n\r\nNaj\u010de\u0161\u0107e su remontovane ma\u0161ine slede\u0107ih proizvo\u0111a\u010da: HAMBA, KUSTNER, TREPKO, PREPAC, COLUNIO, HASIA, NAGEMA, i druge.<\/p>\r\n<p>[\/vc_column_text][\/vc_column][\/vc_row][vc_row][vc_column][vc_empty_space][\/vc_column][\/vc_row][vc_row][vc_column][vc_empty_space][\/vc_column][\/vc_row][vc_row][vc_column][vc_images_carousel images=&#8221;7432,7433,7434,7435,7436,7437,7438,7439,7440&#8243; img_size=&#8221;full&#8221; speed=&#8221;2000&#8243; slides_per_view=&#8221;2&#8243; autoplay=&#8221;yes&#8221; hide_pagination_control=&#8221;yes&#8221; wrap=&#8221;yes&#8221;][vc_empty_space height=&#8221;50px&#8221;][\/vc_column][\/vc_row]<\/p>","protected":false},"excerpt":{"rendered":"<p>[vc_row][vc_column][vc_column_text] REMONT [\/vc_column_text][vc_separator color=&#8221;blue&#8221;][vc_empty_space][\/vc_column][\/vc_row][vc_row][vc_column][vc_column_text]Jednu od najva\u017enijih delatnosti preduze\u0107a PAK PROMET, osim proizvodnje novih ma\u0161ina i servisiranja, predstavlja i remont ma\u0161ina i opreme drugih proizvo\u0111a\u010da.Na zahtev naru\u010dioca remonta, a u saradnji i uz preporuke in\u017eenjersko servisnog tima PAK PROMET-a, defini\u0161e se obim radova koje na ma\u0161ini treba izvesti da bi se postigli najbolji efekti u njenoj [&hellip;]<\/p>\n","protected":false},"author":1,"featured_media":0,"parent":0,"menu_order":0,"comment_status":"closed","ping_status":"closed","template":"","meta":{"footnotes":""},"class_list":["post-4083","page","type-page","status-publish","hentry","no-thumb"],"_links":{"self":[{"href":"https:\/\/test.pakpromet.com\/index.php\/wp-json\/wp\/v2\/pages\/4083","targetHints":{"allow":["GET"]}}],"collection":[{"href":"https:\/\/test.pakpromet.com\/index.php\/wp-json\/wp\/v2\/pages"}],"about":[{"href":"https:\/\/test.pakpromet.com\/index.php\/wp-json\/wp\/v2\/types\/page"}],"author":[{"embeddable":true,"href":"https:\/\/test.pakpromet.com\/index.php\/wp-json\/wp\/v2\/users\/1"}],"replies":[{"embeddable":true,"href":"https:\/\/test.pakpromet.com\/index.php\/wp-json\/wp\/v2\/comments?post=4083"}],"version-history":[{"count":17,"href":"https:\/\/test.pakpromet.com\/index.php\/wp-json\/wp\/v2\/pages\/4083\/revisions"}],"predecessor-version":[{"id":7441,"href":"https:\/\/test.pakpromet.com\/index.php\/wp-json\/wp\/v2\/pages\/4083\/revisions\/7441"}],"wp:attachment":[{"href":"https:\/\/test.pakpromet.com\/index.php\/wp-json\/wp\/v2\/media?parent=4083"}],"curies":[{"name":"wp","href":"https:\/\/api.w.org\/{rel}","templated":true}]}}