{"id":4067,"date":"2021-05-12T01:34:40","date_gmt":"2021-05-11T23:34:40","guid":{"rendered":"https:\/\/test.pakpromet.com\/?page_id=4067"},"modified":"2021-10-03T00:47:50","modified_gmt":"2021-10-02T22:47:50","slug":"4067-2","status":"publish","type":"page","link":"https:\/\/test.pakpromet.com\/index.php\/4067-2\/","title":{"rendered":"Servis"},"content":{"rendered":"<p>[vc_row][vc_column][vc_column_text]<\/p>\r\n<h1 style=\"text-align: center;\">SERVIS<\/h1>\r\n<p>[\/vc_column_text][vc_separator color=&#8221;blue&#8221;][vc_empty_space height=&#8221;50px&#8221;][vc_column_text]SERVIS &#8220;PO POZIVU&#8221; za sve vrste pakerica. Mobilna servisna slu\u017eba interveni\u0161e po pozivu i u najkra\u0107em mogu\u0107em roku osposobljava ma\u0161ine na funkciju.<br \/>Sa servisom pokrivamo oko 260 firmi iz biv\u0161e Jugoslavije, kao i oko 50 firmi iz Rusije, Gr\u010dke, Italije, Nema\u010dke, Albanije, Bugarske, Ruande, Ugande, \u2026.<br \/>Posedujemo rezervne delove i potro\u0161ni materijal za gotovo sve tipove pakerica u mlekarskoj industriji.<\/p>\r\n<p>[\/vc_column_text][\/vc_column][\/vc_row][vc_row][vc_column][vc_empty_space][\/vc_column][\/vc_row][vc_row][vc_column][vc_images_carousel images=&#8221;7419,7420,7421,7422,7423,7424,7425,7426,7427,7428,7429,7430&#8243; img_size=&#8221;full&#8221; speed=&#8221;2000&#8243; slides_per_view=&#8221;2&#8243; autoplay=&#8221;yes&#8221; hide_pagination_control=&#8221;yes&#8221; wrap=&#8221;yes&#8221;][\/vc_column][\/vc_row]<\/p>","protected":false},"excerpt":{"rendered":"<p>[vc_row][vc_column][vc_column_text] SERVIS [\/vc_column_text][vc_separator color=&#8221;blue&#8221;][vc_empty_space height=&#8221;50px&#8221;][vc_column_text]SERVIS &#8220;PO POZIVU&#8221; za sve vrste pakerica. Mobilna servisna slu\u017eba interveni\u0161e po pozivu i u najkra\u0107em mogu\u0107em roku osposobljava ma\u0161ine na funkciju.Sa servisom pokrivamo oko 260 firmi iz biv\u0161e Jugoslavije, kao i oko 50 firmi iz Rusije, Gr\u010dke, Italije, Nema\u010dke, Albanije, Bugarske, Ruande, Ugande, \u2026.Posedujemo rezervne delove i potro\u0161ni materijal za [&hellip;]<\/p>\n","protected":false},"author":1,"featured_media":0,"parent":0,"menu_order":0,"comment_status":"closed","ping_status":"closed","template":"","meta":{"footnotes":""},"class_list":["post-4067","page","type-page","status-publish","hentry","no-thumb"],"_links":{"self":[{"href":"https:\/\/test.pakpromet.com\/index.php\/wp-json\/wp\/v2\/pages\/4067","targetHints":{"allow":["GET"]}}],"collection":[{"href":"https:\/\/test.pakpromet.com\/index.php\/wp-json\/wp\/v2\/pages"}],"about":[{"href":"https:\/\/test.pakpromet.com\/index.php\/wp-json\/wp\/v2\/types\/page"}],"author":[{"embeddable":true,"href":"https:\/\/test.pakpromet.com\/index.php\/wp-json\/wp\/v2\/users\/1"}],"replies":[{"embeddable":true,"href":"https:\/\/test.pakpromet.com\/index.php\/wp-json\/wp\/v2\/comments?post=4067"}],"version-history":[{"count":22,"href":"https:\/\/test.pakpromet.com\/index.php\/wp-json\/wp\/v2\/pages\/4067\/revisions"}],"predecessor-version":[{"id":7431,"href":"https:\/\/test.pakpromet.com\/index.php\/wp-json\/wp\/v2\/pages\/4067\/revisions\/7431"}],"wp:attachment":[{"href":"https:\/\/test.pakpromet.com\/index.php\/wp-json\/wp\/v2\/media?parent=4067"}],"curies":[{"name":"wp","href":"https:\/\/api.w.org\/{rel}","templated":true}]}}