{"id":32,"date":"2017-10-31T07:44:25","date_gmt":"2017-10-31T07:44:25","guid":{"rendered":"http:\/\/demo2.drfuri.com\/manufactory\/?page_id=32"},"modified":"2021-10-05T12:45:00","modified_gmt":"2021-10-05T10:45:00","slug":"about-us","status":"publish","type":"page","link":"https:\/\/test.pakpromet.com\/index.php\/about-us\/","title":{"rendered":"O nama"},"content":{"rendered":"<p>[vc_row][vc_column]<div class=\"mf-empty-space \" style=\"\"><div class=\"mf_empty_space_lg\"  style=\"height: 80px\"><\/div><div class=\"mf_empty_space_md\"  style=\"height: 50px\"><\/div><div class=\"mf_empty_space_xs\"  style=\"height: 50px\"><\/div><\/div>[\/vc_column][\/vc_row][vc_row][vc_column width=&#8221;2\/3&#8243;][vc_video link=&#8221;https:\/\/youtu.be\/VnN03tDY2lY&#8221;]<div class=\"mf-empty-space \" style=\"\"><div class=\"mf_empty_space_lg\"  style=\"height: 50px\"><\/div><div class=\"mf_empty_space_md\"  style=\"height: 30px\"><\/div><div class=\"mf_empty_space_xs\"  style=\"height: 30px\"><\/div><\/div>[\/vc_column][vc_column width=&#8221;1\/3&#8243;]<div class=\"mf-empty-space \" style=\"\"><div class=\"mf_empty_space_lg\"  style=\"height: 20px\"><\/div><div class=\"mf_empty_space_md\"  style=\"height: 20px\"><\/div><div class=\"mf_empty_space_xs\"  style=\"height: 20px\"><\/div><\/div>[vc_custom_heading text=&#8221;Vode\u0107a smo kompanija na ovom polju, pru\u017eamo specifi\u010dna rje\u0161enja za sve na\u0161e kupce.&#8221; font_container=&#8221;tag:h2|font_size:20|text_align:left&#8221; use_theme_fonts=&#8221;yes&#8221; el_class=&#8221;fw-medium&#8221; css=&#8221;.vc_custom_1618604615513{margin-top: 0px !important;margin-bottom: 0px !important;}&#8221;]<div class=\"mf-empty-space \" style=\"\"><div class=\"mf_empty_space_lg\"  style=\"height: 20px\"><\/div><div class=\"mf_empty_space_md\"  style=\"height: 20px\"><\/div><div class=\"mf_empty_space_xs\"  style=\"height: 20px\"><\/div><\/div>[vc_column_text]Anga\u017eujemo preko 70 zaoslenih, koji \u010dini veliki broj stru\u010dnjaka u obalsti proizvodnje ma\u0161ina u prehrambenoj industriji.[\/vc_column_text]<div class=\"mf-empty-space \" style=\"\"><div class=\"mf_empty_space_lg\"  style=\"height: 25px\"><\/div><div class=\"mf_empty_space_md\"  style=\"height: 25px\"><\/div><div class=\"mf_empty_space_xs\"  style=\"height: 25px\"><\/div><\/div>[vc_column_text]<\/p>\n<div style=\"font-size: 20px; font-weight: 500; color: #393939;\">Milan Jovanovi\u0107<\/div>\n<div class=\"main-color\" style=\"font-weight: 400;\">Direktor<\/div>\n<p>[\/vc_column_text]<div class=\"mf-empty-space \" style=\"\"><div class=\"mf_empty_space_lg\"  style=\"height: 50px\"><\/div><div class=\"mf_empty_space_md\"  style=\"height: 30px\"><\/div><div class=\"mf_empty_space_xs\"  style=\"height: 30px\"><\/div><\/div>[\/vc_column][\/vc_row][vc_row][vc_column width=&#8221;1\/2&#8243;][\/vc_column][vc_column width=&#8221;1\/2&#8243;][\/vc_column][\/vc_row][vc_row][vc_column][vc_column_text]Preduze\u0107e Pak Promet d.o.o. je osnovano 01.06.1989. godine u Kragujevcu. Od tada napornim radom, konstantnim usavr\u0161avanjem kao i stalnom sradnjom sa korisnicima na\u0161ih proizvoda sve do danas Pak Promet je nastavio da \u0161iri svoj proizvodni program, da pove\u0107ava broj zaposlenih, unapre\u0111uje tehnologiju kao i celokupno poslovanje.<\/p>\n<p>Od samog po\u010detka Pak Promet je bio usmeren na proizvodnju ma\u0161ina u prehrambenoj industiji naro\u010dito u mlekarstvu, na saradnju sa najkvalitetnijim dobavlja\u010dima i najkvalitetnijim sirovinama.<\/p>\n<p>Kvalitet proizvodnog programa je uvrstio preduzenje Pak promet u red najprepoznatljivijih proizvo\u0111a\u010da kako na doma\u0107em tako i inostranom tr\u017ei\u0161tu uklju\u010dujuci Jugoisto\u010dnu Evropu, Rusiju, Centralnu Afrku.<\/p>\n<p>Pak Promet danas zapo\u0161ljava oko 70 zaposlenih, koji \u010dini veliki broj stru\u010dnjaka u oblasti proizvodnje ma\u0161ina u prehrambenoj industriji.<\/p>\n<p>Po\u010dev od 2010. godine preduzece osnovi svoje predstavni\u0161tvo sa sredni\u0161tem u Moskvi.<\/p>\n<p>Delatnost firme cine proizvodnja, remont i servis masina u pomenutim obastima.<\/p>\n<p>Misija na\u0161eg preduze\u0107a je da postane sinonim za pouzdanost i kvalitet.[\/vc_column_text]<div class=\"mf-empty-space \" style=\"\"><div class=\"mf_empty_space_lg\"  style=\"height: 32px\"><\/div><div class=\"mf_empty_space_md\"  style=\"height: 50px\"><\/div><div class=\"mf_empty_space_xs\"  style=\"height: 50px\"><\/div><\/div>[\/vc_column][\/vc_row][vc_row][vc_column][vc_column_text]Proizvodno preduze\u0107e \u201cPAKPROMET\u201d D.O.O. po\u010delo je sa radom 01.06.1989. godine u Kragujevcu. Startovali smo sa mobilnim servisom, u 1992. godini osvajamo proizvodnju pakerica za mini mlekare tipa: KZ, MZ i PF.<\/p>\n<p>U 1998. godini razvijamo automatsku ma\u0161inu za pakovanja u PE \u010da\u0161e MONOPAK, koju do dana\u0161njeg dana, u neprekidnom razvoju imamo u sedamnaest verzija.<\/p>\n<p>U 2002. godini proizvodimo ma\u0161ine za malo hotelsko pakovanje tipa FORMOPAK.<\/p>\n<p>U 2004. godini na trzi\u0161te izlazi ma\u0161ina SEBOPAK 3000, za pakovanje mleka i jogurta u boce od 0,5 i 1 litar, kao i TERMOPAK 650 za zbirno pakovanje boca u termoskupljaju\u0107u foliju.<\/p>\n<p>U 2011. godini iz proizvodnje izlazi ma\u0161ina TRIBLOK 4500 V za Rusko tr\u017ei\u0161te (Baribino) dezinfekcija, punjenje i zatvaranje PET boca za mleko, kao i ma\u0161ina BLOKPAK 6000 MG za firmu Maraska iz Zadra.<\/p>\n<p>U 2012. godini iz proizvodnje izlaze TERMOPAK 12000 W za zbirno pakovanje boca u termoskupljaju\u0107u foliju kapaciteta 12000 na sat (wraparound), za firmu Meggle kao i ma\u0161ina MONOPAK 6000 05 UP clean za punjenje \u010da\u0161a za Rusko tr\u017ei\u0161te (Dumna) potom MONOPAK 1500 10 SS T UP clean za pakovanje sve\u017eeg sira u posude od 0,50 i 1,00 kg za Sarajevsku mlekaru Milkos a iz proizvodnje su iza\u0161le i dve linije PESET 4500 V TRIBLOK clean (Penza Rusija) i PESET 3000 F TRIBLOK clean (Rusija Losovo).<\/p>\n<p>2013-u godinu zapo\u010dinjemo novitetom u proizvodnji TRIBLOK 4500 F clean za pakovanje mleka, kefira, jogurta bez i sa komadi\u0107ima vo\u0107a (fluometrijsko doziranje) koju u liniji PESET 4500 F TRIBLOK clean isporu\u010dujemo Ni\u0161koj mlekaru (Srbija).<\/p>\n<p>U 2014. pored mnogobrojnih ma\u0161ina isporu\u010denih na teritoriji Evrope iz standardnog programa proizvodnje Pak Promet, radimo i ma\u0161ine PD 5000, Fiopak 400, PD 1000 mini, za kompaniju Meggle Srbija, koje slu\u017ee za punjenje maslina, cherry paprika itd., kao i termoforming ma\u0161inu za punjenje meda FORMOPAK 3000 koju isporu\u010dujemo u Kazakhstan, liniji PESET 1000 za Buzuluk, Rusija.<\/p>\n<p>U 2015. ulazimo tako\u0111e sa standardnim programom na podru\u010diju celog Balkana, kao i isporukom linije PESET 3000 F TRIBLOK clean sa roll fed etiketirkom ETPAK RF i zbrinim pakovanjem TERMOPAK 650 za mlekaru u Kalugi, Rusija, i linija PESET 1000 za kompaniju Zeleni bereq, Rusija, Zatvara\u010dica za mlekaru Zdenka Zdenci, tri ma\u0161ine za fetu isporu\u010dene mlekari Bella Nova, Vladi\u010din Han. Monopak 4500 05 02 UP clean za mlekaru Milk republic itd\u2026<\/p>\n<p>2016. godina po\u010dinje sa isporukom linije PESET 6000 F TRIBLOK ultra clean za melakru Orel, Rusija, tri ma\u0161ine za fetu za mlekaru HIT 73 u Makedoniji, Linijom PESET 1000 za mlekaru Galla Food iz Budimpe\u0161te, Ma\u0111arska, kao i etiketirkama roll fed ETPAK RF za renomiranu Srpsku kompaniju Knjaz Milo\u0161 I istovetna ma\u0161ina za mlekaru Tomsk, Rusija, linija PESET 1000 za kompaniju Aurora, Lu\u010dani i jo\u0161 dosta toga iz na\u0161eg proizvodnog programa..<\/p>\n<p>2017. Po\u010dinje isporukom ma\u0161ina Monopak 2000 S F UP za Feta sir mlekari Lazar Blace i Mlekari Saga M iz Slovenije. Isporu\u010duje se linija Monopak 900 za Cipiripi krem renomiranoj kompaniji Nestle, kao i kompletna linija PESET 6000 F ultra clean za mlekaru \u201c\u0411\u0435\u043b\u044b\u0439 \u043c\u0435\u0434\u0432\u0435\u0434\u044c\u201d, Rostov na Donu, Rusija. Sredinom prve polovine godine isporu\u010dujemo ma\u0161inu Monopak 2000 UP clean za feta sir, mlekari Valleta u Gu\u010di.<\/p>\n<p>2018. Pored izvoza za Rusiju, radimo ma\u0161ine za \u010da\u0161e MONOPAK 4500 za mlekaru Nocko Zivinice, Monopak 3000 za mlekaru Poljorad u Travniku, liniju za sokove Makedonskoj firmi Anima.. Pored standardnog programa razvijamo kompletnu liniju za Feta sir, sa tunelom za koagulaciju koju isporu\u010dujemo mlekari Saga M u Sloveniji. Krajem 2018 isporu\u010dujemo i dve linije za namazne ABC sireve za mlekaru Belje, Beli Manastir, ma\u0161inu za Vitavita sokove u pra\u0161kastom obliku za kompaniju Bahus, liniju za etiketiranje sokova za Mirotin group Vrbas, Liniju za vakumsko punjenje u kapacitetu od 4500 na sat za Rusku mlekaru Uvarovo, ma\u0161inu za sitan sir Mlekari Dukat Hrvatska\u2026<\/p>\n<p>2019. Proizvodimo liniju PESET 4500 za Rusko tr\u017ei\u0161te, sa flouometrijskim doziranjem, ma\u0161inu DOZOPAK 1000 UP 5L kao i MONOPAK 1000 T UP 5L obe za vi\u0161e vrsta ambala\u017ea za mlekaru Mihajlovi\u0107 Para\u0107in, dve linije za \u010da\u0161e 6000 na sat i 3000 na sat u clean varijanti za mlekaru Kruna Komerc, ispira\u010dicu za boce PERPAK u kapacitetu 8000 boca na sat za mlekaru Granice, ma\u0161inu FORMOPAK za med kupcu u Kazakstan\u2026<\/p>\n<p>U 2020-u godinu ulazimo sa projektom za mlekaru PADJANI, Bile\u0107a (BiH), gde radimo 4 vrste Monopaka za \u010da\u0161e i posude u kapacitetu od 1500 do 9000 na sat, kompletnu liniju za boce 4500 uklju\u010duju\u0107i Triblok 4500 F clean, ma\u0161inu za termosliviranje boca TESPAK 9000 i ektikeritku ETPAK RF &#8211; Roll Feed za potpuno obmotavanje PP etiketom, istovetnu etiketirku Roll feed isporu\u010dujemo i renomiranoj kompaniji NIS AD u sklopu kompanije JAZAK za punjenje vode. Pored toga isporu\u010dujemo i liniju za boce kapaciteta 1000 na sat za penu\u0161avu vrstu te\u010dnosti sa dozatorima koji se spu\u0161taju na dno boce &#8211; firmi Zdravlje Leskovac, tako\u0111e liniju 1000 za boce firmi Grab \u2013 Ko\u0161tuni\u0107i, poluautomatsku ma\u0161inu Monopak 1000 za zatvaranje \u0161e\u0107erne vune firmi Bahus Para\u0107in itd\u2026<\/p>\n<p>2021. U proizvodnji je ma\u0161ine MONOPAK 1500 3D za punjenje vo\u0107a i jogurta u jednom delu i kran\u010da u drugom delu posude, MONOPAK 4500 05 2D za punjenje humusa u posude sa dodatkom dozatorom za za\u010dina . MONOPAK 1000 20P T clean za punjenje kiselomle\u010dnih proizvoda u kantice do 2 litra, liniju PESET 4500 F TRIBLOK clean za punjenje mleka I mle\u010dnih preradjevina u PET boce, liniju PESET 1000 za punjenje meda u staklen tegle I etiketiranje tegle\u2026<\/p>\n<p>U \u010detvrtoj smo deceniji postojanja.<\/p>\n<h3>I idemo dalje&#8230;<\/h3>\n<p>[\/vc_column_text]<div class=\"mf-empty-space \" style=\"\"><div class=\"mf_empty_space_lg\"  style=\"height: 50px\"><\/div><div class=\"mf_empty_space_md\"  style=\"height: 50px\"><\/div><div class=\"mf_empty_space_xs\"  style=\"height: 50px\"><\/div><\/div>[\/vc_column][\/vc_row][vc_row][vc_column][vc_images_carousel images=&#8221;6843,6844,6845,6846,6847,6848,6849,6850,6851,6852,6853,6854,6855,6856,6857,6858,6859,6860,6861&#8243; img_size=&#8221;full&#8221; speed=&#8221;2500&#8243; slides_per_view=&#8221;2&#8243; autoplay=&#8221;yes&#8221; hide_pagination_control=&#8221;yes&#8221; wrap=&#8221;yes&#8221;]<div class=\"mf-empty-space \" style=\"\"><div class=\"mf_empty_space_lg\"  style=\"height: 50px\"><\/div><div class=\"mf_empty_space_md\"  style=\"height: 50px\"><\/div><div class=\"mf_empty_space_xs\"  style=\"height: 50px\"><\/div><\/div>[\/vc_column][\/vc_row]<\/p>\n","protected":false},"excerpt":{"rendered":"<p>[vc_row][vc_column][\/vc_column][\/vc_row][vc_row][vc_column width=&#8221;2\/3&#8243;][vc_video link=&#8221;https:\/\/youtu.be\/VnN03tDY2lY&#8221;][\/vc_column][vc_column width=&#8221;1\/3&#8243;][vc_custom_heading text=&#8221;Vode\u0107a smo kompanija na ovom polju, pru\u017eamo specifi\u010dna rje\u0161enja za sve na\u0161e kupce.&#8221; font_container=&#8221;tag:h2|font_size:20|text_align:left&#8221; use_theme_fonts=&#8221;yes&#8221; el_class=&#8221;fw-medium&#8221; css=&#8221;.vc_custom_1618604615513{margin-top: 0px !important;margin-bottom: 0px !important;}&#8221;][vc_column_text]Anga\u017eujemo preko 70 zaoslenih, koji \u010dini veliki broj stru\u010dnjaka u obalsti proizvodnje ma\u0161ina u prehrambenoj industriji.[\/vc_column_text][vc_column_text] Milan Jovanovi\u0107 Direktor [\/vc_column_text][\/vc_column][\/vc_row][vc_row][vc_column width=&#8221;1\/2&#8243;][\/vc_column][vc_column width=&#8221;1\/2&#8243;][\/vc_column][\/vc_row][vc_row][vc_column][vc_column_text]Preduze\u0107e Pak Promet d.o.o. je osnovano 01.06.1989. godine u Kragujevcu. [&hellip;]<\/p>\n","protected":false},"author":1,"featured_media":0,"parent":0,"menu_order":0,"comment_status":"closed","ping_status":"closed","template":"template-fullwidth.php","meta":{"footnotes":""},"class_list":["post-32","page","type-page","status-publish","hentry","no-thumb"],"_links":{"self":[{"href":"https:\/\/test.pakpromet.com\/index.php\/wp-json\/wp\/v2\/pages\/32","targetHints":{"allow":["GET"]}}],"collection":[{"href":"https:\/\/test.pakpromet.com\/index.php\/wp-json\/wp\/v2\/pages"}],"about":[{"href":"https:\/\/test.pakpromet.com\/index.php\/wp-json\/wp\/v2\/types\/page"}],"author":[{"embeddable":true,"href":"https:\/\/test.pakpromet.com\/index.php\/wp-json\/wp\/v2\/users\/1"}],"replies":[{"embeddable":true,"href":"https:\/\/test.pakpromet.com\/index.php\/wp-json\/wp\/v2\/comments?post=32"}],"version-history":[{"count":123,"href":"https:\/\/test.pakpromet.com\/index.php\/wp-json\/wp\/v2\/pages\/32\/revisions"}],"predecessor-version":[{"id":7455,"href":"https:\/\/test.pakpromet.com\/index.php\/wp-json\/wp\/v2\/pages\/32\/revisions\/7455"}],"wp:attachment":[{"href":"https:\/\/test.pakpromet.com\/index.php\/wp-json\/wp\/v2\/media?parent=32"}],"curies":[{"name":"wp","href":"https:\/\/api.w.org\/{rel}","templated":true}]}}